{"id":9506,"date":"2023-09-27T14:58:13","date_gmt":"2023-09-27T11:58:13","guid":{"rendered":"https:\/\/vasexperts.com\/?page_id=9506"},"modified":"2026-03-13T13:42:31","modified_gmt":"2026-03-13T10:42:31","slug":"epdg","status":"publish","type":"page","link":"https:\/\/vasexperts.com\/fr\/products\/epdg\/","title":{"rendered":"ePDG"},"content":{"rendered":"","protected":false},"excerpt":{"rendered":"","protected":false},"author":7,"featured_media":0,"parent":288,"menu_order":0,"comment_status":"closed","ping_status":"closed","template":"","meta":{"footnotes":""},"class_list":["post-9506","page","type-page","status-publish","hentry"],"yoast_head":"<!-- This site is optimized with the Yoast SEO plugin v23.1 - https:\/\/yoast.com\/wordpress\/plugins\/seo\/ -->\n<title>(English) VASExperts<\/title>\n<meta name=\"robots\" content=\"index, follow, max-snippet:-1, max-image-preview:large, max-video-preview:-1\" \/>\n<script type=\"application\/ld+json\" class=\"yoast-schema-graph\">{\"@context\":\"https:\/\/schema.org\",\"@graph\":[{\"@type\":\"WebPage\",\"@id\":\"https:\/\/vasexperts.com\/products\/epdg\/\",\"url\":\"https:\/\/vasexperts.com\/products\/epdg\/\",\"name\":\"[:en]ePDG (Evolved Packet Data Gateway) | VAS Experts[:es]ePDG (Evolved Packet Data Gateway) | VAS Experts[:fr]ePDG (Evolved Packet Data Gateway) | VAS Experts[:br]ePDG (Evolved Packet Data Gateway) | VAS Experts\",\"isPartOf\":{\"@id\":\"https:\/\/vasexperts.com\/#website\"},\"datePublished\":\"2023-09-27T11:58:13+00:00\",\"dateModified\":\"2026-03-13T10:42:31+00:00\",\"description\":\"[:en]Request a product demo for launching WiFi Calling (VoWiFi) service in MVNOs, its working scheme and application cases[:es]Solicite una demostraci\u00f3n de producto para el lanzamiento del servicio de llamadas WiFi (VoWiFi) en OMV, su esquema de funcionamiento y casos de aplicaci\u00f3n[:fr]Demander une d\u00e9monstration de produit pour le lancement du service WiFi Calling (VoWiFi) dans les MVNO, son sch\u00e9ma de fonctionnement et ses cas d'application[:br]Solicite uma demonstra\u00e7\u00e3o do produto para lan\u00e7ar o servi\u00e7o WiFi Calling (VoWiFi) em MVNOs, seu esquema de trabalho e casos de aplica\u00e7\u00e3o\",\"breadcrumb\":{\"@id\":\"https:\/\/vasexperts.com\/products\/epdg\/#breadcrumb\"},\"inLanguage\":\"fr-FR\",\"potentialAction\":[{\"@type\":\"ReadAction\",\"target\":[\"https:\/\/vasexperts.com\/products\/epdg\/\"]}]},{\"@type\":\"BreadcrumbList\",\"@id\":\"https:\/\/vasexperts.com\/products\/epdg\/#breadcrumb\",\"itemListElement\":[{\"@type\":\"ListItem\",\"position\":1,\"name\":\"\u0413\u043b\u0430\u0432\u043d\u0430\u044f \u0441\u0442\u0440\u0430\u043d\u0438\u0446\u0430\",\"item\":\"https:\/\/vasexperts.com\/\"},{\"@type\":\"ListItem\",\"position\":2,\"name\":\"Products\",\"item\":\"https:\/\/vasexperts.com\/products\/\"},{\"@type\":\"ListItem\",\"position\":3,\"name\":\"ePDG\"}]},{\"@type\":\"WebSite\",\"@id\":\"https:\/\/vasexperts.com\/#website\",\"url\":\"https:\/\/vasexperts.com\/\",\"name\":\"ITGLOBAL.COM\",\"description\":\"(English) VASExperts\",\"inLanguage\":\"fr-FR\"}]}<\/script>\n<!-- \/ Yoast SEO plugin. -->","yoast_head_json":{"title":"(English) VASExperts","robots":{"index":"index","follow":"follow","max-snippet":"max-snippet:-1","max-image-preview":"max-image-preview:large","max-video-preview":"max-video-preview:-1"},"schema":{"@context":"https:\/\/schema.org","@graph":[{"@type":"WebPage","@id":"https:\/\/vasexperts.com\/products\/epdg\/","url":"https:\/\/vasexperts.com\/products\/epdg\/","name":"[:en]ePDG (Evolved Packet Data Gateway) | VAS Experts[:es]ePDG (Evolved Packet Data Gateway) | VAS Experts[:fr]ePDG (Evolved Packet Data Gateway) | VAS Experts[:br]ePDG (Evolved Packet Data Gateway) | VAS Experts","isPartOf":{"@id":"https:\/\/vasexperts.com\/#website"},"datePublished":"2023-09-27T11:58:13+00:00","dateModified":"2026-03-13T10:42:31+00:00","description":"[:en]Request a product demo for launching WiFi Calling (VoWiFi) service in MVNOs, its working scheme and application cases[:es]Solicite una demostraci\u00f3n de producto para el lanzamiento del servicio de llamadas WiFi (VoWiFi) en OMV, su esquema de funcionamiento y casos de aplicaci\u00f3n[:fr]Demander une d\u00e9monstration de produit pour le lancement du service WiFi Calling (VoWiFi) dans les MVNO, son sch\u00e9ma de fonctionnement et ses cas d'application[:br]Solicite uma demonstra\u00e7\u00e3o do produto para lan\u00e7ar o servi\u00e7o WiFi Calling (VoWiFi) em MVNOs, seu esquema de trabalho e casos de aplica\u00e7\u00e3o","breadcrumb":{"@id":"https:\/\/vasexperts.com\/products\/epdg\/#breadcrumb"},"inLanguage":"fr-FR","potentialAction":[{"@type":"ReadAction","target":["https:\/\/vasexperts.com\/products\/epdg\/"]}]},{"@type":"BreadcrumbList","@id":"https:\/\/vasexperts.com\/products\/epdg\/#breadcrumb","itemListElement":[{"@type":"ListItem","position":1,"name":"\u0413\u043b\u0430\u0432\u043d\u0430\u044f \u0441\u0442\u0440\u0430\u043d\u0438\u0446\u0430","item":"https:\/\/vasexperts.com\/"},{"@type":"ListItem","position":2,"name":"Products","item":"https:\/\/vasexperts.com\/products\/"},{"@type":"ListItem","position":3,"name":"ePDG"}]},{"@type":"WebSite","@id":"https:\/\/vasexperts.com\/#website","url":"https:\/\/vasexperts.com\/","name":"ITGLOBAL.COM","description":"(English) VASExperts","inLanguage":"fr-FR"}]}},"_links":{"self":[{"href":"https:\/\/vasexperts.com\/fr\/wp-json\/wp\/v2\/pages\/9506"}],"collection":[{"href":"https:\/\/vasexperts.com\/fr\/wp-json\/wp\/v2\/pages"}],"about":[{"href":"https:\/\/vasexperts.com\/fr\/wp-json\/wp\/v2\/types\/page"}],"author":[{"embeddable":true,"href":"https:\/\/vasexperts.com\/fr\/wp-json\/wp\/v2\/users\/7"}],"replies":[{"embeddable":true,"href":"https:\/\/vasexperts.com\/fr\/wp-json\/wp\/v2\/comments?post=9506"}],"version-history":[{"count":8,"href":"https:\/\/vasexperts.com\/fr\/wp-json\/wp\/v2\/pages\/9506\/revisions"}],"predecessor-version":[{"id":14055,"href":"https:\/\/vasexperts.com\/fr\/wp-json\/wp\/v2\/pages\/9506\/revisions\/14055"}],"up":[{"embeddable":true,"href":"https:\/\/vasexperts.com\/fr\/wp-json\/wp\/v2\/pages\/288"}],"wp:attachment":[{"href":"https:\/\/vasexperts.com\/fr\/wp-json\/wp\/v2\/media?parent=9506"}],"curies":[{"name":"wp","href":"https:\/\/api.w.org\/{rel}","templated":true}]}}