{"id":9398,"date":"2023-08-25T12:35:37","date_gmt":"2023-08-25T09:35:37","guid":{"rendered":"https:\/\/vasexperts.com\/?page_id=9398"},"modified":"2025-02-07T10:56:05","modified_gmt":"2025-02-07T07:56:05","slug":"itpod","status":"publish","type":"page","link":"https:\/\/vasexperts.com\/fr\/solutions\/itpod\/","title":{"rendered":"Solutions mat\u00e9rielles ITPOD"},"content":{"rendered":"","protected":false},"excerpt":{"rendered":"","protected":false},"author":7,"featured_media":0,"parent":290,"menu_order":0,"comment_status":"closed","ping_status":"closed","template":"","meta":{"footnotes":""},"class_list":["post-9398","page","type-page","status-publish","hentry"],"yoast_head":"<!-- This site is optimized with the Yoast SEO plugin v23.1 - https:\/\/yoast.com\/wordpress\/plugins\/seo\/ -->\n<title>(English) VASExperts<\/title>\n<meta name=\"robots\" content=\"index, follow, max-snippet:-1, max-image-preview:large, max-video-preview:-1\" \/>\n<script type=\"application\/ld+json\" class=\"yoast-schema-graph\">{\"@context\":\"https:\/\/schema.org\",\"@graph\":[{\"@type\":\"WebPage\",\"@id\":\"https:\/\/vasexperts.com\/solutions\/itpod\/\",\"url\":\"https:\/\/vasexperts.com\/solutions\/itpod\/\",\"name\":\"[:en]Stingray Service Gateway on ITPOD hardware \u2014 VAS Experts[:es]Stingray Service Gateway en hardware ITPOD \u2014 VAS Experts[:fr]Stingray Service Gateway sur le mat\u00e9riel ITPOD \u2014 VAS Experts[:br]Stingray Service Gateway no hardware ITPOD - VAS Experts\",\"isPartOf\":{\"@id\":\"https:\/\/vasexperts.com\/#website\"},\"datePublished\":\"2023-08-25T09:35:37+00:00\",\"dateModified\":\"2025-02-07T07:56:05+00:00\",\"description\":\"[:en]Order testing of service provider products from VAS Experts on proven ITPOD server hardware[:es]Solicite pruebas de productos con los proveedores de servicios de VAS Experts para servidores ITPOD[:fr]Tester les produits des fournisseurs de services de VAS Experts sur du mat\u00e9riel serveur ITPOD \u00e9prouv\u00e9[:br]Teste de pedidos de produtos de provedores de servi\u00e7os da VAS Experts em hardware de servidor ITPOD comprovado\",\"breadcrumb\":{\"@id\":\"https:\/\/vasexperts.com\/solutions\/itpod\/#breadcrumb\"},\"inLanguage\":\"fr-FR\",\"potentialAction\":[{\"@type\":\"ReadAction\",\"target\":[\"https:\/\/vasexperts.com\/solutions\/itpod\/\"]}]},{\"@type\":\"BreadcrumbList\",\"@id\":\"https:\/\/vasexperts.com\/solutions\/itpod\/#breadcrumb\",\"itemListElement\":[{\"@type\":\"ListItem\",\"position\":1,\"name\":\"\u0413\u043b\u0430\u0432\u043d\u0430\u044f \u0441\u0442\u0440\u0430\u043d\u0438\u0446\u0430\",\"item\":\"https:\/\/vasexperts.com\/\"},{\"@type\":\"ListItem\",\"position\":2,\"name\":\"Solutions\",\"item\":\"https:\/\/vasexperts.com\/solutions\/\"},{\"@type\":\"ListItem\",\"position\":3,\"name\":\"ITPOD hardware solutions\"}]},{\"@type\":\"WebSite\",\"@id\":\"https:\/\/vasexperts.com\/#website\",\"url\":\"https:\/\/vasexperts.com\/\",\"name\":\"ITGLOBAL.COM\",\"description\":\"(English) VASExperts\",\"inLanguage\":\"fr-FR\"}]}<\/script>\n<!-- \/ Yoast SEO plugin. -->","yoast_head_json":{"title":"(English) VASExperts","robots":{"index":"index","follow":"follow","max-snippet":"max-snippet:-1","max-image-preview":"max-image-preview:large","max-video-preview":"max-video-preview:-1"},"schema":{"@context":"https:\/\/schema.org","@graph":[{"@type":"WebPage","@id":"https:\/\/vasexperts.com\/solutions\/itpod\/","url":"https:\/\/vasexperts.com\/solutions\/itpod\/","name":"[:en]Stingray Service Gateway on ITPOD hardware \u2014 VAS Experts[:es]Stingray Service Gateway en hardware ITPOD \u2014 VAS Experts[:fr]Stingray Service Gateway sur le mat\u00e9riel ITPOD \u2014 VAS Experts[:br]Stingray Service Gateway no hardware ITPOD - VAS Experts","isPartOf":{"@id":"https:\/\/vasexperts.com\/#website"},"datePublished":"2023-08-25T09:35:37+00:00","dateModified":"2025-02-07T07:56:05+00:00","description":"[:en]Order testing of service provider products from VAS Experts on proven ITPOD server hardware[:es]Solicite pruebas de productos con los proveedores de servicios de VAS Experts para servidores ITPOD[:fr]Tester les produits des fournisseurs de services de VAS Experts sur du mat\u00e9riel serveur ITPOD \u00e9prouv\u00e9[:br]Teste de pedidos de produtos de provedores de servi\u00e7os da VAS Experts em hardware de servidor ITPOD comprovado","breadcrumb":{"@id":"https:\/\/vasexperts.com\/solutions\/itpod\/#breadcrumb"},"inLanguage":"fr-FR","potentialAction":[{"@type":"ReadAction","target":["https:\/\/vasexperts.com\/solutions\/itpod\/"]}]},{"@type":"BreadcrumbList","@id":"https:\/\/vasexperts.com\/solutions\/itpod\/#breadcrumb","itemListElement":[{"@type":"ListItem","position":1,"name":"\u0413\u043b\u0430\u0432\u043d\u0430\u044f \u0441\u0442\u0440\u0430\u043d\u0438\u0446\u0430","item":"https:\/\/vasexperts.com\/"},{"@type":"ListItem","position":2,"name":"Solutions","item":"https:\/\/vasexperts.com\/solutions\/"},{"@type":"ListItem","position":3,"name":"ITPOD hardware solutions"}]},{"@type":"WebSite","@id":"https:\/\/vasexperts.com\/#website","url":"https:\/\/vasexperts.com\/","name":"ITGLOBAL.COM","description":"(English) VASExperts","inLanguage":"fr-FR"}]}},"_links":{"self":[{"href":"https:\/\/vasexperts.com\/fr\/wp-json\/wp\/v2\/pages\/9398"}],"collection":[{"href":"https:\/\/vasexperts.com\/fr\/wp-json\/wp\/v2\/pages"}],"about":[{"href":"https:\/\/vasexperts.com\/fr\/wp-json\/wp\/v2\/types\/page"}],"author":[{"embeddable":true,"href":"https:\/\/vasexperts.com\/fr\/wp-json\/wp\/v2\/users\/7"}],"replies":[{"embeddable":true,"href":"https:\/\/vasexperts.com\/fr\/wp-json\/wp\/v2\/comments?post=9398"}],"version-history":[{"count":9,"href":"https:\/\/vasexperts.com\/fr\/wp-json\/wp\/v2\/pages\/9398\/revisions"}],"predecessor-version":[{"id":11417,"href":"https:\/\/vasexperts.com\/fr\/wp-json\/wp\/v2\/pages\/9398\/revisions\/11417"}],"up":[{"embeddable":true,"href":"https:\/\/vasexperts.com\/fr\/wp-json\/wp\/v2\/pages\/290"}],"wp:attachment":[{"href":"https:\/\/vasexperts.com\/fr\/wp-json\/wp\/v2\/media?parent=9398"}],"curies":[{"name":"wp","href":"https:\/\/api.w.org\/{rel}","templated":true}]}}