{"id":6927,"date":"2022-03-03T18:36:22","date_gmt":"2022-03-03T15:36:22","guid":{"rendered":"https:\/\/vasexperts.com\/?page_id=6927"},"modified":"2025-08-01T11:24:18","modified_gmt":"2025-08-01T08:24:18","slug":"sign-in","status":"publish","type":"page","link":"https:\/\/vasexperts.com\/fr\/sign-in\/","title":{"rendered":"S&rsquo;identifier"},"content":{"rendered":"","protected":false},"excerpt":{"rendered":"","protected":false},"author":7,"featured_media":0,"parent":0,"menu_order":0,"comment_status":"closed","ping_status":"closed","template":"sign-in.php","meta":{"footnotes":""},"class_list":["post-6927","page","type-page","status-publish","hentry"],"yoast_head":"<!-- This site is optimized with the Yoast SEO plugin v23.1 - https:\/\/yoast.com\/wordpress\/plugins\/seo\/ -->\n<title>(English) VASExperts<\/title>\n<meta name=\"robots\" content=\"index, follow, max-snippet:-1, max-image-preview:large, max-video-preview:-1\" \/>\n<script type=\"application\/ld+json\" class=\"yoast-schema-graph\">{\"@context\":\"https:\/\/schema.org\",\"@graph\":[{\"@type\":\"WebPage\",\"@id\":\"https:\/\/vasexperts.com\/sign-in\/\",\"url\":\"https:\/\/vasexperts.com\/sign-in\/\",\"name\":\"[:en]Sign In - Personal account at VAS Experts[:es]Iniciar sesi\u00f3n - Cuenta personal en VAS Experts[:fr]S'identifier - Compte personnel \u00e0 VAS Experts[:br]Entrar - Conta pessoal na VAS Experts\",\"isPartOf\":{\"@id\":\"https:\/\/vasexperts.com\/#website\"},\"datePublished\":\"2022-03-03T15:36:22+00:00\",\"dateModified\":\"2025-08-01T08:24:18+00:00\",\"description\":\"[:en]Get access to a free trial software solution for ISP. If you don't have an account yet, please leave a request.[:es]Acceda a una soluci\u00f3n de software de prueba gratuita para ISP. Si todav\u00eda no tiene una cuenta, deje una solicitud.[:fr]Obtenez l'acc\u00e8s \u00e0 une solution logicielle d'essai gratuite pour ISP. Si vous n'avez pas encore de compte, veuillez laisser une demande.[:br]Tenha acesso a uma solu\u00e7\u00e3o de software de teste gratuita para ISP. Se voc\u00ea ainda n\u00e3o possui uma conta, deixe uma solicita\u00e7\u00e3o.\",\"breadcrumb\":{\"@id\":\"https:\/\/vasexperts.com\/sign-in\/#breadcrumb\"},\"inLanguage\":\"fr-FR\",\"potentialAction\":[{\"@type\":\"ReadAction\",\"target\":[\"https:\/\/vasexperts.com\/sign-in\/\"]}]},{\"@type\":\"BreadcrumbList\",\"@id\":\"https:\/\/vasexperts.com\/sign-in\/#breadcrumb\",\"itemListElement\":[{\"@type\":\"ListItem\",\"position\":1,\"name\":\"\u0413\u043b\u0430\u0432\u043d\u0430\u044f \u0441\u0442\u0440\u0430\u043d\u0438\u0446\u0430\",\"item\":\"https:\/\/vasexperts.com\/\"},{\"@type\":\"ListItem\",\"position\":2,\"name\":\"Sign In\"}]},{\"@type\":\"WebSite\",\"@id\":\"https:\/\/vasexperts.com\/#website\",\"url\":\"https:\/\/vasexperts.com\/\",\"name\":\"ITGLOBAL.COM\",\"description\":\"(English) VASExperts\",\"inLanguage\":\"fr-FR\"}]}<\/script>\n<!-- \/ Yoast SEO plugin. -->","yoast_head_json":{"title":"(English) VASExperts","robots":{"index":"index","follow":"follow","max-snippet":"max-snippet:-1","max-image-preview":"max-image-preview:large","max-video-preview":"max-video-preview:-1"},"schema":{"@context":"https:\/\/schema.org","@graph":[{"@type":"WebPage","@id":"https:\/\/vasexperts.com\/sign-in\/","url":"https:\/\/vasexperts.com\/sign-in\/","name":"[:en]Sign In - Personal account at VAS Experts[:es]Iniciar sesi\u00f3n - Cuenta personal en VAS Experts[:fr]S'identifier - Compte personnel \u00e0 VAS Experts[:br]Entrar - Conta pessoal na VAS Experts","isPartOf":{"@id":"https:\/\/vasexperts.com\/#website"},"datePublished":"2022-03-03T15:36:22+00:00","dateModified":"2025-08-01T08:24:18+00:00","description":"[:en]Get access to a free trial software solution for ISP. If you don't have an account yet, please leave a request.[:es]Acceda a una soluci\u00f3n de software de prueba gratuita para ISP. Si todav\u00eda no tiene una cuenta, deje una solicitud.[:fr]Obtenez l'acc\u00e8s \u00e0 une solution logicielle d'essai gratuite pour ISP. Si vous n'avez pas encore de compte, veuillez laisser une demande.[:br]Tenha acesso a uma solu\u00e7\u00e3o de software de teste gratuita para ISP. Se voc\u00ea ainda n\u00e3o possui uma conta, deixe uma solicita\u00e7\u00e3o.","breadcrumb":{"@id":"https:\/\/vasexperts.com\/sign-in\/#breadcrumb"},"inLanguage":"fr-FR","potentialAction":[{"@type":"ReadAction","target":["https:\/\/vasexperts.com\/sign-in\/"]}]},{"@type":"BreadcrumbList","@id":"https:\/\/vasexperts.com\/sign-in\/#breadcrumb","itemListElement":[{"@type":"ListItem","position":1,"name":"\u0413\u043b\u0430\u0432\u043d\u0430\u044f \u0441\u0442\u0440\u0430\u043d\u0438\u0446\u0430","item":"https:\/\/vasexperts.com\/"},{"@type":"ListItem","position":2,"name":"Sign In"}]},{"@type":"WebSite","@id":"https:\/\/vasexperts.com\/#website","url":"https:\/\/vasexperts.com\/","name":"ITGLOBAL.COM","description":"(English) VASExperts","inLanguage":"fr-FR"}]}},"_links":{"self":[{"href":"https:\/\/vasexperts.com\/fr\/wp-json\/wp\/v2\/pages\/6927"}],"collection":[{"href":"https:\/\/vasexperts.com\/fr\/wp-json\/wp\/v2\/pages"}],"about":[{"href":"https:\/\/vasexperts.com\/fr\/wp-json\/wp\/v2\/types\/page"}],"author":[{"embeddable":true,"href":"https:\/\/vasexperts.com\/fr\/wp-json\/wp\/v2\/users\/7"}],"replies":[{"embeddable":true,"href":"https:\/\/vasexperts.com\/fr\/wp-json\/wp\/v2\/comments?post=6927"}],"version-history":[{"count":4,"href":"https:\/\/vasexperts.com\/fr\/wp-json\/wp\/v2\/pages\/6927\/revisions"}],"predecessor-version":[{"id":12050,"href":"https:\/\/vasexperts.com\/fr\/wp-json\/wp\/v2\/pages\/6927\/revisions\/12050"}],"wp:attachment":[{"href":"https:\/\/vasexperts.com\/fr\/wp-json\/wp\/v2\/media?parent=6927"}],"curies":[{"name":"wp","href":"https:\/\/api.w.org\/{rel}","templated":true}]}}