{"id":5792,"date":"2021-10-18T17:38:00","date_gmt":"2021-10-18T14:38:00","guid":{"rendered":"https:\/\/vasexperts.com\/?page_id=5792"},"modified":"2025-08-28T14:59:20","modified_gmt":"2025-08-28T11:59:20","slug":"bras-special-offer","status":"publish","type":"page","link":"https:\/\/vasexperts.com\/fr\/bras-special-offer\/","title":{"rendered":"Offre sp\u00e9ciale BNG et CG-NAT"},"content":{"rendered":"","protected":false},"excerpt":{"rendered":"","protected":false},"author":7,"featured_media":0,"parent":0,"menu_order":0,"comment_status":"closed","ping_status":"closed","template":"","meta":{"footnotes":""},"class_list":["post-5792","page","type-page","status-publish","hentry"],"yoast_head":"<!-- This site is optimized with the Yoast SEO plugin v23.1 - https:\/\/yoast.com\/wordpress\/plugins\/seo\/ -->\n<title>(English) VASExperts<\/title>\n<meta name=\"robots\" content=\"index, follow, max-snippet:-1, max-image-preview:large, max-video-preview:-1\" \/>\n<script type=\"application\/ld+json\" class=\"yoast-schema-graph\">{\"@context\":\"https:\/\/schema.org\",\"@graph\":[{\"@type\":\"WebPage\",\"@id\":\"https:\/\/vasexperts.com\/bras-special-offer\/\",\"url\":\"https:\/\/vasexperts.com\/bras-special-offer\/\",\"name\":\"[:en]BNG and CG-NAT Special Offer \u2014 VAS Experts[:es]Oferta especial BRAS y CG-NAT \u2014 VAS Experts[:fr]Offre sp\u00e9ciale BNG et CG-NAT \u2014 VAS Experts[:br]Oferta especial da BNG e CG-NAT \u2014 VAS Experts\",\"isPartOf\":{\"@id\":\"https:\/\/vasexperts.com\/#website\"},\"datePublished\":\"2021-10-18T14:38:00+00:00\",\"dateModified\":\"2025-08-28T11:59:20+00:00\",\"description\":\"[:en]We offer a complex solution that includes implementing the software product and allows reducing the capital expenses of the ISP[:es]Ofrecemos una soluci\u00f3n compleja que incluye la implementaci\u00f3n del producto de software y permite reducir al mismo tiempo los gastos de capital del ISP[:fr]Nous proposons une solution complexe qui ne n\u00e9cessite pas la mise en \u0153uvre du produit logiciel et permet en m\u00eame temps de r\u00e9duire les co\u00fbts d'investissement du FAI[:br]Oferecemos uma solu\u00e7\u00e3o complexa que inclui a implementa\u00e7\u00e3o do produto de software e permite reduzir as despesas de capital do ISP.\",\"breadcrumb\":{\"@id\":\"https:\/\/vasexperts.com\/bras-special-offer\/#breadcrumb\"},\"inLanguage\":\"fr-FR\",\"potentialAction\":[{\"@type\":\"ReadAction\",\"target\":[\"https:\/\/vasexperts.com\/bras-special-offer\/\"]}]},{\"@type\":\"BreadcrumbList\",\"@id\":\"https:\/\/vasexperts.com\/bras-special-offer\/#breadcrumb\",\"itemListElement\":[{\"@type\":\"ListItem\",\"position\":1,\"name\":\"\u0413\u043b\u0430\u0432\u043d\u0430\u044f \u0441\u0442\u0440\u0430\u043d\u0438\u0446\u0430\",\"item\":\"https:\/\/vasexperts.com\/\"},{\"@type\":\"ListItem\",\"position\":2,\"name\":\"BNG and CG-NAT Special Offer\"}]},{\"@type\":\"WebSite\",\"@id\":\"https:\/\/vasexperts.com\/#website\",\"url\":\"https:\/\/vasexperts.com\/\",\"name\":\"ITGLOBAL.COM\",\"description\":\"(English) VASExperts\",\"inLanguage\":\"fr-FR\"}]}<\/script>\n<!-- \/ Yoast SEO plugin. -->","yoast_head_json":{"title":"(English) VASExperts","robots":{"index":"index","follow":"follow","max-snippet":"max-snippet:-1","max-image-preview":"max-image-preview:large","max-video-preview":"max-video-preview:-1"},"schema":{"@context":"https:\/\/schema.org","@graph":[{"@type":"WebPage","@id":"https:\/\/vasexperts.com\/bras-special-offer\/","url":"https:\/\/vasexperts.com\/bras-special-offer\/","name":"[:en]BNG and CG-NAT Special Offer \u2014 VAS Experts[:es]Oferta especial BRAS y CG-NAT \u2014 VAS Experts[:fr]Offre sp\u00e9ciale BNG et CG-NAT \u2014 VAS Experts[:br]Oferta especial da BNG e CG-NAT \u2014 VAS Experts","isPartOf":{"@id":"https:\/\/vasexperts.com\/#website"},"datePublished":"2021-10-18T14:38:00+00:00","dateModified":"2025-08-28T11:59:20+00:00","description":"[:en]We offer a complex solution that includes implementing the software product and allows reducing the capital expenses of the ISP[:es]Ofrecemos una soluci\u00f3n compleja que incluye la implementaci\u00f3n del producto de software y permite reducir al mismo tiempo los gastos de capital del ISP[:fr]Nous proposons une solution complexe qui ne n\u00e9cessite pas la mise en \u0153uvre du produit logiciel et permet en m\u00eame temps de r\u00e9duire les co\u00fbts d'investissement du FAI[:br]Oferecemos uma solu\u00e7\u00e3o complexa que inclui a implementa\u00e7\u00e3o do produto de software e permite reduzir as despesas de capital do ISP.","breadcrumb":{"@id":"https:\/\/vasexperts.com\/bras-special-offer\/#breadcrumb"},"inLanguage":"fr-FR","potentialAction":[{"@type":"ReadAction","target":["https:\/\/vasexperts.com\/bras-special-offer\/"]}]},{"@type":"BreadcrumbList","@id":"https:\/\/vasexperts.com\/bras-special-offer\/#breadcrumb","itemListElement":[{"@type":"ListItem","position":1,"name":"\u0413\u043b\u0430\u0432\u043d\u0430\u044f \u0441\u0442\u0440\u0430\u043d\u0438\u0446\u0430","item":"https:\/\/vasexperts.com\/"},{"@type":"ListItem","position":2,"name":"BNG and CG-NAT Special Offer"}]},{"@type":"WebSite","@id":"https:\/\/vasexperts.com\/#website","url":"https:\/\/vasexperts.com\/","name":"ITGLOBAL.COM","description":"(English) VASExperts","inLanguage":"fr-FR"}]}},"_links":{"self":[{"href":"https:\/\/vasexperts.com\/fr\/wp-json\/wp\/v2\/pages\/5792"}],"collection":[{"href":"https:\/\/vasexperts.com\/fr\/wp-json\/wp\/v2\/pages"}],"about":[{"href":"https:\/\/vasexperts.com\/fr\/wp-json\/wp\/v2\/types\/page"}],"author":[{"embeddable":true,"href":"https:\/\/vasexperts.com\/fr\/wp-json\/wp\/v2\/users\/7"}],"replies":[{"embeddable":true,"href":"https:\/\/vasexperts.com\/fr\/wp-json\/wp\/v2\/comments?post=5792"}],"version-history":[{"count":10,"href":"https:\/\/vasexperts.com\/fr\/wp-json\/wp\/v2\/pages\/5792\/revisions"}],"predecessor-version":[{"id":13185,"href":"https:\/\/vasexperts.com\/fr\/wp-json\/wp\/v2\/pages\/5792\/revisions\/13185"}],"wp:attachment":[{"href":"https:\/\/vasexperts.com\/fr\/wp-json\/wp\/v2\/media?parent=5792"}],"curies":[{"name":"wp","href":"https:\/\/api.w.org\/{rel}","templated":true}]}}