{"id":4900,"date":"2021-07-09T10:21:59","date_gmt":"2021-07-09T07:21:59","guid":{"rendered":"https:\/\/vasexperts.com\/?page_id=4900"},"modified":"2026-01-14T15:05:19","modified_gmt":"2026-01-14T12:05:19","slug":"become-a-partner","status":"publish","type":"page","link":"https:\/\/vasexperts.com\/fr\/partner\/become-a-partner\/","title":{"rendered":"Devenir un partenaire"},"content":{"rendered":"","protected":false},"excerpt":{"rendered":"","protected":false},"author":7,"featured_media":0,"parent":3460,"menu_order":0,"comment_status":"closed","ping_status":"closed","template":"","meta":{"footnotes":""},"class_list":["post-4900","page","type-page","status-publish","hentry"],"yoast_head":"<!-- This site is optimized with the Yoast SEO plugin v23.1 - https:\/\/yoast.com\/wordpress\/plugins\/seo\/ -->\n<title>(English) VASExperts<\/title>\n<meta name=\"robots\" content=\"index, follow, max-snippet:-1, max-image-preview:large, max-video-preview:-1\" \/>\n<script type=\"application\/ld+json\" class=\"yoast-schema-graph\">{\"@context\":\"https:\/\/schema.org\",\"@graph\":[{\"@type\":\"WebPage\",\"@id\":\"https:\/\/vasexperts.com\/partner\/become-a-partner\/\",\"url\":\"https:\/\/vasexperts.com\/partner\/become-a-partner\/\",\"name\":\"[:es]Convierte en un socio | VAS Experts[:en]Become a Partner | VAS Experts[:fr]Devenir un partenaire | VAS Experts[:br]Estabelecer parceria | VAS Experts\",\"isPartOf\":{\"@id\":\"https:\/\/vasexperts.com\/#website\"},\"datePublished\":\"2021-07-09T07:21:59+00:00\",\"dateModified\":\"2026-01-14T12:05:19+00:00\",\"description\":\"[:es]Convi\u00e9rtase en socio de VAS Experts para construir y desarrollar redes fiables para sus clientes[:en]Become a partner of VAS Experts to build and develop reliable networks for your customers[:fr]Devenez un partenaire de VAS Experts pour construire et d\u00e9velopper des r\u00e9seaux fiables pour vos clients.[:br]Convi\u00e9rtase en socio de VAS Experts para construir y desarrollar redes fiables para sus clientes\",\"breadcrumb\":{\"@id\":\"https:\/\/vasexperts.com\/partner\/become-a-partner\/#breadcrumb\"},\"inLanguage\":\"fr-FR\",\"potentialAction\":[{\"@type\":\"ReadAction\",\"target\":[\"https:\/\/vasexperts.com\/partner\/become-a-partner\/\"]}]},{\"@type\":\"BreadcrumbList\",\"@id\":\"https:\/\/vasexperts.com\/partner\/become-a-partner\/#breadcrumb\",\"itemListElement\":[{\"@type\":\"ListItem\",\"position\":1,\"name\":\"\u0413\u043b\u0430\u0432\u043d\u0430\u044f \u0441\u0442\u0440\u0430\u043d\u0438\u0446\u0430\",\"item\":\"https:\/\/vasexperts.com\/\"},{\"@type\":\"ListItem\",\"position\":2,\"name\":\"Partners\",\"item\":\"https:\/\/vasexperts.com\/partner\/\"},{\"@type\":\"ListItem\",\"position\":3,\"name\":\"Become a Partner\"}]},{\"@type\":\"WebSite\",\"@id\":\"https:\/\/vasexperts.com\/#website\",\"url\":\"https:\/\/vasexperts.com\/\",\"name\":\"ITGLOBAL.COM\",\"description\":\"(English) VASExperts\",\"inLanguage\":\"fr-FR\"}]}<\/script>\n<!-- \/ Yoast SEO plugin. -->","yoast_head_json":{"title":"(English) VASExperts","robots":{"index":"index","follow":"follow","max-snippet":"max-snippet:-1","max-image-preview":"max-image-preview:large","max-video-preview":"max-video-preview:-1"},"schema":{"@context":"https:\/\/schema.org","@graph":[{"@type":"WebPage","@id":"https:\/\/vasexperts.com\/partner\/become-a-partner\/","url":"https:\/\/vasexperts.com\/partner\/become-a-partner\/","name":"[:es]Convierte en un socio | VAS Experts[:en]Become a Partner | VAS Experts[:fr]Devenir un partenaire | VAS Experts[:br]Estabelecer parceria | VAS Experts","isPartOf":{"@id":"https:\/\/vasexperts.com\/#website"},"datePublished":"2021-07-09T07:21:59+00:00","dateModified":"2026-01-14T12:05:19+00:00","description":"[:es]Convi\u00e9rtase en socio de VAS Experts para construir y desarrollar redes fiables para sus clientes[:en]Become a partner of VAS Experts to build and develop reliable networks for your customers[:fr]Devenez un partenaire de VAS Experts pour construire et d\u00e9velopper des r\u00e9seaux fiables pour vos clients.[:br]Convi\u00e9rtase en socio de VAS Experts para construir y desarrollar redes fiables para sus clientes","breadcrumb":{"@id":"https:\/\/vasexperts.com\/partner\/become-a-partner\/#breadcrumb"},"inLanguage":"fr-FR","potentialAction":[{"@type":"ReadAction","target":["https:\/\/vasexperts.com\/partner\/become-a-partner\/"]}]},{"@type":"BreadcrumbList","@id":"https:\/\/vasexperts.com\/partner\/become-a-partner\/#breadcrumb","itemListElement":[{"@type":"ListItem","position":1,"name":"\u0413\u043b\u0430\u0432\u043d\u0430\u044f \u0441\u0442\u0440\u0430\u043d\u0438\u0446\u0430","item":"https:\/\/vasexperts.com\/"},{"@type":"ListItem","position":2,"name":"Partners","item":"https:\/\/vasexperts.com\/partner\/"},{"@type":"ListItem","position":3,"name":"Become a Partner"}]},{"@type":"WebSite","@id":"https:\/\/vasexperts.com\/#website","url":"https:\/\/vasexperts.com\/","name":"ITGLOBAL.COM","description":"(English) VASExperts","inLanguage":"fr-FR"}]}},"_links":{"self":[{"href":"https:\/\/vasexperts.com\/fr\/wp-json\/wp\/v2\/pages\/4900"}],"collection":[{"href":"https:\/\/vasexperts.com\/fr\/wp-json\/wp\/v2\/pages"}],"about":[{"href":"https:\/\/vasexperts.com\/fr\/wp-json\/wp\/v2\/types\/page"}],"author":[{"embeddable":true,"href":"https:\/\/vasexperts.com\/fr\/wp-json\/wp\/v2\/users\/7"}],"replies":[{"embeddable":true,"href":"https:\/\/vasexperts.com\/fr\/wp-json\/wp\/v2\/comments?post=4900"}],"version-history":[{"count":10,"href":"https:\/\/vasexperts.com\/fr\/wp-json\/wp\/v2\/pages\/4900\/revisions"}],"predecessor-version":[{"id":13871,"href":"https:\/\/vasexperts.com\/fr\/wp-json\/wp\/v2\/pages\/4900\/revisions\/13871"}],"up":[{"embeddable":true,"href":"https:\/\/vasexperts.com\/fr\/wp-json\/wp\/v2\/pages\/3460"}],"wp:attachment":[{"href":"https:\/\/vasexperts.com\/fr\/wp-json\/wp\/v2\/media?parent=4900"}],"curies":[{"name":"wp","href":"https:\/\/api.w.org\/{rel}","templated":true}]}}