{"id":40,"date":"2020-06-22T18:49:03","date_gmt":"2020-06-22T15:49:03","guid":{"rendered":"https:\/\/vasexperts-ru.hst11.itglobal.com\/?page_id=40"},"modified":"2025-08-13T15:33:31","modified_gmt":"2025-08-13T12:33:31","slug":"videos","status":"publish","type":"page","link":"https:\/\/vasexperts.com\/fr\/resources\/videos\/","title":{"rendered":"Vid\u00e9os"},"content":{"rendered":"","protected":false},"excerpt":{"rendered":"","protected":false},"author":7,"featured_media":0,"parent":292,"menu_order":0,"comment_status":"closed","ping_status":"closed","template":"","meta":{"footnotes":""},"class_list":["post-40","page","type-page","status-publish","hentry"],"yoast_head":"<!-- This site is optimized with the Yoast SEO plugin v23.1 - https:\/\/yoast.com\/wordpress\/plugins\/seo\/ -->\n<title>(English) VASExperts<\/title>\n<meta name=\"robots\" content=\"index, follow, max-snippet:-1, max-image-preview:large, max-video-preview:-1\" \/>\n<script type=\"application\/ld+json\" class=\"yoast-schema-graph\">{\"@context\":\"https:\/\/schema.org\",\"@graph\":[{\"@type\":\"WebPage\",\"@id\":\"https:\/\/vasexperts.com\/resources\/videos\/\",\"url\":\"https:\/\/vasexperts.com\/resources\/videos\/\",\"name\":\"[:en]Webinars and Tutorials \u2014 VAS Experts[:es]Seminarios web y Tutoriales \u2014 VAS Experts[:fr]Webinaires et Tutoriels \u2014 VAS Experts[:br]Seminarios web y tutoriales \u2014 VAS Experts\",\"isPartOf\":{\"@id\":\"https:\/\/vasexperts.com\/#website\"},\"datePublished\":\"2020-06-22T15:49:03+00:00\",\"dateModified\":\"2025-08-13T12:33:31+00:00\",\"description\":\"[:en]Solution presentations and video instructions. Webinars and tutorials from VAS Experts[:es]Presentaciones de soluciones e instrucciones en video. Seminarios web y tutoriales de VASExperts[:fr]Pr\u00e9sentations de solutions et instructions vid\u00e9o. Webinaires et tutoriels des VAS Experts[:br]Apresenta\u00e7\u00f5es de solu\u00e7\u00f5es e instru\u00e7\u00f5es em v\u00eddeo. Webinars e tutoriais com VAS Experts.\",\"breadcrumb\":{\"@id\":\"https:\/\/vasexperts.com\/resources\/videos\/#breadcrumb\"},\"inLanguage\":\"fr-FR\",\"potentialAction\":[{\"@type\":\"ReadAction\",\"target\":[\"https:\/\/vasexperts.com\/resources\/videos\/\"]}]},{\"@type\":\"BreadcrumbList\",\"@id\":\"https:\/\/vasexperts.com\/resources\/videos\/#breadcrumb\",\"itemListElement\":[{\"@type\":\"ListItem\",\"position\":1,\"name\":\"\u0413\u043b\u0430\u0432\u043d\u0430\u044f \u0441\u0442\u0440\u0430\u043d\u0438\u0446\u0430\",\"item\":\"https:\/\/vasexperts.com\/\"},{\"@type\":\"ListItem\",\"position\":2,\"name\":\"Resources\",\"item\":\"https:\/\/vasexperts.com\/resources\/\"},{\"@type\":\"ListItem\",\"position\":3,\"name\":\"Videos\"}]},{\"@type\":\"WebSite\",\"@id\":\"https:\/\/vasexperts.com\/#website\",\"url\":\"https:\/\/vasexperts.com\/\",\"name\":\"ITGLOBAL.COM\",\"description\":\"(English) VASExperts\",\"inLanguage\":\"fr-FR\"}]}<\/script>\n<!-- \/ Yoast SEO plugin. -->","yoast_head_json":{"title":"(English) VASExperts","robots":{"index":"index","follow":"follow","max-snippet":"max-snippet:-1","max-image-preview":"max-image-preview:large","max-video-preview":"max-video-preview:-1"},"schema":{"@context":"https:\/\/schema.org","@graph":[{"@type":"WebPage","@id":"https:\/\/vasexperts.com\/resources\/videos\/","url":"https:\/\/vasexperts.com\/resources\/videos\/","name":"[:en]Webinars and Tutorials \u2014 VAS Experts[:es]Seminarios web y Tutoriales \u2014 VAS Experts[:fr]Webinaires et Tutoriels \u2014 VAS Experts[:br]Seminarios web y tutoriales \u2014 VAS Experts","isPartOf":{"@id":"https:\/\/vasexperts.com\/#website"},"datePublished":"2020-06-22T15:49:03+00:00","dateModified":"2025-08-13T12:33:31+00:00","description":"[:en]Solution presentations and video instructions. Webinars and tutorials from VAS Experts[:es]Presentaciones de soluciones e instrucciones en video. Seminarios web y tutoriales de VASExperts[:fr]Pr\u00e9sentations de solutions et instructions vid\u00e9o. Webinaires et tutoriels des VAS Experts[:br]Apresenta\u00e7\u00f5es de solu\u00e7\u00f5es e instru\u00e7\u00f5es em v\u00eddeo. Webinars e tutoriais com VAS Experts.","breadcrumb":{"@id":"https:\/\/vasexperts.com\/resources\/videos\/#breadcrumb"},"inLanguage":"fr-FR","potentialAction":[{"@type":"ReadAction","target":["https:\/\/vasexperts.com\/resources\/videos\/"]}]},{"@type":"BreadcrumbList","@id":"https:\/\/vasexperts.com\/resources\/videos\/#breadcrumb","itemListElement":[{"@type":"ListItem","position":1,"name":"\u0413\u043b\u0430\u0432\u043d\u0430\u044f \u0441\u0442\u0440\u0430\u043d\u0438\u0446\u0430","item":"https:\/\/vasexperts.com\/"},{"@type":"ListItem","position":2,"name":"Resources","item":"https:\/\/vasexperts.com\/resources\/"},{"@type":"ListItem","position":3,"name":"Videos"}]},{"@type":"WebSite","@id":"https:\/\/vasexperts.com\/#website","url":"https:\/\/vasexperts.com\/","name":"ITGLOBAL.COM","description":"(English) VASExperts","inLanguage":"fr-FR"}]}},"_links":{"self":[{"href":"https:\/\/vasexperts.com\/fr\/wp-json\/wp\/v2\/pages\/40"}],"collection":[{"href":"https:\/\/vasexperts.com\/fr\/wp-json\/wp\/v2\/pages"}],"about":[{"href":"https:\/\/vasexperts.com\/fr\/wp-json\/wp\/v2\/types\/page"}],"author":[{"embeddable":true,"href":"https:\/\/vasexperts.com\/fr\/wp-json\/wp\/v2\/users\/7"}],"replies":[{"embeddable":true,"href":"https:\/\/vasexperts.com\/fr\/wp-json\/wp\/v2\/comments?post=40"}],"version-history":[{"count":6,"href":"https:\/\/vasexperts.com\/fr\/wp-json\/wp\/v2\/pages\/40\/revisions"}],"predecessor-version":[{"id":13013,"href":"https:\/\/vasexperts.com\/fr\/wp-json\/wp\/v2\/pages\/40\/revisions\/13013"}],"up":[{"embeddable":true,"href":"https:\/\/vasexperts.com\/fr\/wp-json\/wp\/v2\/pages\/292"}],"wp:attachment":[{"href":"https:\/\/vasexperts.com\/fr\/wp-json\/wp\/v2\/media?parent=40"}],"curies":[{"name":"wp","href":"https:\/\/api.w.org\/{rel}","templated":true}]}}