{"id":2486,"date":"2020-07-08T11:48:07","date_gmt":"2020-07-08T08:48:07","guid":{"rendered":"https:\/\/vasexperts-ru.hst11.itglobal.com\/?page_id=2486"},"modified":"2025-12-04T19:33:15","modified_gmt":"2025-12-04T16:33:15","slug":"qos-quality-of-service","status":"publish","type":"page","link":"https:\/\/vasexperts.com\/fr\/products\/stingray\/qos-quality-of-service\/","title":{"rendered":"Police du trafic et QoS"},"content":{"rendered":"","protected":false},"excerpt":{"rendered":"","protected":false},"author":1,"featured_media":0,"parent":19,"menu_order":0,"comment_status":"closed","ping_status":"closed","template":"","meta":{"footnotes":""},"class_list":["post-2486","page","type-page","status-publish","hentry"],"yoast_head":"<!-- This site is optimized with the Yoast SEO plugin v23.1 - https:\/\/yoast.com\/wordpress\/plugins\/seo\/ -->\n<title>(English) VASExperts<\/title>\n<meta name=\"robots\" content=\"index, follow, max-snippet:-1, max-image-preview:large, max-video-preview:-1\" \/>\n<script type=\"application\/ld+json\" class=\"yoast-schema-graph\">{\"@context\":\"https:\/\/schema.org\",\"@graph\":[{\"@type\":\"WebPage\",\"@id\":\"https:\/\/vasexperts.com\/products\/stingray\/qos-quality-of-service\/\",\"url\":\"https:\/\/vasexperts.com\/products\/stingray\/qos-quality-of-service\/\",\"name\":\"[:en]Stingray QoS & Traffic Management Solution \u2014 VAS Experts[:es]Soluci\u00f3n Stingray de gesti\u00f3n de tr\u00e1fico y calidad de servicio \u2014 VAS Experts[:fr]Solution de gestion du trafic et de la qualit\u00e9 de service Stingray \u2014 VAS Experts[:br]Solu\u00e7\u00e3o de QoS e Gerenciamento de Tr\u00e1fego Stingray \u2014 VAS Experts\",\"isPartOf\":{\"@id\":\"https:\/\/vasexperts.com\/#website\"},\"datePublished\":\"2020-07-08T08:48:07+00:00\",\"dateModified\":\"2025-12-04T16:33:15+00:00\",\"description\":\"[:en]Stingray QoS software solution for deep traffic management, prioritization & bandwidth control. Ensure Quality of Service (QoS), prevent network overload & reduce costs. Request a demo![:es]Soluci\u00f3n de software Stingray QoS para una gesti\u00f3n integral del tr\u00e1fico, priorizaci\u00f3n y control del ancho de banda. Garantice la calidad de servicio (QoS), evite la sobrecarga de la red y reduzca costos. \u00a1Solicite una demostraci\u00f3n![:fr]Solution logicielle Stingray QoS pour une gestion approfondie du trafic, la priorisation et le contr\u00f4le de la bande passante. Garantissez la qualit\u00e9 de service (QoS), pr\u00e9venez la surcharge du r\u00e9seau et r\u00e9duisez les co\u00fbts. Demandez une d\u00e9monstration\u00a0![:br]Solu\u00e7\u00e3o de software de QoS Stingray para gerenciamento profundo de tr\u00e1fego, prioriza\u00e7\u00e3o e controle de largura de banda. Garanta a Qualidade de Servi\u00e7o (QoS), evite sobrecarga de rede e reduza custos. Solicite uma demonstra\u00e7\u00e3o!\",\"breadcrumb\":{\"@id\":\"https:\/\/vasexperts.com\/products\/stingray\/qos-quality-of-service\/#breadcrumb\"},\"inLanguage\":\"fr-FR\",\"potentialAction\":[{\"@type\":\"ReadAction\",\"target\":[\"https:\/\/vasexperts.com\/products\/stingray\/qos-quality-of-service\/\"]}]},{\"@type\":\"BreadcrumbList\",\"@id\":\"https:\/\/vasexperts.com\/products\/stingray\/qos-quality-of-service\/#breadcrumb\",\"itemListElement\":[{\"@type\":\"ListItem\",\"position\":1,\"name\":\"\u0413\u043b\u0430\u0432\u043d\u0430\u044f \u0441\u0442\u0440\u0430\u043d\u0438\u0446\u0430\",\"item\":\"https:\/\/vasexperts.com\/\"},{\"@type\":\"ListItem\",\"position\":2,\"name\":\"Products\",\"item\":\"https:\/\/vasexperts.com\/products\/\"},{\"@type\":\"ListItem\",\"position\":3,\"name\":\"Stingray Service Gateway\",\"item\":\"https:\/\/vasexperts.com\/products\/stingray\/\"},{\"@type\":\"ListItem\",\"position\":4,\"name\":\"QoS Traffic Policing\"}]},{\"@type\":\"WebSite\",\"@id\":\"https:\/\/vasexperts.com\/#website\",\"url\":\"https:\/\/vasexperts.com\/\",\"name\":\"ITGLOBAL.COM\",\"description\":\"(English) VASExperts\",\"inLanguage\":\"fr-FR\"}]}<\/script>\n<!-- \/ Yoast SEO plugin. -->","yoast_head_json":{"title":"(English) VASExperts","robots":{"index":"index","follow":"follow","max-snippet":"max-snippet:-1","max-image-preview":"max-image-preview:large","max-video-preview":"max-video-preview:-1"},"schema":{"@context":"https:\/\/schema.org","@graph":[{"@type":"WebPage","@id":"https:\/\/vasexperts.com\/products\/stingray\/qos-quality-of-service\/","url":"https:\/\/vasexperts.com\/products\/stingray\/qos-quality-of-service\/","name":"[:en]Stingray QoS & Traffic Management Solution \u2014 VAS Experts[:es]Soluci\u00f3n Stingray de gesti\u00f3n de tr\u00e1fico y calidad de servicio \u2014 VAS Experts[:fr]Solution de gestion du trafic et de la qualit\u00e9 de service Stingray \u2014 VAS Experts[:br]Solu\u00e7\u00e3o de QoS e Gerenciamento de Tr\u00e1fego Stingray \u2014 VAS Experts","isPartOf":{"@id":"https:\/\/vasexperts.com\/#website"},"datePublished":"2020-07-08T08:48:07+00:00","dateModified":"2025-12-04T16:33:15+00:00","description":"[:en]Stingray QoS software solution for deep traffic management, prioritization & bandwidth control. Ensure Quality of Service (QoS), prevent network overload & reduce costs. Request a demo![:es]Soluci\u00f3n de software Stingray QoS para una gesti\u00f3n integral del tr\u00e1fico, priorizaci\u00f3n y control del ancho de banda. Garantice la calidad de servicio (QoS), evite la sobrecarga de la red y reduzca costos. \u00a1Solicite una demostraci\u00f3n![:fr]Solution logicielle Stingray QoS pour une gestion approfondie du trafic, la priorisation et le contr\u00f4le de la bande passante. Garantissez la qualit\u00e9 de service (QoS), pr\u00e9venez la surcharge du r\u00e9seau et r\u00e9duisez les co\u00fbts. Demandez une d\u00e9monstration\u00a0![:br]Solu\u00e7\u00e3o de software de QoS Stingray para gerenciamento profundo de tr\u00e1fego, prioriza\u00e7\u00e3o e controle de largura de banda. Garanta a Qualidade de Servi\u00e7o (QoS), evite sobrecarga de rede e reduza custos. Solicite uma demonstra\u00e7\u00e3o!","breadcrumb":{"@id":"https:\/\/vasexperts.com\/products\/stingray\/qos-quality-of-service\/#breadcrumb"},"inLanguage":"fr-FR","potentialAction":[{"@type":"ReadAction","target":["https:\/\/vasexperts.com\/products\/stingray\/qos-quality-of-service\/"]}]},{"@type":"BreadcrumbList","@id":"https:\/\/vasexperts.com\/products\/stingray\/qos-quality-of-service\/#breadcrumb","itemListElement":[{"@type":"ListItem","position":1,"name":"\u0413\u043b\u0430\u0432\u043d\u0430\u044f \u0441\u0442\u0440\u0430\u043d\u0438\u0446\u0430","item":"https:\/\/vasexperts.com\/"},{"@type":"ListItem","position":2,"name":"Products","item":"https:\/\/vasexperts.com\/products\/"},{"@type":"ListItem","position":3,"name":"Stingray Service Gateway","item":"https:\/\/vasexperts.com\/products\/stingray\/"},{"@type":"ListItem","position":4,"name":"QoS Traffic Policing"}]},{"@type":"WebSite","@id":"https:\/\/vasexperts.com\/#website","url":"https:\/\/vasexperts.com\/","name":"ITGLOBAL.COM","description":"(English) VASExperts","inLanguage":"fr-FR"}]}},"_links":{"self":[{"href":"https:\/\/vasexperts.com\/fr\/wp-json\/wp\/v2\/pages\/2486"}],"collection":[{"href":"https:\/\/vasexperts.com\/fr\/wp-json\/wp\/v2\/pages"}],"about":[{"href":"https:\/\/vasexperts.com\/fr\/wp-json\/wp\/v2\/types\/page"}],"author":[{"embeddable":true,"href":"https:\/\/vasexperts.com\/fr\/wp-json\/wp\/v2\/users\/1"}],"replies":[{"embeddable":true,"href":"https:\/\/vasexperts.com\/fr\/wp-json\/wp\/v2\/comments?post=2486"}],"version-history":[{"count":10,"href":"https:\/\/vasexperts.com\/fr\/wp-json\/wp\/v2\/pages\/2486\/revisions"}],"predecessor-version":[{"id":13741,"href":"https:\/\/vasexperts.com\/fr\/wp-json\/wp\/v2\/pages\/2486\/revisions\/13741"}],"up":[{"embeddable":true,"href":"https:\/\/vasexperts.com\/fr\/wp-json\/wp\/v2\/pages\/19"}],"wp:attachment":[{"href":"https:\/\/vasexperts.com\/fr\/wp-json\/wp\/v2\/media?parent=2486"}],"curies":[{"name":"wp","href":"https:\/\/api.w.org\/{rel}","templated":true}]}}