{"id":14183,"date":"2026-04-23T11:17:17","date_gmt":"2026-04-23T08:17:17","guid":{"rendered":"https:\/\/vasexperts.com\/?page_id=14183"},"modified":"2026-04-23T11:31:32","modified_gmt":"2026-04-23T08:31:32","slug":"internet-service-providers","status":"publish","type":"page","link":"https:\/\/vasexperts.com\/fr\/solutions\/internet-service-providers\/","title":{"rendered":"Fournisseurs d&rsquo;acc\u00e8s \u00e0 Internet"},"content":{"rendered":"","protected":false},"excerpt":{"rendered":"","protected":false},"author":7,"featured_media":0,"parent":290,"menu_order":0,"comment_status":"closed","ping_status":"closed","template":"","meta":{"footnotes":""},"class_list":["post-14183","page","type-page","status-publish","hentry"],"yoast_head":"<!-- This site is optimized with the Yoast SEO plugin v23.1 - https:\/\/yoast.com\/wordpress\/plugins\/seo\/ -->\n<title>(English) VASExperts<\/title>\n<meta name=\"robots\" content=\"index, follow, max-snippet:-1, max-image-preview:large, max-video-preview:-1\" \/>\n<script type=\"application\/ld+json\" class=\"yoast-schema-graph\">{\"@context\":\"https:\/\/schema.org\",\"@graph\":[{\"@type\":\"WebPage\",\"@id\":\"https:\/\/vasexperts.com\/solutions\/internet-service-providers\/\",\"url\":\"https:\/\/vasexperts.com\/solutions\/internet-service-providers\/\",\"name\":\"[:en]Traffic Management Solutions \u2014 VAS Experts[:es]Soluciones para la gesti\u00f3n del tr\u00e1fico \u2014 VAS Experts[:fr]Solutions de gestion du trafic \u2014 VAS Experts[:br]Solu\u00e7\u00f5es para gerenciamento de tr\u00e1fego \u2014 VAS Experts\",\"isPartOf\":{\"@id\":\"https:\/\/vasexperts.com\/#website\"},\"datePublished\":\"2026-04-23T08:17:17+00:00\",\"dateModified\":\"2026-04-23T08:31:32+00:00\",\"description\":\"[:en]Learn about software BNG , CG-NAT for network address translation and IPv6 migration, QoS for uplink resource optimization, and other traffic management solutions[:es]Conozca el BNG de software, CG-NAT para la traducci\u00f3n de direcciones de red y la migraci\u00f3n a IPv6, QoS para la optimizaci\u00f3n de recursos de enlace ascendente y otras soluciones para la gesti\u00f3n del tr\u00e1fico[:fr]D\u00e9couvrez le BNG logiciel, le CG-NAT pour la traduction d'adresses r\u00e9seau et la migration vers IPv6, la QoS pour l'optimisation des ressources de la liaison montante et d'autres solutions de gestion du trafic[:br]Conhe\u00e7a o BNG de software, o CG-NAT para tradu\u00e7\u00e3o de endere\u00e7os de rede e migra\u00e7\u00e3o para IPv6, QoS para otimiza\u00e7\u00e3o de recursos de uplink e outras solu\u00e7\u00f5es para gerenciamento de tr\u00e1fego\",\"breadcrumb\":{\"@id\":\"https:\/\/vasexperts.com\/solutions\/internet-service-providers\/#breadcrumb\"},\"inLanguage\":\"fr-FR\",\"potentialAction\":[{\"@type\":\"ReadAction\",\"target\":[\"https:\/\/vasexperts.com\/solutions\/internet-service-providers\/\"]}]},{\"@type\":\"BreadcrumbList\",\"@id\":\"https:\/\/vasexperts.com\/solutions\/internet-service-providers\/#breadcrumb\",\"itemListElement\":[{\"@type\":\"ListItem\",\"position\":1,\"name\":\"\u0413\u043b\u0430\u0432\u043d\u0430\u044f \u0441\u0442\u0440\u0430\u043d\u0438\u0446\u0430\",\"item\":\"https:\/\/vasexperts.com\/\"},{\"@type\":\"ListItem\",\"position\":2,\"name\":\"Solutions\",\"item\":\"https:\/\/vasexperts.com\/solutions\/\"},{\"@type\":\"ListItem\",\"position\":3,\"name\":\"Internet Service Providers\"}]},{\"@type\":\"WebSite\",\"@id\":\"https:\/\/vasexperts.com\/#website\",\"url\":\"https:\/\/vasexperts.com\/\",\"name\":\"ITGLOBAL.COM\",\"description\":\"(English) VASExperts\",\"inLanguage\":\"fr-FR\"}]}<\/script>\n<!-- \/ Yoast SEO plugin. -->","yoast_head_json":{"title":"(English) VASExperts","robots":{"index":"index","follow":"follow","max-snippet":"max-snippet:-1","max-image-preview":"max-image-preview:large","max-video-preview":"max-video-preview:-1"},"schema":{"@context":"https:\/\/schema.org","@graph":[{"@type":"WebPage","@id":"https:\/\/vasexperts.com\/solutions\/internet-service-providers\/","url":"https:\/\/vasexperts.com\/solutions\/internet-service-providers\/","name":"[:en]Traffic Management Solutions \u2014 VAS Experts[:es]Soluciones para la gesti\u00f3n del tr\u00e1fico \u2014 VAS Experts[:fr]Solutions de gestion du trafic \u2014 VAS Experts[:br]Solu\u00e7\u00f5es para gerenciamento de tr\u00e1fego \u2014 VAS Experts","isPartOf":{"@id":"https:\/\/vasexperts.com\/#website"},"datePublished":"2026-04-23T08:17:17+00:00","dateModified":"2026-04-23T08:31:32+00:00","description":"[:en]Learn about software BNG , CG-NAT for network address translation and IPv6 migration, QoS for uplink resource optimization, and other traffic management solutions[:es]Conozca el BNG de software, CG-NAT para la traducci\u00f3n de direcciones de red y la migraci\u00f3n a IPv6, QoS para la optimizaci\u00f3n de recursos de enlace ascendente y otras soluciones para la gesti\u00f3n del tr\u00e1fico[:fr]D\u00e9couvrez le BNG logiciel, le CG-NAT pour la traduction d'adresses r\u00e9seau et la migration vers IPv6, la QoS pour l'optimisation des ressources de la liaison montante et d'autres solutions de gestion du trafic[:br]Conhe\u00e7a o BNG de software, o CG-NAT para tradu\u00e7\u00e3o de endere\u00e7os de rede e migra\u00e7\u00e3o para IPv6, QoS para otimiza\u00e7\u00e3o de recursos de uplink e outras solu\u00e7\u00f5es para gerenciamento de tr\u00e1fego","breadcrumb":{"@id":"https:\/\/vasexperts.com\/solutions\/internet-service-providers\/#breadcrumb"},"inLanguage":"fr-FR","potentialAction":[{"@type":"ReadAction","target":["https:\/\/vasexperts.com\/solutions\/internet-service-providers\/"]}]},{"@type":"BreadcrumbList","@id":"https:\/\/vasexperts.com\/solutions\/internet-service-providers\/#breadcrumb","itemListElement":[{"@type":"ListItem","position":1,"name":"\u0413\u043b\u0430\u0432\u043d\u0430\u044f \u0441\u0442\u0440\u0430\u043d\u0438\u0446\u0430","item":"https:\/\/vasexperts.com\/"},{"@type":"ListItem","position":2,"name":"Solutions","item":"https:\/\/vasexperts.com\/solutions\/"},{"@type":"ListItem","position":3,"name":"Internet Service Providers"}]},{"@type":"WebSite","@id":"https:\/\/vasexperts.com\/#website","url":"https:\/\/vasexperts.com\/","name":"ITGLOBAL.COM","description":"(English) VASExperts","inLanguage":"fr-FR"}]}},"_links":{"self":[{"href":"https:\/\/vasexperts.com\/fr\/wp-json\/wp\/v2\/pages\/14183"}],"collection":[{"href":"https:\/\/vasexperts.com\/fr\/wp-json\/wp\/v2\/pages"}],"about":[{"href":"https:\/\/vasexperts.com\/fr\/wp-json\/wp\/v2\/types\/page"}],"author":[{"embeddable":true,"href":"https:\/\/vasexperts.com\/fr\/wp-json\/wp\/v2\/users\/7"}],"replies":[{"embeddable":true,"href":"https:\/\/vasexperts.com\/fr\/wp-json\/wp\/v2\/comments?post=14183"}],"version-history":[{"count":2,"href":"https:\/\/vasexperts.com\/fr\/wp-json\/wp\/v2\/pages\/14183\/revisions"}],"predecessor-version":[{"id":14194,"href":"https:\/\/vasexperts.com\/fr\/wp-json\/wp\/v2\/pages\/14183\/revisions\/14194"}],"up":[{"embeddable":true,"href":"https:\/\/vasexperts.com\/fr\/wp-json\/wp\/v2\/pages\/290"}],"wp:attachment":[{"href":"https:\/\/vasexperts.com\/fr\/wp-json\/wp\/v2\/media?parent=14183"}],"curies":[{"name":"wp","href":"https:\/\/api.w.org\/{rel}","templated":true}]}}