{"id":14167,"date":"2026-04-23T10:32:09","date_gmt":"2026-04-23T07:32:09","guid":{"rendered":"https:\/\/vasexperts.com\/?page_id=14167"},"modified":"2026-04-23T11:57:33","modified_gmt":"2026-04-23T08:57:33","slug":"flexible-billing-with-stingray-pcef","status":"publish","type":"page","link":"https:\/\/vasexperts.com\/fr\/solutions\/mobile-networks\/flexible-billing-with-stingray-pcef\/","title":{"rendered":"Facturation flexible avec Stingray PCEF"},"content":{"rendered":"","protected":false},"excerpt":{"rendered":"","protected":false},"author":7,"featured_media":0,"parent":14175,"menu_order":0,"comment_status":"closed","ping_status":"closed","template":"","meta":{"footnotes":""},"class_list":["post-14167","page","type-page","status-publish","hentry"],"yoast_head":"<!-- This site is optimized with the Yoast SEO plugin v23.1 - https:\/\/yoast.com\/wordpress\/plugins\/seo\/ -->\n<title>(English) VASExperts<\/title>\n<meta name=\"robots\" content=\"index, follow, max-snippet:-1, max-image-preview:large, max-video-preview:-1\" \/>\n<script type=\"application\/ld+json\" class=\"yoast-schema-graph\">{\"@context\":\"https:\/\/schema.org\",\"@graph\":[{\"@type\":\"WebPage\",\"@id\":\"https:\/\/vasexperts.com\/solutions\/mobile-networks\/flexible-billing-with-stingray-pcef\/\",\"url\":\"https:\/\/vasexperts.com\/solutions\/mobile-networks\/flexible-billing-with-stingray-pcef\/\",\"name\":\"[:en]Flexible Billing with Stingray PCEF \u2014 VAS Experts[:es]Facturaci\u00f3n flexible con Stingray PCEF \u2014 VAS Experts[:fr]Facturation flexible avec Stingray PCEF \u2014 VAS Experts[:br]Faturamento flex\u00edvel com Stingray PCEF \u2014 VAS Experts\",\"isPartOf\":{\"@id\":\"https:\/\/vasexperts.com\/#website\"},\"datePublished\":\"2026-04-23T07:32:09+00:00\",\"dateModified\":\"2026-04-23T08:57:33+00:00\",\"description\":\"[:en]PCEF is a solution for mobile operators. Flexible traffic billing management, powerful DPI, integration with GGSN\/PGW, PCRF, OCS, and OFCS. Performance of up to 360 Gbit\/s per server and scaling via CUPS architecture.[:es]PCEF es una soluci\u00f3n para operadores m\u00f3viles. Gesti\u00f3n flexible de la facturaci\u00f3n del tr\u00e1fico, potente DPI, integraci\u00f3n con GGSN\/PGW, PCRF, OCS y OFCS. Rendimiento de hasta 360 Gbit\/s por servidor y escalabilidad mediante arquitectura CUPS.[:fr]PCEF est une solution pour les op\u00e9rateurs mobiles. Gestion flexible de la facturation du trafic, DPI puissant, int\u00e9gration avec GGSN\/PGW, PCRF, OCS et OFCS. Performance allant jusqu'\u00e0 360 Gbit\/s par serveur et mise \u00e0 l'\u00e9chelle via l'architecture CUPS.[:br]O PCEF \u00e9 uma solu\u00e7\u00e3o para operadoras m\u00f3veis. Gerenciamento flex\u00edvel do faturamento de tr\u00e1fego, DPI poderoso, integra\u00e7\u00e3o com GGSN\/PGW, PCRF, OCS e OFCS. Desempenho de at\u00e9 360 Gbit\/s por servidor e escalabilidade via arquitetura CUPS.\",\"breadcrumb\":{\"@id\":\"https:\/\/vasexperts.com\/solutions\/mobile-networks\/flexible-billing-with-stingray-pcef\/#breadcrumb\"},\"inLanguage\":\"fr-FR\",\"potentialAction\":[{\"@type\":\"ReadAction\",\"target\":[\"https:\/\/vasexperts.com\/solutions\/mobile-networks\/flexible-billing-with-stingray-pcef\/\"]}]},{\"@type\":\"BreadcrumbList\",\"@id\":\"https:\/\/vasexperts.com\/solutions\/mobile-networks\/flexible-billing-with-stingray-pcef\/#breadcrumb\",\"itemListElement\":[{\"@type\":\"ListItem\",\"position\":1,\"name\":\"\u0413\u043b\u0430\u0432\u043d\u0430\u044f \u0441\u0442\u0440\u0430\u043d\u0438\u0446\u0430\",\"item\":\"https:\/\/vasexperts.com\/\"},{\"@type\":\"ListItem\",\"position\":2,\"name\":\"Solutions\",\"item\":\"https:\/\/vasexperts.com\/solutions\/\"},{\"@type\":\"ListItem\",\"position\":3,\"name\":\"Mobile Networks\",\"item\":\"https:\/\/vasexperts.com\/solutions\/mobile-networks\/\"},{\"@type\":\"ListItem\",\"position\":4,\"name\":\"Flexible Billing with Stingray PCEF\"}]},{\"@type\":\"WebSite\",\"@id\":\"https:\/\/vasexperts.com\/#website\",\"url\":\"https:\/\/vasexperts.com\/\",\"name\":\"ITGLOBAL.COM\",\"description\":\"(English) VASExperts\",\"inLanguage\":\"fr-FR\"}]}<\/script>\n<!-- \/ Yoast SEO plugin. -->","yoast_head_json":{"title":"(English) VASExperts","robots":{"index":"index","follow":"follow","max-snippet":"max-snippet:-1","max-image-preview":"max-image-preview:large","max-video-preview":"max-video-preview:-1"},"schema":{"@context":"https:\/\/schema.org","@graph":[{"@type":"WebPage","@id":"https:\/\/vasexperts.com\/solutions\/mobile-networks\/flexible-billing-with-stingray-pcef\/","url":"https:\/\/vasexperts.com\/solutions\/mobile-networks\/flexible-billing-with-stingray-pcef\/","name":"[:en]Flexible Billing with Stingray PCEF \u2014 VAS Experts[:es]Facturaci\u00f3n flexible con Stingray PCEF \u2014 VAS Experts[:fr]Facturation flexible avec Stingray PCEF \u2014 VAS Experts[:br]Faturamento flex\u00edvel com Stingray PCEF \u2014 VAS Experts","isPartOf":{"@id":"https:\/\/vasexperts.com\/#website"},"datePublished":"2026-04-23T07:32:09+00:00","dateModified":"2026-04-23T08:57:33+00:00","description":"[:en]PCEF is a solution for mobile operators. Flexible traffic billing management, powerful DPI, integration with GGSN\/PGW, PCRF, OCS, and OFCS. Performance of up to 360 Gbit\/s per server and scaling via CUPS architecture.[:es]PCEF es una soluci\u00f3n para operadores m\u00f3viles. Gesti\u00f3n flexible de la facturaci\u00f3n del tr\u00e1fico, potente DPI, integraci\u00f3n con GGSN\/PGW, PCRF, OCS y OFCS. Rendimiento de hasta 360 Gbit\/s por servidor y escalabilidad mediante arquitectura CUPS.[:fr]PCEF est une solution pour les op\u00e9rateurs mobiles. Gestion flexible de la facturation du trafic, DPI puissant, int\u00e9gration avec GGSN\/PGW, PCRF, OCS et OFCS. Performance allant jusqu'\u00e0 360 Gbit\/s par serveur et mise \u00e0 l'\u00e9chelle via l'architecture CUPS.[:br]O PCEF \u00e9 uma solu\u00e7\u00e3o para operadoras m\u00f3veis. Gerenciamento flex\u00edvel do faturamento de tr\u00e1fego, DPI poderoso, integra\u00e7\u00e3o com GGSN\/PGW, PCRF, OCS e OFCS. Desempenho de at\u00e9 360 Gbit\/s por servidor e escalabilidade via arquitetura CUPS.","breadcrumb":{"@id":"https:\/\/vasexperts.com\/solutions\/mobile-networks\/flexible-billing-with-stingray-pcef\/#breadcrumb"},"inLanguage":"fr-FR","potentialAction":[{"@type":"ReadAction","target":["https:\/\/vasexperts.com\/solutions\/mobile-networks\/flexible-billing-with-stingray-pcef\/"]}]},{"@type":"BreadcrumbList","@id":"https:\/\/vasexperts.com\/solutions\/mobile-networks\/flexible-billing-with-stingray-pcef\/#breadcrumb","itemListElement":[{"@type":"ListItem","position":1,"name":"\u0413\u043b\u0430\u0432\u043d\u0430\u044f \u0441\u0442\u0440\u0430\u043d\u0438\u0446\u0430","item":"https:\/\/vasexperts.com\/"},{"@type":"ListItem","position":2,"name":"Solutions","item":"https:\/\/vasexperts.com\/solutions\/"},{"@type":"ListItem","position":3,"name":"Mobile Networks","item":"https:\/\/vasexperts.com\/solutions\/mobile-networks\/"},{"@type":"ListItem","position":4,"name":"Flexible Billing with Stingray PCEF"}]},{"@type":"WebSite","@id":"https:\/\/vasexperts.com\/#website","url":"https:\/\/vasexperts.com\/","name":"ITGLOBAL.COM","description":"(English) VASExperts","inLanguage":"fr-FR"}]}},"_links":{"self":[{"href":"https:\/\/vasexperts.com\/fr\/wp-json\/wp\/v2\/pages\/14167"}],"collection":[{"href":"https:\/\/vasexperts.com\/fr\/wp-json\/wp\/v2\/pages"}],"about":[{"href":"https:\/\/vasexperts.com\/fr\/wp-json\/wp\/v2\/types\/page"}],"author":[{"embeddable":true,"href":"https:\/\/vasexperts.com\/fr\/wp-json\/wp\/v2\/users\/7"}],"replies":[{"embeddable":true,"href":"https:\/\/vasexperts.com\/fr\/wp-json\/wp\/v2\/comments?post=14167"}],"version-history":[{"count":6,"href":"https:\/\/vasexperts.com\/fr\/wp-json\/wp\/v2\/pages\/14167\/revisions"}],"predecessor-version":[{"id":14196,"href":"https:\/\/vasexperts.com\/fr\/wp-json\/wp\/v2\/pages\/14167\/revisions\/14196"}],"up":[{"embeddable":true,"href":"https:\/\/vasexperts.com\/fr\/wp-json\/wp\/v2\/pages\/14175"}],"wp:attachment":[{"href":"https:\/\/vasexperts.com\/fr\/wp-json\/wp\/v2\/media?parent=14167"}],"curies":[{"name":"wp","href":"https:\/\/api.w.org\/{rel}","templated":true}]}}