{"id":134,"date":"2020-07-02T14:43:48","date_gmt":"2020-07-02T11:43:48","guid":{"rendered":"https:\/\/vasexperts-ru.hst11.itglobal.com\/?page_id=134"},"modified":"2025-08-08T19:28:23","modified_gmt":"2025-08-08T16:28:23","slug":"detecting-threats","status":"publish","type":"page","link":"https:\/\/vasexperts.com\/fr\/solutions\/detecting-threats\/","title":{"rendered":"D\u00e9tection de menaces"},"content":{"rendered":"","protected":false},"excerpt":{"rendered":"","protected":false},"author":1,"featured_media":0,"parent":290,"menu_order":0,"comment_status":"closed","ping_status":"closed","template":"","meta":{"footnotes":""},"class_list":["post-134","page","type-page","status-publish","hentry"],"yoast_head":"<!-- This site is optimized with the Yoast SEO plugin v23.1 - https:\/\/yoast.com\/wordpress\/plugins\/seo\/ -->\n<title>(English) VASExperts<\/title>\n<meta name=\"robots\" content=\"index, follow, max-snippet:-1, max-image-preview:large, max-video-preview:-1\" \/>\n<script type=\"application\/ld+json\" class=\"yoast-schema-graph\">{\"@context\":\"https:\/\/schema.org\",\"@graph\":[{\"@type\":\"WebPage\",\"@id\":\"https:\/\/vasexperts.com\/solutions\/detecting-threats\/\",\"url\":\"https:\/\/vasexperts.com\/solutions\/detecting-threats\/\",\"name\":\"[:en]Detection of threats on the network | VAS Experts[:es]Detecci\u00f3n de amenazas en la red | VAS Experts[:fr]D\u00e9tection des menaces sur le r\u00e9seau | VAS Experts[:br]Detec\u00e7\u00e3o de amea\u00e7as na rede | VAS Experts\",\"isPartOf\":{\"@id\":\"https:\/\/vasexperts.com\/#website\"},\"datePublished\":\"2020-07-02T11:43:48+00:00\",\"dateModified\":\"2025-08-08T16:28:23+00:00\",\"description\":\"[:en]Try an outbound threat solution that helps you to detect network attacks that worsen network services quality and cause damage to the business and that generated by your network objects.[:es]Pruebe una soluci\u00f3n de amenazas salientes que le ayude a detectar los ataques a la red que empeoran la calidad de los servicios de red y causan da\u00f1os a la empresa y los generados por sus objetos de red.[:fr]Essayez une solution contre les menaces sortantes qui vous aide \u00e0 d\u00e9tecter les attaques de r\u00e9seau qui d\u00e9t\u00e9riorent la qualit\u00e9 des services de r\u00e9seau et causent des dommages \u00e0 l'entreprise et \u00e0 ceux g\u00e9n\u00e9r\u00e9s par vos objets de r\u00e9seau.[:br]Experimente uma solu\u00e7\u00e3o de amea\u00e7as de sa\u00edda que o ajude a detectar ataques \u00e0 rede que pioram a qualidade dos servi\u00e7os de rede e causam danos aos neg\u00f3cios e \u00e0queles gerados por seus objetos de rede.\",\"breadcrumb\":{\"@id\":\"https:\/\/vasexperts.com\/solutions\/detecting-threats\/#breadcrumb\"},\"inLanguage\":\"fr-FR\",\"potentialAction\":[{\"@type\":\"ReadAction\",\"target\":[\"https:\/\/vasexperts.com\/solutions\/detecting-threats\/\"]}]},{\"@type\":\"BreadcrumbList\",\"@id\":\"https:\/\/vasexperts.com\/solutions\/detecting-threats\/#breadcrumb\",\"itemListElement\":[{\"@type\":\"ListItem\",\"position\":1,\"name\":\"\u0413\u043b\u0430\u0432\u043d\u0430\u044f \u0441\u0442\u0440\u0430\u043d\u0438\u0446\u0430\",\"item\":\"https:\/\/vasexperts.com\/\"},{\"@type\":\"ListItem\",\"position\":2,\"name\":\"Solutions\",\"item\":\"https:\/\/vasexperts.com\/solutions\/\"},{\"@type\":\"ListItem\",\"position\":3,\"name\":\"Detecting Threats\"}]},{\"@type\":\"WebSite\",\"@id\":\"https:\/\/vasexperts.com\/#website\",\"url\":\"https:\/\/vasexperts.com\/\",\"name\":\"ITGLOBAL.COM\",\"description\":\"(English) VASExperts\",\"inLanguage\":\"fr-FR\"}]}<\/script>\n<!-- \/ Yoast SEO plugin. -->","yoast_head_json":{"title":"(English) VASExperts","robots":{"index":"index","follow":"follow","max-snippet":"max-snippet:-1","max-image-preview":"max-image-preview:large","max-video-preview":"max-video-preview:-1"},"schema":{"@context":"https:\/\/schema.org","@graph":[{"@type":"WebPage","@id":"https:\/\/vasexperts.com\/solutions\/detecting-threats\/","url":"https:\/\/vasexperts.com\/solutions\/detecting-threats\/","name":"[:en]Detection of threats on the network | VAS Experts[:es]Detecci\u00f3n de amenazas en la red | VAS Experts[:fr]D\u00e9tection des menaces sur le r\u00e9seau | VAS Experts[:br]Detec\u00e7\u00e3o de amea\u00e7as na rede | VAS Experts","isPartOf":{"@id":"https:\/\/vasexperts.com\/#website"},"datePublished":"2020-07-02T11:43:48+00:00","dateModified":"2025-08-08T16:28:23+00:00","description":"[:en]Try an outbound threat solution that helps you to detect network attacks that worsen network services quality and cause damage to the business and that generated by your network objects.[:es]Pruebe una soluci\u00f3n de amenazas salientes que le ayude a detectar los ataques a la red que empeoran la calidad de los servicios de red y causan da\u00f1os a la empresa y los generados por sus objetos de red.[:fr]Essayez une solution contre les menaces sortantes qui vous aide \u00e0 d\u00e9tecter les attaques de r\u00e9seau qui d\u00e9t\u00e9riorent la qualit\u00e9 des services de r\u00e9seau et causent des dommages \u00e0 l'entreprise et \u00e0 ceux g\u00e9n\u00e9r\u00e9s par vos objets de r\u00e9seau.[:br]Experimente uma solu\u00e7\u00e3o de amea\u00e7as de sa\u00edda que o ajude a detectar ataques \u00e0 rede que pioram a qualidade dos servi\u00e7os de rede e causam danos aos neg\u00f3cios e \u00e0queles gerados por seus objetos de rede.","breadcrumb":{"@id":"https:\/\/vasexperts.com\/solutions\/detecting-threats\/#breadcrumb"},"inLanguage":"fr-FR","potentialAction":[{"@type":"ReadAction","target":["https:\/\/vasexperts.com\/solutions\/detecting-threats\/"]}]},{"@type":"BreadcrumbList","@id":"https:\/\/vasexperts.com\/solutions\/detecting-threats\/#breadcrumb","itemListElement":[{"@type":"ListItem","position":1,"name":"\u0413\u043b\u0430\u0432\u043d\u0430\u044f \u0441\u0442\u0440\u0430\u043d\u0438\u0446\u0430","item":"https:\/\/vasexperts.com\/"},{"@type":"ListItem","position":2,"name":"Solutions","item":"https:\/\/vasexperts.com\/solutions\/"},{"@type":"ListItem","position":3,"name":"Detecting Threats"}]},{"@type":"WebSite","@id":"https:\/\/vasexperts.com\/#website","url":"https:\/\/vasexperts.com\/","name":"ITGLOBAL.COM","description":"(English) VASExperts","inLanguage":"fr-FR"}]}},"_links":{"self":[{"href":"https:\/\/vasexperts.com\/fr\/wp-json\/wp\/v2\/pages\/134"}],"collection":[{"href":"https:\/\/vasexperts.com\/fr\/wp-json\/wp\/v2\/pages"}],"about":[{"href":"https:\/\/vasexperts.com\/fr\/wp-json\/wp\/v2\/types\/page"}],"author":[{"embeddable":true,"href":"https:\/\/vasexperts.com\/fr\/wp-json\/wp\/v2\/users\/1"}],"replies":[{"embeddable":true,"href":"https:\/\/vasexperts.com\/fr\/wp-json\/wp\/v2\/comments?post=134"}],"version-history":[{"count":6,"href":"https:\/\/vasexperts.com\/fr\/wp-json\/wp\/v2\/pages\/134\/revisions"}],"predecessor-version":[{"id":12135,"href":"https:\/\/vasexperts.com\/fr\/wp-json\/wp\/v2\/pages\/134\/revisions\/12135"}],"up":[{"embeddable":true,"href":"https:\/\/vasexperts.com\/fr\/wp-json\/wp\/v2\/pages\/290"}],"wp:attachment":[{"href":"https:\/\/vasexperts.com\/fr\/wp-json\/wp\/v2\/media?parent=134"}],"curies":[{"name":"wp","href":"https:\/\/api.w.org\/{rel}","templated":true}]}}