{"id":114,"date":"2020-07-02T14:26:08","date_gmt":"2020-07-02T11:26:08","guid":{"rendered":"https:\/\/vasexperts-ru.hst11.itglobal.com\/?page_id=114"},"modified":"2026-04-23T11:20:23","modified_gmt":"2026-04-23T08:20:23","slug":"wifi-hotspot-management","status":"publish","type":"page","link":"https:\/\/vasexperts.com\/fr\/solutions\/internet-service-providers\/wifi-hotspot-management\/","title":{"rendered":"Gestion des points d&rsquo;acc\u00e8s Wi-Fi"},"content":{"rendered":"","protected":false},"excerpt":{"rendered":"","protected":false},"author":1,"featured_media":0,"parent":14183,"menu_order":0,"comment_status":"closed","ping_status":"closed","template":"","meta":{"footnotes":""},"class_list":["post-114","page","type-page","status-publish","hentry"],"yoast_head":"<!-- This site is optimized with the Yoast SEO plugin v23.1 - https:\/\/yoast.com\/wordpress\/plugins\/seo\/ -->\n<title>(English) VASExperts<\/title>\n<meta name=\"robots\" content=\"index, follow, max-snippet:-1, max-image-preview:large, max-video-preview:-1\" \/>\n<script type=\"application\/ld+json\" class=\"yoast-schema-graph\">{\"@context\":\"https:\/\/schema.org\",\"@graph\":[{\"@type\":\"WebPage\",\"@id\":\"https:\/\/vasexperts.com\/solutions\/internet-service-providers\/wifi-hotspot-management\/\",\"url\":\"https:\/\/vasexperts.com\/solutions\/internet-service-providers\/wifi-hotspot-management\/\",\"name\":\"[:en]WiFi HotSpot management with GUI: solution for ISPs and telecoms[:es]Gesti\u00f3n WiFi HotSpot con GUI: soluci\u00f3n para ISP y telecomunicaciones[:fr]Gestion des HotSpots WiFi avec GUI : solution pour les ISP et les t\u00e9l\u00e9coms[:br]Gerenciamento de HotSpot WiFi com GUI: solu\u00e7\u00e3o para ISPs e telecomunica\u00e7\u00f5es\",\"isPartOf\":{\"@id\":\"https:\/\/vasexperts.com\/#website\"},\"datePublished\":\"2020-07-02T11:26:08+00:00\",\"dateModified\":\"2026-04-23T08:20:23+00:00\",\"description\":\"[:en]The Stingray platform with GUI makes operators\u2019 work more convenient. We offer a solution for easy Wi-Fi HotSpot Management using graphical interface.[:es]La plataforma Stingray con GUI hace que el trabajo de los operadores sea m\u00e1s conveniente. Ofrecemos una soluci\u00f3n para facilitar Wi-Fi HotSpot Management mediante una interfaz gr\u00e1fica.[:fr]La plateforme Stingray avec interface graphique rend le travail des op\u00e9rateurs plus pratique. Nous offrons une solution pour la gestion facile des HotSpots Wi-Fi \u00e0 l'aide d'une interface graphique.[:br]A plataforma Stingray com GUI torna o trabalho dos operadores mais conveniente. Oferecemos uma solu\u00e7\u00e3o para facilitar o gerenciamento do HotSpot Wi-Fi usando uma interface gr\u00e1fica.\",\"breadcrumb\":{\"@id\":\"https:\/\/vasexperts.com\/solutions\/internet-service-providers\/wifi-hotspot-management\/#breadcrumb\"},\"inLanguage\":\"fr-FR\",\"potentialAction\":[{\"@type\":\"ReadAction\",\"target\":[\"https:\/\/vasexperts.com\/solutions\/internet-service-providers\/wifi-hotspot-management\/\"]}]},{\"@type\":\"BreadcrumbList\",\"@id\":\"https:\/\/vasexperts.com\/solutions\/internet-service-providers\/wifi-hotspot-management\/#breadcrumb\",\"itemListElement\":[{\"@type\":\"ListItem\",\"position\":1,\"name\":\"\u0413\u043b\u0430\u0432\u043d\u0430\u044f \u0441\u0442\u0440\u0430\u043d\u0438\u0446\u0430\",\"item\":\"https:\/\/vasexperts.com\/\"},{\"@type\":\"ListItem\",\"position\":2,\"name\":\"Solutions\",\"item\":\"https:\/\/vasexperts.com\/solutions\/\"},{\"@type\":\"ListItem\",\"position\":3,\"name\":\"Internet Service Providers\",\"item\":\"https:\/\/vasexperts.com\/solutions\/internet-service-providers\/\"},{\"@type\":\"ListItem\",\"position\":4,\"name\":\"WiFi HotSpot Management\"}]},{\"@type\":\"WebSite\",\"@id\":\"https:\/\/vasexperts.com\/#website\",\"url\":\"https:\/\/vasexperts.com\/\",\"name\":\"ITGLOBAL.COM\",\"description\":\"(English) VASExperts\",\"inLanguage\":\"fr-FR\"}]}<\/script>\n<!-- \/ Yoast SEO plugin. -->","yoast_head_json":{"title":"(English) VASExperts","robots":{"index":"index","follow":"follow","max-snippet":"max-snippet:-1","max-image-preview":"max-image-preview:large","max-video-preview":"max-video-preview:-1"},"schema":{"@context":"https:\/\/schema.org","@graph":[{"@type":"WebPage","@id":"https:\/\/vasexperts.com\/solutions\/internet-service-providers\/wifi-hotspot-management\/","url":"https:\/\/vasexperts.com\/solutions\/internet-service-providers\/wifi-hotspot-management\/","name":"[:en]WiFi HotSpot management with GUI: solution for ISPs and telecoms[:es]Gesti\u00f3n WiFi HotSpot con GUI: soluci\u00f3n para ISP y telecomunicaciones[:fr]Gestion des HotSpots WiFi avec GUI : solution pour les ISP et les t\u00e9l\u00e9coms[:br]Gerenciamento de HotSpot WiFi com GUI: solu\u00e7\u00e3o para ISPs e telecomunica\u00e7\u00f5es","isPartOf":{"@id":"https:\/\/vasexperts.com\/#website"},"datePublished":"2020-07-02T11:26:08+00:00","dateModified":"2026-04-23T08:20:23+00:00","description":"[:en]The Stingray platform with GUI makes operators\u2019 work more convenient. We offer a solution for easy Wi-Fi HotSpot Management using graphical interface.[:es]La plataforma Stingray con GUI hace que el trabajo de los operadores sea m\u00e1s conveniente. Ofrecemos una soluci\u00f3n para facilitar Wi-Fi HotSpot Management mediante una interfaz gr\u00e1fica.[:fr]La plateforme Stingray avec interface graphique rend le travail des op\u00e9rateurs plus pratique. Nous offrons une solution pour la gestion facile des HotSpots Wi-Fi \u00e0 l'aide d'une interface graphique.[:br]A plataforma Stingray com GUI torna o trabalho dos operadores mais conveniente. Oferecemos uma solu\u00e7\u00e3o para facilitar o gerenciamento do HotSpot Wi-Fi usando uma interface gr\u00e1fica.","breadcrumb":{"@id":"https:\/\/vasexperts.com\/solutions\/internet-service-providers\/wifi-hotspot-management\/#breadcrumb"},"inLanguage":"fr-FR","potentialAction":[{"@type":"ReadAction","target":["https:\/\/vasexperts.com\/solutions\/internet-service-providers\/wifi-hotspot-management\/"]}]},{"@type":"BreadcrumbList","@id":"https:\/\/vasexperts.com\/solutions\/internet-service-providers\/wifi-hotspot-management\/#breadcrumb","itemListElement":[{"@type":"ListItem","position":1,"name":"\u0413\u043b\u0430\u0432\u043d\u0430\u044f \u0441\u0442\u0440\u0430\u043d\u0438\u0446\u0430","item":"https:\/\/vasexperts.com\/"},{"@type":"ListItem","position":2,"name":"Solutions","item":"https:\/\/vasexperts.com\/solutions\/"},{"@type":"ListItem","position":3,"name":"Internet Service Providers","item":"https:\/\/vasexperts.com\/solutions\/internet-service-providers\/"},{"@type":"ListItem","position":4,"name":"WiFi HotSpot Management"}]},{"@type":"WebSite","@id":"https:\/\/vasexperts.com\/#website","url":"https:\/\/vasexperts.com\/","name":"ITGLOBAL.COM","description":"(English) VASExperts","inLanguage":"fr-FR"}]}},"_links":{"self":[{"href":"https:\/\/vasexperts.com\/fr\/wp-json\/wp\/v2\/pages\/114"}],"collection":[{"href":"https:\/\/vasexperts.com\/fr\/wp-json\/wp\/v2\/pages"}],"about":[{"href":"https:\/\/vasexperts.com\/fr\/wp-json\/wp\/v2\/types\/page"}],"author":[{"embeddable":true,"href":"https:\/\/vasexperts.com\/fr\/wp-json\/wp\/v2\/users\/1"}],"replies":[{"embeddable":true,"href":"https:\/\/vasexperts.com\/fr\/wp-json\/wp\/v2\/comments?post=114"}],"version-history":[{"count":6,"href":"https:\/\/vasexperts.com\/fr\/wp-json\/wp\/v2\/pages\/114\/revisions"}],"predecessor-version":[{"id":14190,"href":"https:\/\/vasexperts.com\/fr\/wp-json\/wp\/v2\/pages\/114\/revisions\/14190"}],"up":[{"embeddable":true,"href":"https:\/\/vasexperts.com\/fr\/wp-json\/wp\/v2\/pages\/14183"}],"wp:attachment":[{"href":"https:\/\/vasexperts.com\/fr\/wp-json\/wp\/v2\/media?parent=114"}],"curies":[{"name":"wp","href":"https:\/\/api.w.org\/{rel}","templated":true}]}}