{"id":110,"date":"2020-07-02T14:13:04","date_gmt":"2020-07-02T11:13:04","guid":{"rendered":"https:\/\/vasexperts-ru.hst11.itglobal.com\/?page_id=110"},"modified":"2025-10-23T13:45:55","modified_gmt":"2025-10-23T10:45:55","slug":"bras-bng","status":"publish","type":"page","link":"https:\/\/vasexperts.com\/fr\/products\/bras-bng\/","title":{"rendered":"BRAS\/BNG"},"content":{"rendered":"","protected":false},"excerpt":{"rendered":"","protected":false},"author":1,"featured_media":0,"parent":288,"menu_order":0,"comment_status":"closed","ping_status":"closed","template":"","meta":{"footnotes":""},"class_list":["post-110","page","type-page","status-publish","hentry"],"yoast_head":"<!-- This site is optimized with the Yoast SEO plugin v23.1 - https:\/\/yoast.com\/wordpress\/plugins\/seo\/ -->\n<title>(English) VASExperts<\/title>\n<meta name=\"robots\" content=\"index, follow, max-snippet:-1, max-image-preview:large, max-video-preview:-1\" \/>\n<script type=\"application\/ld+json\" class=\"yoast-schema-graph\">{\"@context\":\"https:\/\/schema.org\",\"@graph\":[{\"@type\":\"WebPage\",\"@id\":\"https:\/\/vasexperts.com\/products\/bras-bng\/\",\"url\":\"https:\/\/vasexperts.com\/products\/bras-bng\/\",\"name\":\"[:en]BNG\/BRAS Software Platform for ISPs \u2014 Scalable Subscriber and Traffic Management[:es]Plataforma de software BNG\/BRAS para ISP: gesti\u00f3n escalable de suscriptores y tr\u00e1fico[:fr]Plateforme logicielle BNG\/BRAS pour les FAI \u2014 Gestion \u00e9volutive des abonn\u00e9s et du trafic[:br]Plataforma de software BNG\/BRAS para provedores de servi\u00e7os de Internet \u2014 Gerenciamento escal\u00e1vel de assinantes e tr\u00e1fego\",\"isPartOf\":{\"@id\":\"https:\/\/vasexperts.com\/#website\"},\"datePublished\":\"2020-07-02T11:13:04+00:00\",\"dateModified\":\"2025-10-23T10:45:55+00:00\",\"description\":\"[:en]Deploy a high-performance BNG\/BRAS software platform for efficient subscriber management, and flexible integration with RADIUS, DHCP, PPPoE, and DPI systems. Perfect for ISPs of any scale[:es]Implemente una plataforma de software BNG\/BRAS de alto rendimiento para una gesti\u00f3n eficiente de los suscriptores y una integraci\u00f3n flexible con RADIUS, DHCP, PPPoE y DPI. Perfecto para ISP de cualquier tama\u00f1o.[:fr]D\u00e9ployez une plateforme logicielle BNG\/BRAS haute performance pour une gestion efficace des abonn\u00e9s et une int\u00e9gration flexible avec RADIUS, DHCP, PPPoE et DPI. Id\u00e9al pour les FAI de toute taille.[:br]Implemente uma plataforma de software BNG\/BRAS de alto desempenho para gerenciamento eficiente de assinantes e integra\u00e7\u00e3o flex\u00edvel com RADIUS, DHCP, PPPoE e DPI sistemas. Perfeito para provedores de internet de qualquer porte.\",\"breadcrumb\":{\"@id\":\"https:\/\/vasexperts.com\/products\/bras-bng\/#breadcrumb\"},\"inLanguage\":\"fr-FR\",\"potentialAction\":[{\"@type\":\"ReadAction\",\"target\":[\"https:\/\/vasexperts.com\/products\/bras-bng\/\"]}]},{\"@type\":\"BreadcrumbList\",\"@id\":\"https:\/\/vasexperts.com\/products\/bras-bng\/#breadcrumb\",\"itemListElement\":[{\"@type\":\"ListItem\",\"position\":1,\"name\":\"\u0413\u043b\u0430\u0432\u043d\u0430\u044f \u0441\u0442\u0440\u0430\u043d\u0438\u0446\u0430\",\"item\":\"https:\/\/vasexperts.com\/\"},{\"@type\":\"ListItem\",\"position\":2,\"name\":\"Products\",\"item\":\"https:\/\/vasexperts.com\/products\/\"},{\"@type\":\"ListItem\",\"position\":3,\"name\":\"BRAS\/BNG\"}]},{\"@type\":\"WebSite\",\"@id\":\"https:\/\/vasexperts.com\/#website\",\"url\":\"https:\/\/vasexperts.com\/\",\"name\":\"ITGLOBAL.COM\",\"description\":\"(English) VASExperts\",\"inLanguage\":\"fr-FR\"}]}<\/script>\n<!-- \/ Yoast SEO plugin. -->","yoast_head_json":{"title":"(English) VASExperts","robots":{"index":"index","follow":"follow","max-snippet":"max-snippet:-1","max-image-preview":"max-image-preview:large","max-video-preview":"max-video-preview:-1"},"schema":{"@context":"https:\/\/schema.org","@graph":[{"@type":"WebPage","@id":"https:\/\/vasexperts.com\/products\/bras-bng\/","url":"https:\/\/vasexperts.com\/products\/bras-bng\/","name":"[:en]BNG\/BRAS Software Platform for ISPs \u2014 Scalable Subscriber and Traffic Management[:es]Plataforma de software BNG\/BRAS para ISP: gesti\u00f3n escalable de suscriptores y tr\u00e1fico[:fr]Plateforme logicielle BNG\/BRAS pour les FAI \u2014 Gestion \u00e9volutive des abonn\u00e9s et du trafic[:br]Plataforma de software BNG\/BRAS para provedores de servi\u00e7os de Internet \u2014 Gerenciamento escal\u00e1vel de assinantes e tr\u00e1fego","isPartOf":{"@id":"https:\/\/vasexperts.com\/#website"},"datePublished":"2020-07-02T11:13:04+00:00","dateModified":"2025-10-23T10:45:55+00:00","description":"[:en]Deploy a high-performance BNG\/BRAS software platform for efficient subscriber management, and flexible integration with RADIUS, DHCP, PPPoE, and DPI systems. Perfect for ISPs of any scale[:es]Implemente una plataforma de software BNG\/BRAS de alto rendimiento para una gesti\u00f3n eficiente de los suscriptores y una integraci\u00f3n flexible con RADIUS, DHCP, PPPoE y DPI. Perfecto para ISP de cualquier tama\u00f1o.[:fr]D\u00e9ployez une plateforme logicielle BNG\/BRAS haute performance pour une gestion efficace des abonn\u00e9s et une int\u00e9gration flexible avec RADIUS, DHCP, PPPoE et DPI. Id\u00e9al pour les FAI de toute taille.[:br]Implemente uma plataforma de software BNG\/BRAS de alto desempenho para gerenciamento eficiente de assinantes e integra\u00e7\u00e3o flex\u00edvel com RADIUS, DHCP, PPPoE e DPI sistemas. Perfeito para provedores de internet de qualquer porte.","breadcrumb":{"@id":"https:\/\/vasexperts.com\/products\/bras-bng\/#breadcrumb"},"inLanguage":"fr-FR","potentialAction":[{"@type":"ReadAction","target":["https:\/\/vasexperts.com\/products\/bras-bng\/"]}]},{"@type":"BreadcrumbList","@id":"https:\/\/vasexperts.com\/products\/bras-bng\/#breadcrumb","itemListElement":[{"@type":"ListItem","position":1,"name":"\u0413\u043b\u0430\u0432\u043d\u0430\u044f \u0441\u0442\u0440\u0430\u043d\u0438\u0446\u0430","item":"https:\/\/vasexperts.com\/"},{"@type":"ListItem","position":2,"name":"Products","item":"https:\/\/vasexperts.com\/products\/"},{"@type":"ListItem","position":3,"name":"BRAS\/BNG"}]},{"@type":"WebSite","@id":"https:\/\/vasexperts.com\/#website","url":"https:\/\/vasexperts.com\/","name":"ITGLOBAL.COM","description":"(English) VASExperts","inLanguage":"fr-FR"}]}},"_links":{"self":[{"href":"https:\/\/vasexperts.com\/fr\/wp-json\/wp\/v2\/pages\/110"}],"collection":[{"href":"https:\/\/vasexperts.com\/fr\/wp-json\/wp\/v2\/pages"}],"about":[{"href":"https:\/\/vasexperts.com\/fr\/wp-json\/wp\/v2\/types\/page"}],"author":[{"embeddable":true,"href":"https:\/\/vasexperts.com\/fr\/wp-json\/wp\/v2\/users\/1"}],"replies":[{"embeddable":true,"href":"https:\/\/vasexperts.com\/fr\/wp-json\/wp\/v2\/comments?post=110"}],"version-history":[{"count":11,"href":"https:\/\/vasexperts.com\/fr\/wp-json\/wp\/v2\/pages\/110\/revisions"}],"predecessor-version":[{"id":13542,"href":"https:\/\/vasexperts.com\/fr\/wp-json\/wp\/v2\/pages\/110\/revisions\/13542"}],"up":[{"embeddable":true,"href":"https:\/\/vasexperts.com\/fr\/wp-json\/wp\/v2\/pages\/288"}],"wp:attachment":[{"href":"https:\/\/vasexperts.com\/fr\/wp-json\/wp\/v2\/media?parent=110"}],"curies":[{"name":"wp","href":"https:\/\/api.w.org\/{rel}","templated":true}]}}