{"id":11,"date":"2020-06-01T11:55:52","date_gmt":"2020-06-01T08:55:52","guid":{"rendered":"https:\/\/vasexperts-ru.hst11.itglobal.com\/?page_id=11"},"modified":"2026-02-26T16:52:53","modified_gmt":"2026-02-26T13:52:53","slug":"glavnaya","status":"publish","type":"page","link":"https:\/\/vasexperts.com\/fr\/","title":{"rendered":"Solutions logicielles pour les r\u00e9seaux de T\u00e9l\u00e9com et d&rsquo;entreprise"},"content":{"rendered":"","protected":false},"excerpt":{"rendered":"","protected":false},"author":7,"featured_media":0,"parent":0,"menu_order":0,"comment_status":"closed","ping_status":"closed","template":"","meta":{"footnotes":""},"class_list":["post-11","page","type-page","status-publish","hentry"],"yoast_head":"<!-- This site is optimized with the Yoast SEO plugin v23.1 - https:\/\/yoast.com\/wordpress\/plugins\/seo\/ -->\n<title>(English) VASExperts<\/title>\n<meta name=\"robots\" content=\"index, follow, max-snippet:-1, max-image-preview:large, max-video-preview:-1\" \/>\n<script type=\"application\/ld+json\" class=\"yoast-schema-graph\">{\"@context\":\"https:\/\/schema.org\",\"@graph\":[{\"@type\":\"WebPage\",\"@id\":\"https:\/\/vasexperts.com\/\",\"url\":\"https:\/\/vasexperts.com\/\",\"name\":\"[:en]Solutions for Telecom Providers and Networks | VAS Experts[:es]Soluciones para los Proveedores de Telecomunicaciones y Redes | VAS Experts[:fr]Solutions logicielles pour les r\u00e9seaux de T\u00e9l\u00e9com | VAS Experts[:br]Solu\u00e7\u00f5es para provedores de telecomunica\u00e7\u00f5es e redes | VAS Experts\",\"isPartOf\":{\"@id\":\"https:\/\/vasexperts.com\/#website\"},\"datePublished\":\"2020-06-01T08:55:52+00:00\",\"dateModified\":\"2026-02-26T13:52:53+00:00\",\"description\":\"[:es]VAS Experts desarrolla soluciones para redes, telecomunicaciones e ISPs (Proveedores de servicios). Nuestros productos est\u00e1n basados en tecnolog\u00eda DPI(Inspeccion profunda de paquetes). Llamenos si usted desea de nuestros servicios.[:en]VAS Experts develops solutions for networks, telcos and ISPs. Our products are based on DPI technology. Call us if you want to get a quote.[:fr]VAS Experts d\u00e9veloppe des solutions pour les r\u00e9seaux, les telcos et les ISP. Nos produits sont bas\u00e9s sur la technologie DPI. Appelez-nous si vous souhaitez obtenir un devis.[:br]A VAS Experts desenvolve solu\u00e7\u00f5es para redes, operadoras de telecomunica\u00e7\u00f5es e provedores de internet. Nossos produtos s\u00e3o baseados na tecnologia DPI. Entre em contato conosco se desejar um or\u00e7amento.\",\"breadcrumb\":{\"@id\":\"https:\/\/vasexperts.com\/#breadcrumb\"},\"inLanguage\":\"fr-FR\",\"potentialAction\":[{\"@type\":\"ReadAction\",\"target\":[\"https:\/\/vasexperts.com\/\"]}]},{\"@type\":\"BreadcrumbList\",\"@id\":\"https:\/\/vasexperts.com\/#breadcrumb\",\"itemListElement\":[{\"@type\":\"ListItem\",\"position\":1,\"name\":\"\u0413\u043b\u0430\u0432\u043d\u0430\u044f \u0441\u0442\u0440\u0430\u043d\u0438\u0446\u0430\",\"item\":\"https:\/\/vasexperts.com\/\"},{\"@type\":\"ListItem\",\"position\":2,\"name\":\"Software Solutions for Telecom and Corporate Networks\"}]},{\"@type\":\"WebSite\",\"@id\":\"https:\/\/vasexperts.com\/#website\",\"url\":\"https:\/\/vasexperts.com\/\",\"name\":\"ITGLOBAL.COM\",\"description\":\"(English) VASExperts\",\"inLanguage\":\"fr-FR\"}]}<\/script>\n<!-- \/ Yoast SEO plugin. -->","yoast_head_json":{"title":"(English) VASExperts","robots":{"index":"index","follow":"follow","max-snippet":"max-snippet:-1","max-image-preview":"max-image-preview:large","max-video-preview":"max-video-preview:-1"},"schema":{"@context":"https:\/\/schema.org","@graph":[{"@type":"WebPage","@id":"https:\/\/vasexperts.com\/","url":"https:\/\/vasexperts.com\/","name":"[:en]Solutions for Telecom Providers and Networks | VAS Experts[:es]Soluciones para los Proveedores de Telecomunicaciones y Redes | VAS Experts[:fr]Solutions logicielles pour les r\u00e9seaux de T\u00e9l\u00e9com | VAS Experts[:br]Solu\u00e7\u00f5es para provedores de telecomunica\u00e7\u00f5es e redes | VAS Experts","isPartOf":{"@id":"https:\/\/vasexperts.com\/#website"},"datePublished":"2020-06-01T08:55:52+00:00","dateModified":"2026-02-26T13:52:53+00:00","description":"[:es]VAS Experts desarrolla soluciones para redes, telecomunicaciones e ISPs (Proveedores de servicios). Nuestros productos est\u00e1n basados en tecnolog\u00eda DPI(Inspeccion profunda de paquetes). Llamenos si usted desea de nuestros servicios.[:en]VAS Experts develops solutions for networks, telcos and ISPs. Our products are based on DPI technology. Call us if you want to get a quote.[:fr]VAS Experts d\u00e9veloppe des solutions pour les r\u00e9seaux, les telcos et les ISP. Nos produits sont bas\u00e9s sur la technologie DPI. Appelez-nous si vous souhaitez obtenir un devis.[:br]A VAS Experts desenvolve solu\u00e7\u00f5es para redes, operadoras de telecomunica\u00e7\u00f5es e provedores de internet. Nossos produtos s\u00e3o baseados na tecnologia DPI. Entre em contato conosco se desejar um or\u00e7amento.","breadcrumb":{"@id":"https:\/\/vasexperts.com\/#breadcrumb"},"inLanguage":"fr-FR","potentialAction":[{"@type":"ReadAction","target":["https:\/\/vasexperts.com\/"]}]},{"@type":"BreadcrumbList","@id":"https:\/\/vasexperts.com\/#breadcrumb","itemListElement":[{"@type":"ListItem","position":1,"name":"\u0413\u043b\u0430\u0432\u043d\u0430\u044f \u0441\u0442\u0440\u0430\u043d\u0438\u0446\u0430","item":"https:\/\/vasexperts.com\/"},{"@type":"ListItem","position":2,"name":"Software Solutions for Telecom and Corporate Networks"}]},{"@type":"WebSite","@id":"https:\/\/vasexperts.com\/#website","url":"https:\/\/vasexperts.com\/","name":"ITGLOBAL.COM","description":"(English) VASExperts","inLanguage":"fr-FR"}]}},"_links":{"self":[{"href":"https:\/\/vasexperts.com\/fr\/wp-json\/wp\/v2\/pages\/11"}],"collection":[{"href":"https:\/\/vasexperts.com\/fr\/wp-json\/wp\/v2\/pages"}],"about":[{"href":"https:\/\/vasexperts.com\/fr\/wp-json\/wp\/v2\/types\/page"}],"author":[{"embeddable":true,"href":"https:\/\/vasexperts.com\/fr\/wp-json\/wp\/v2\/users\/7"}],"replies":[{"embeddable":true,"href":"https:\/\/vasexperts.com\/fr\/wp-json\/wp\/v2\/comments?post=11"}],"version-history":[{"count":10,"href":"https:\/\/vasexperts.com\/fr\/wp-json\/wp\/v2\/pages\/11\/revisions"}],"predecessor-version":[{"id":13991,"href":"https:\/\/vasexperts.com\/fr\/wp-json\/wp\/v2\/pages\/11\/revisions\/13991"}],"wp:attachment":[{"href":"https:\/\/vasexperts.com\/fr\/wp-json\/wp\/v2\/media?parent=11"}],"curies":[{"name":"wp","href":"https:\/\/api.w.org\/{rel}","templated":true}]}}