{"id":77,"date":"2020-07-02T13:42:16","date_gmt":"2020-07-02T10:42:16","guid":{"rendered":"https:\/\/vasexperts-ru.hst11.itglobal.com\/?page_id=77"},"modified":"2025-08-10T22:09:15","modified_gmt":"2025-08-10T19:09:15","slug":"acl","status":"publish","type":"page","link":"https:\/\/vasexperts.com\/es\/products\/stingray\/acl\/","title":{"rendered":"Lista de Control de Acceso (ACL)"},"content":{"rendered":"","protected":false},"excerpt":{"rendered":"","protected":false},"author":1,"featured_media":0,"parent":19,"menu_order":0,"comment_status":"closed","ping_status":"closed","template":"","meta":{"footnotes":""},"class_list":["post-77","page","type-page","status-publish","hentry"],"yoast_head":"<!-- This site is optimized with the Yoast SEO plugin v23.1 - https:\/\/yoast.com\/wordpress\/plugins\/seo\/ -->\n<title>VAS Experts<\/title>\n<meta name=\"robots\" content=\"index, follow, max-snippet:-1, max-image-preview:large, max-video-preview:-1\" \/>\n<script type=\"application\/ld+json\" class=\"yoast-schema-graph\">{\"@context\":\"https:\/\/schema.org\",\"@graph\":[{\"@type\":\"WebPage\",\"@id\":\"https:\/\/vasexperts.com\/products\/stingray\/acl\/\",\"url\":\"https:\/\/vasexperts.com\/products\/stingray\/acl\/\",\"name\":\"[:en]Access control list (ACL): solution for telcos and networks | VAS Experts[:es]Access control list (ACL): soluci\u00f3n para telecomunicaciones y redes | VAS Experts[:fr]Liste de contr\u00f4le d'acc\u00e8s (ACL): solution pour les op\u00e9rateurs t\u00e9l\u00e9coms et les r\u00e9seaux | VAS Experts[:br]Lista de controle de acesso (ACL): solu\u00e7\u00e3o para empresas de telecomunica\u00e7\u00f5es e redes | VAS Experts\",\"isPartOf\":{\"@id\":\"https:\/\/vasexperts.com\/#website\"},\"datePublished\":\"2020-07-02T10:42:16+00:00\",\"dateModified\":\"2025-08-10T19:09:15+00:00\",\"description\":\"[:en]Familiarize yourself with the Stingray Service Gateway, which allows you to implement smart Access Control Lists (ACL). Stingray platform manages traffic up to the 7th level of OSI.[:es]Familiar\u00edcese con la puerta de enlace de servicios de Stingray, que le permite implementar listas de control de acceso (ACL) inteligentes. La plataforma Stingray gestiona el tr\u00e1fico hasta el s\u00e9ptimo nivel de OSI.[:fr]Familiarisez-vous avec la passerelle de services Stingray, qui vous permet d'impl\u00e9menter des listes de contr\u00f4le d'acc\u00e8s (ACL) intelligentes. La plateforme Stingray g\u00e8re le trafic jusqu'au 7\u00e8me niveau de l'OSI.[:br]Familiarize-se com o Stingray Service Gateway, que permite implementar Listas de Controle de Acesso (ACLs) inteligentes. A plataforma Stingray gerencia tr\u00e1fego at\u00e9 o 7\u00ba n\u00edvel do OSI.\",\"breadcrumb\":{\"@id\":\"https:\/\/vasexperts.com\/products\/stingray\/acl\/#breadcrumb\"},\"inLanguage\":\"es\",\"potentialAction\":[{\"@type\":\"ReadAction\",\"target\":[\"https:\/\/vasexperts.com\/products\/stingray\/acl\/\"]}]},{\"@type\":\"BreadcrumbList\",\"@id\":\"https:\/\/vasexperts.com\/products\/stingray\/acl\/#breadcrumb\",\"itemListElement\":[{\"@type\":\"ListItem\",\"position\":1,\"name\":\"\u0413\u043b\u0430\u0432\u043d\u0430\u044f \u0441\u0442\u0440\u0430\u043d\u0438\u0446\u0430\",\"item\":\"https:\/\/vasexperts.com\/\"},{\"@type\":\"ListItem\",\"position\":2,\"name\":\"Products\",\"item\":\"https:\/\/vasexperts.com\/products\/\"},{\"@type\":\"ListItem\",\"position\":3,\"name\":\"Stingray Service Gateway\",\"item\":\"https:\/\/vasexperts.com\/products\/stingray\/\"},{\"@type\":\"ListItem\",\"position\":4,\"name\":\"Access Control List (ACL)\"}]},{\"@type\":\"WebSite\",\"@id\":\"https:\/\/vasexperts.com\/#website\",\"url\":\"https:\/\/vasexperts.com\/\",\"name\":\"ITGLOBAL.COM\",\"description\":\"(English) VASExperts\",\"inLanguage\":\"es\"}]}<\/script>\n<!-- \/ Yoast SEO plugin. -->","yoast_head_json":{"title":"VAS Experts","robots":{"index":"index","follow":"follow","max-snippet":"max-snippet:-1","max-image-preview":"max-image-preview:large","max-video-preview":"max-video-preview:-1"},"schema":{"@context":"https:\/\/schema.org","@graph":[{"@type":"WebPage","@id":"https:\/\/vasexperts.com\/products\/stingray\/acl\/","url":"https:\/\/vasexperts.com\/products\/stingray\/acl\/","name":"[:en]Access control list (ACL): solution for telcos and networks | VAS Experts[:es]Access control list (ACL): soluci\u00f3n para telecomunicaciones y redes | VAS Experts[:fr]Liste de contr\u00f4le d'acc\u00e8s (ACL): solution pour les op\u00e9rateurs t\u00e9l\u00e9coms et les r\u00e9seaux | VAS Experts[:br]Lista de controle de acesso (ACL): solu\u00e7\u00e3o para empresas de telecomunica\u00e7\u00f5es e redes | VAS Experts","isPartOf":{"@id":"https:\/\/vasexperts.com\/#website"},"datePublished":"2020-07-02T10:42:16+00:00","dateModified":"2025-08-10T19:09:15+00:00","description":"[:en]Familiarize yourself with the Stingray Service Gateway, which allows you to implement smart Access Control Lists (ACL). Stingray platform manages traffic up to the 7th level of OSI.[:es]Familiar\u00edcese con la puerta de enlace de servicios de Stingray, que le permite implementar listas de control de acceso (ACL) inteligentes. La plataforma Stingray gestiona el tr\u00e1fico hasta el s\u00e9ptimo nivel de OSI.[:fr]Familiarisez-vous avec la passerelle de services Stingray, qui vous permet d'impl\u00e9menter des listes de contr\u00f4le d'acc\u00e8s (ACL) intelligentes. La plateforme Stingray g\u00e8re le trafic jusqu'au 7\u00e8me niveau de l'OSI.[:br]Familiarize-se com o Stingray Service Gateway, que permite implementar Listas de Controle de Acesso (ACLs) inteligentes. A plataforma Stingray gerencia tr\u00e1fego at\u00e9 o 7\u00ba n\u00edvel do OSI.","breadcrumb":{"@id":"https:\/\/vasexperts.com\/products\/stingray\/acl\/#breadcrumb"},"inLanguage":"es","potentialAction":[{"@type":"ReadAction","target":["https:\/\/vasexperts.com\/products\/stingray\/acl\/"]}]},{"@type":"BreadcrumbList","@id":"https:\/\/vasexperts.com\/products\/stingray\/acl\/#breadcrumb","itemListElement":[{"@type":"ListItem","position":1,"name":"\u0413\u043b\u0430\u0432\u043d\u0430\u044f \u0441\u0442\u0440\u0430\u043d\u0438\u0446\u0430","item":"https:\/\/vasexperts.com\/"},{"@type":"ListItem","position":2,"name":"Products","item":"https:\/\/vasexperts.com\/products\/"},{"@type":"ListItem","position":3,"name":"Stingray Service Gateway","item":"https:\/\/vasexperts.com\/products\/stingray\/"},{"@type":"ListItem","position":4,"name":"Access Control List (ACL)"}]},{"@type":"WebSite","@id":"https:\/\/vasexperts.com\/#website","url":"https:\/\/vasexperts.com\/","name":"ITGLOBAL.COM","description":"(English) VASExperts","inLanguage":"es"}]}},"_links":{"self":[{"href":"https:\/\/vasexperts.com\/es\/wp-json\/wp\/v2\/pages\/77"}],"collection":[{"href":"https:\/\/vasexperts.com\/es\/wp-json\/wp\/v2\/pages"}],"about":[{"href":"https:\/\/vasexperts.com\/es\/wp-json\/wp\/v2\/types\/page"}],"author":[{"embeddable":true,"href":"https:\/\/vasexperts.com\/es\/wp-json\/wp\/v2\/users\/1"}],"replies":[{"embeddable":true,"href":"https:\/\/vasexperts.com\/es\/wp-json\/wp\/v2\/comments?post=77"}],"version-history":[{"count":6,"href":"https:\/\/vasexperts.com\/es\/wp-json\/wp\/v2\/pages\/77\/revisions"}],"predecessor-version":[{"id":12170,"href":"https:\/\/vasexperts.com\/es\/wp-json\/wp\/v2\/pages\/77\/revisions\/12170"}],"up":[{"embeddable":true,"href":"https:\/\/vasexperts.com\/es\/wp-json\/wp\/v2\/pages\/19"}],"wp:attachment":[{"href":"https:\/\/vasexperts.com\/es\/wp-json\/wp\/v2\/media?parent=77"}],"curies":[{"name":"wp","href":"https:\/\/api.w.org\/{rel}","templated":true}]}}