{"id":4902,"date":"2021-07-09T10:57:13","date_gmt":"2021-07-09T07:57:13","guid":{"rendered":"https:\/\/vasexperts.com\/?page_id=4902"},"modified":"2025-10-28T11:36:04","modified_gmt":"2025-10-28T08:36:04","slug":"partner-program","status":"publish","type":"page","link":"https:\/\/vasexperts.com\/es\/partner\/partner-program\/","title":{"rendered":"Programa de Asociaci\u00f3n"},"content":{"rendered":"","protected":false},"excerpt":{"rendered":"","protected":false},"author":7,"featured_media":0,"parent":3460,"menu_order":0,"comment_status":"closed","ping_status":"closed","template":"","meta":{"footnotes":""},"class_list":["post-4902","page","type-page","status-publish","hentry"],"yoast_head":"<!-- This site is optimized with the Yoast SEO plugin v23.1 - https:\/\/yoast.com\/wordpress\/plugins\/seo\/ -->\n<title>VAS Experts<\/title>\n<meta name=\"robots\" content=\"index, follow, max-snippet:-1, max-image-preview:large, max-video-preview:-1\" \/>\n<script type=\"application\/ld+json\" class=\"yoast-schema-graph\">{\"@context\":\"https:\/\/schema.org\",\"@graph\":[{\"@type\":\"WebPage\",\"@id\":\"https:\/\/vasexperts.com\/partner\/partner-program\/\",\"url\":\"https:\/\/vasexperts.com\/partner\/partner-program\/\",\"name\":\"[:en]Partnership Program \u2014 VAS Experts[:es]Programa de Asociaci\u00f3n \u2014 VAS Experts[:fr]Programme de partenariat \u2014 VAS Experts[:br]Programa de Parceria \u2014 VAS Experts\",\"isPartOf\":{\"@id\":\"https:\/\/vasexperts.com\/#website\"},\"datePublished\":\"2021-07-09T07:57:13+00:00\",\"dateModified\":\"2025-10-28T08:36:04+00:00\",\"description\":\"[:en]Increase your profits with the Stingray Service Gateway platform from VAS Experts. Become our partner and receive comprehensive support and attractive interest rates on every transaction.[:es]Aumente sus ganancias con la plataforma Stingray Service Gateway de VAS Experts. Convi\u00e9rtase en nuestro socio y reciba soporte integral y atractivas tasas de inter\u00e9s en cada transacci\u00f3n.[:fr]Augmentez vos profits gr\u00e2ce \u00e0 la plateforme Stingray Service Gateway de VAS Experts. Devenez notre partenaire et b\u00e9n\u00e9ficiez d'une assistance compl\u00e8te et de taux d'int\u00e9r\u00eat avantageux sur chaque transaction.[:br]Aumente seus lucros com a plataforma Stingray Service Gateway da VAS Experts. Torne-se nosso parceiro e receba suporte completo e taxas de juros atrativas em todas as transa\u00e7\u00f5es.\",\"breadcrumb\":{\"@id\":\"https:\/\/vasexperts.com\/partner\/partner-program\/#breadcrumb\"},\"inLanguage\":\"es\",\"potentialAction\":[{\"@type\":\"ReadAction\",\"target\":[\"https:\/\/vasexperts.com\/partner\/partner-program\/\"]}]},{\"@type\":\"BreadcrumbList\",\"@id\":\"https:\/\/vasexperts.com\/partner\/partner-program\/#breadcrumb\",\"itemListElement\":[{\"@type\":\"ListItem\",\"position\":1,\"name\":\"\u0413\u043b\u0430\u0432\u043d\u0430\u044f \u0441\u0442\u0440\u0430\u043d\u0438\u0446\u0430\",\"item\":\"https:\/\/vasexperts.com\/\"},{\"@type\":\"ListItem\",\"position\":2,\"name\":\"Partners\",\"item\":\"https:\/\/vasexperts.com\/partner\/\"},{\"@type\":\"ListItem\",\"position\":3,\"name\":\"Partner Program\"}]},{\"@type\":\"WebSite\",\"@id\":\"https:\/\/vasexperts.com\/#website\",\"url\":\"https:\/\/vasexperts.com\/\",\"name\":\"ITGLOBAL.COM\",\"description\":\"(English) VASExperts\",\"inLanguage\":\"es\"}]}<\/script>\n<!-- \/ Yoast SEO plugin. -->","yoast_head_json":{"title":"VAS Experts","robots":{"index":"index","follow":"follow","max-snippet":"max-snippet:-1","max-image-preview":"max-image-preview:large","max-video-preview":"max-video-preview:-1"},"schema":{"@context":"https:\/\/schema.org","@graph":[{"@type":"WebPage","@id":"https:\/\/vasexperts.com\/partner\/partner-program\/","url":"https:\/\/vasexperts.com\/partner\/partner-program\/","name":"[:en]Partnership Program \u2014 VAS Experts[:es]Programa de Asociaci\u00f3n \u2014 VAS Experts[:fr]Programme de partenariat \u2014 VAS Experts[:br]Programa de Parceria \u2014 VAS Experts","isPartOf":{"@id":"https:\/\/vasexperts.com\/#website"},"datePublished":"2021-07-09T07:57:13+00:00","dateModified":"2025-10-28T08:36:04+00:00","description":"[:en]Increase your profits with the Stingray Service Gateway platform from VAS Experts. Become our partner and receive comprehensive support and attractive interest rates on every transaction.[:es]Aumente sus ganancias con la plataforma Stingray Service Gateway de VAS Experts. Convi\u00e9rtase en nuestro socio y reciba soporte integral y atractivas tasas de inter\u00e9s en cada transacci\u00f3n.[:fr]Augmentez vos profits gr\u00e2ce \u00e0 la plateforme Stingray Service Gateway de VAS Experts. Devenez notre partenaire et b\u00e9n\u00e9ficiez d'une assistance compl\u00e8te et de taux d'int\u00e9r\u00eat avantageux sur chaque transaction.[:br]Aumente seus lucros com a plataforma Stingray Service Gateway da VAS Experts. Torne-se nosso parceiro e receba suporte completo e taxas de juros atrativas em todas as transa\u00e7\u00f5es.","breadcrumb":{"@id":"https:\/\/vasexperts.com\/partner\/partner-program\/#breadcrumb"},"inLanguage":"es","potentialAction":[{"@type":"ReadAction","target":["https:\/\/vasexperts.com\/partner\/partner-program\/"]}]},{"@type":"BreadcrumbList","@id":"https:\/\/vasexperts.com\/partner\/partner-program\/#breadcrumb","itemListElement":[{"@type":"ListItem","position":1,"name":"\u0413\u043b\u0430\u0432\u043d\u0430\u044f \u0441\u0442\u0440\u0430\u043d\u0438\u0446\u0430","item":"https:\/\/vasexperts.com\/"},{"@type":"ListItem","position":2,"name":"Partners","item":"https:\/\/vasexperts.com\/partner\/"},{"@type":"ListItem","position":3,"name":"Partner Program"}]},{"@type":"WebSite","@id":"https:\/\/vasexperts.com\/#website","url":"https:\/\/vasexperts.com\/","name":"ITGLOBAL.COM","description":"(English) VASExperts","inLanguage":"es"}]}},"_links":{"self":[{"href":"https:\/\/vasexperts.com\/es\/wp-json\/wp\/v2\/pages\/4902"}],"collection":[{"href":"https:\/\/vasexperts.com\/es\/wp-json\/wp\/v2\/pages"}],"about":[{"href":"https:\/\/vasexperts.com\/es\/wp-json\/wp\/v2\/types\/page"}],"author":[{"embeddable":true,"href":"https:\/\/vasexperts.com\/es\/wp-json\/wp\/v2\/users\/7"}],"replies":[{"embeddable":true,"href":"https:\/\/vasexperts.com\/es\/wp-json\/wp\/v2\/comments?post=4902"}],"version-history":[{"count":5,"href":"https:\/\/vasexperts.com\/es\/wp-json\/wp\/v2\/pages\/4902\/revisions"}],"predecessor-version":[{"id":13558,"href":"https:\/\/vasexperts.com\/es\/wp-json\/wp\/v2\/pages\/4902\/revisions\/13558"}],"up":[{"embeddable":true,"href":"https:\/\/vasexperts.com\/es\/wp-json\/wp\/v2\/pages\/3460"}],"wp:attachment":[{"href":"https:\/\/vasexperts.com\/es\/wp-json\/wp\/v2\/media?parent=4902"}],"curies":[{"name":"wp","href":"https:\/\/api.w.org\/{rel}","templated":true}]}}