{"id":37,"date":"2020-06-22T16:48:10","date_gmt":"2020-06-22T13:48:10","guid":{"rendered":"https:\/\/vasexperts-ru.hst11.itglobal.com\/?page_id=37"},"modified":"2025-08-04T12:20:39","modified_gmt":"2025-08-04T09:20:39","slug":"reviews","status":"publish","type":"page","link":"https:\/\/vasexperts.com\/es\/about\/reviews\/","title":{"rendered":"Rese\u00f1as de los clientes"},"content":{"rendered":"","protected":false},"excerpt":{"rendered":"","protected":false},"author":7,"featured_media":0,"parent":14,"menu_order":0,"comment_status":"closed","ping_status":"closed","template":"","meta":{"footnotes":""},"class_list":["post-37","page","type-page","status-publish","hentry"],"yoast_head":"<!-- This site is optimized with the Yoast SEO plugin v23.1 - https:\/\/yoast.com\/wordpress\/plugins\/seo\/ -->\n<title>VAS Experts<\/title>\n<meta name=\"robots\" content=\"index, follow, max-snippet:-1, max-image-preview:large, max-video-preview:-1\" \/>\n<script type=\"application\/ld+json\" class=\"yoast-schema-graph\">{\"@context\":\"https:\/\/schema.org\",\"@graph\":[{\"@type\":\"WebPage\",\"@id\":\"https:\/\/vasexperts.com\/about\/reviews\/\",\"url\":\"https:\/\/vasexperts.com\/about\/reviews\/\",\"name\":\"[:en]Customer Reviews \u2014 VAS Experts[:es]Rese\u00f1as de los clientes \u2014 VAS Experts[:fr]Avis des clients \u2014 VAS Experts[:br]Avalia\u00e7\u00f5es de clientes \u2014 VAS Experts\",\"isPartOf\":{\"@id\":\"https:\/\/vasexperts.com\/#website\"},\"datePublished\":\"2020-06-22T13:48:10+00:00\",\"dateModified\":\"2025-08-04T09:20:39+00:00\",\"description\":\"[:en]The Stingray Service Gateway is the multifunctional deep packet inspection platform designed to inspect and classify packets along with its processing according to the tasks of the ISP.[:es]Stingray Service Gateway es la plataforma multifuncional de inspecci\u00f3n profunda de paquetes dise\u00f1ada para inspeccionar y clasificar paquetes junto con su procesamiento de acuerdo con las tareas del ISP.[:fr]La passerelle de services Stingray est une plateforme multifonctionnelle d'inspection approfondie des paquets con\u00e7ue pour inspecter et classer les paquets ainsi que pour les traiter en fonction des t\u00e2ches du fournisseur de services Internet.[:br]O Stingray Service Gateway \u00e9 a plataforma multifuncional de inspe\u00e7\u00e3o profunda de pacotes projetada para inspecionar e classificar pacotes juntamente com seu processamento de acordo com as tarefas do ISP\",\"breadcrumb\":{\"@id\":\"https:\/\/vasexperts.com\/about\/reviews\/#breadcrumb\"},\"inLanguage\":\"es\",\"potentialAction\":[{\"@type\":\"ReadAction\",\"target\":[\"https:\/\/vasexperts.com\/about\/reviews\/\"]}]},{\"@type\":\"BreadcrumbList\",\"@id\":\"https:\/\/vasexperts.com\/about\/reviews\/#breadcrumb\",\"itemListElement\":[{\"@type\":\"ListItem\",\"position\":1,\"name\":\"\u0413\u043b\u0430\u0432\u043d\u0430\u044f \u0441\u0442\u0440\u0430\u043d\u0438\u0446\u0430\",\"item\":\"https:\/\/vasexperts.com\/\"},{\"@type\":\"ListItem\",\"position\":2,\"name\":\"About\",\"item\":\"https:\/\/vasexperts.com\/about\/\"},{\"@type\":\"ListItem\",\"position\":3,\"name\":\"Customer Reviews\"}]},{\"@type\":\"WebSite\",\"@id\":\"https:\/\/vasexperts.com\/#website\",\"url\":\"https:\/\/vasexperts.com\/\",\"name\":\"ITGLOBAL.COM\",\"description\":\"(English) VASExperts\",\"inLanguage\":\"es\"}]}<\/script>\n<!-- \/ Yoast SEO plugin. -->","yoast_head_json":{"title":"VAS Experts","robots":{"index":"index","follow":"follow","max-snippet":"max-snippet:-1","max-image-preview":"max-image-preview:large","max-video-preview":"max-video-preview:-1"},"schema":{"@context":"https:\/\/schema.org","@graph":[{"@type":"WebPage","@id":"https:\/\/vasexperts.com\/about\/reviews\/","url":"https:\/\/vasexperts.com\/about\/reviews\/","name":"[:en]Customer Reviews \u2014 VAS Experts[:es]Rese\u00f1as de los clientes \u2014 VAS Experts[:fr]Avis des clients \u2014 VAS Experts[:br]Avalia\u00e7\u00f5es de clientes \u2014 VAS Experts","isPartOf":{"@id":"https:\/\/vasexperts.com\/#website"},"datePublished":"2020-06-22T13:48:10+00:00","dateModified":"2025-08-04T09:20:39+00:00","description":"[:en]The Stingray Service Gateway is the multifunctional deep packet inspection platform designed to inspect and classify packets along with its processing according to the tasks of the ISP.[:es]Stingray Service Gateway es la plataforma multifuncional de inspecci\u00f3n profunda de paquetes dise\u00f1ada para inspeccionar y clasificar paquetes junto con su procesamiento de acuerdo con las tareas del ISP.[:fr]La passerelle de services Stingray est une plateforme multifonctionnelle d'inspection approfondie des paquets con\u00e7ue pour inspecter et classer les paquets ainsi que pour les traiter en fonction des t\u00e2ches du fournisseur de services Internet.[:br]O Stingray Service Gateway \u00e9 a plataforma multifuncional de inspe\u00e7\u00e3o profunda de pacotes projetada para inspecionar e classificar pacotes juntamente com seu processamento de acordo com as tarefas do ISP","breadcrumb":{"@id":"https:\/\/vasexperts.com\/about\/reviews\/#breadcrumb"},"inLanguage":"es","potentialAction":[{"@type":"ReadAction","target":["https:\/\/vasexperts.com\/about\/reviews\/"]}]},{"@type":"BreadcrumbList","@id":"https:\/\/vasexperts.com\/about\/reviews\/#breadcrumb","itemListElement":[{"@type":"ListItem","position":1,"name":"\u0413\u043b\u0430\u0432\u043d\u0430\u044f \u0441\u0442\u0440\u0430\u043d\u0438\u0446\u0430","item":"https:\/\/vasexperts.com\/"},{"@type":"ListItem","position":2,"name":"About","item":"https:\/\/vasexperts.com\/about\/"},{"@type":"ListItem","position":3,"name":"Customer Reviews"}]},{"@type":"WebSite","@id":"https:\/\/vasexperts.com\/#website","url":"https:\/\/vasexperts.com\/","name":"ITGLOBAL.COM","description":"(English) VASExperts","inLanguage":"es"}]}},"_links":{"self":[{"href":"https:\/\/vasexperts.com\/es\/wp-json\/wp\/v2\/pages\/37"}],"collection":[{"href":"https:\/\/vasexperts.com\/es\/wp-json\/wp\/v2\/pages"}],"about":[{"href":"https:\/\/vasexperts.com\/es\/wp-json\/wp\/v2\/types\/page"}],"author":[{"embeddable":true,"href":"https:\/\/vasexperts.com\/es\/wp-json\/wp\/v2\/users\/7"}],"replies":[{"embeddable":true,"href":"https:\/\/vasexperts.com\/es\/wp-json\/wp\/v2\/comments?post=37"}],"version-history":[{"count":6,"href":"https:\/\/vasexperts.com\/es\/wp-json\/wp\/v2\/pages\/37\/revisions"}],"predecessor-version":[{"id":12087,"href":"https:\/\/vasexperts.com\/es\/wp-json\/wp\/v2\/pages\/37\/revisions\/12087"}],"up":[{"embeddable":true,"href":"https:\/\/vasexperts.com\/es\/wp-json\/wp\/v2\/pages\/14"}],"wp:attachment":[{"href":"https:\/\/vasexperts.com\/es\/wp-json\/wp\/v2\/media?parent=37"}],"curies":[{"name":"wp","href":"https:\/\/api.w.org\/{rel}","templated":true}]}}