{"id":3460,"date":"2021-01-28T16:20:44","date_gmt":"2021-01-28T13:20:44","guid":{"rendered":"https:\/\/vasexperts.com\/?page_id=3460"},"modified":"2025-08-12T14:48:05","modified_gmt":"2025-08-12T11:48:05","slug":"partner","status":"publish","type":"page","link":"https:\/\/vasexperts.com\/es\/partner\/","title":{"rendered":"Socios"},"content":{"rendered":"","protected":false},"excerpt":{"rendered":"","protected":false},"author":7,"featured_media":0,"parent":0,"menu_order":0,"comment_status":"closed","ping_status":"closed","template":"","meta":{"footnotes":""},"class_list":["post-3460","page","type-page","status-publish","hentry"],"yoast_head":"<!-- This site is optimized with the Yoast SEO plugin v23.1 - https:\/\/yoast.com\/wordpress\/plugins\/seo\/ -->\n<title>VAS Experts<\/title>\n<meta name=\"robots\" content=\"index, follow, max-snippet:-1, max-image-preview:large, max-video-preview:-1\" \/>\n<script type=\"application\/ld+json\" class=\"yoast-schema-graph\">{\"@context\":\"https:\/\/schema.org\",\"@graph\":[{\"@type\":\"WebPage\",\"@id\":\"https:\/\/vasexperts.com\/partner\/\",\"url\":\"https:\/\/vasexperts.com\/partner\/\",\"name\":\"[:es]Socios \u2014 VAS Experts[:en]Partners \u2014 VAS Experts[:fr]Partenaires \u2014 VAS Experts[:br]Parceiros \u2014 VAS Experts\",\"isPartOf\":{\"@id\":\"https:\/\/vasexperts.com\/#website\"},\"datePublished\":\"2021-01-28T13:20:44+00:00\",\"dateModified\":\"2025-08-12T11:48:05+00:00\",\"description\":\"[:es]El programa de asociaci\u00f3n VAS Experts puede ayudarlo a expandir la gama de servicios y productos, y obtener cobertura de mercado de ISP desde peque\u00f1os operadores 1G hasta operadores de Tier-2.[:en]VAS Experts partnership program can help you to expand the services and product range, and get ISP market coverage from small 1G to Tier-2 operators.[:fr]Le programme de partenariat de VAS Experts peut vous aider \u00e0 \u00e9tendre vos services et votre gamme de produits, et \u00e0 obtenir une couverture du march\u00e9 des FAI, des petits op\u00e9rateurs 1G aux op\u00e9rateurs Tier-2.[:br]O programa de parceria VAS Experts pode ajud\u00e1-lo a expandir os servi\u00e7os e a gama de produtos e obter cobertura de mercado de ISP, desde pequenas operadoras 1G at\u00e9 operadoras de n\u00edvel 2.\",\"breadcrumb\":{\"@id\":\"https:\/\/vasexperts.com\/partner\/#breadcrumb\"},\"inLanguage\":\"es\",\"potentialAction\":[{\"@type\":\"ReadAction\",\"target\":[\"https:\/\/vasexperts.com\/partner\/\"]}]},{\"@type\":\"BreadcrumbList\",\"@id\":\"https:\/\/vasexperts.com\/partner\/#breadcrumb\",\"itemListElement\":[{\"@type\":\"ListItem\",\"position\":1,\"name\":\"\u0413\u043b\u0430\u0432\u043d\u0430\u044f \u0441\u0442\u0440\u0430\u043d\u0438\u0446\u0430\",\"item\":\"https:\/\/vasexperts.com\/\"},{\"@type\":\"ListItem\",\"position\":2,\"name\":\"Partners\"}]},{\"@type\":\"WebSite\",\"@id\":\"https:\/\/vasexperts.com\/#website\",\"url\":\"https:\/\/vasexperts.com\/\",\"name\":\"ITGLOBAL.COM\",\"description\":\"(English) VASExperts\",\"inLanguage\":\"es\"}]}<\/script>\n<!-- \/ Yoast SEO plugin. -->","yoast_head_json":{"title":"VAS Experts","robots":{"index":"index","follow":"follow","max-snippet":"max-snippet:-1","max-image-preview":"max-image-preview:large","max-video-preview":"max-video-preview:-1"},"schema":{"@context":"https:\/\/schema.org","@graph":[{"@type":"WebPage","@id":"https:\/\/vasexperts.com\/partner\/","url":"https:\/\/vasexperts.com\/partner\/","name":"[:es]Socios \u2014 VAS Experts[:en]Partners \u2014 VAS Experts[:fr]Partenaires \u2014 VAS Experts[:br]Parceiros \u2014 VAS Experts","isPartOf":{"@id":"https:\/\/vasexperts.com\/#website"},"datePublished":"2021-01-28T13:20:44+00:00","dateModified":"2025-08-12T11:48:05+00:00","description":"[:es]El programa de asociaci\u00f3n VAS Experts puede ayudarlo a expandir la gama de servicios y productos, y obtener cobertura de mercado de ISP desde peque\u00f1os operadores 1G hasta operadores de Tier-2.[:en]VAS Experts partnership program can help you to expand the services and product range, and get ISP market coverage from small 1G to Tier-2 operators.[:fr]Le programme de partenariat de VAS Experts peut vous aider \u00e0 \u00e9tendre vos services et votre gamme de produits, et \u00e0 obtenir une couverture du march\u00e9 des FAI, des petits op\u00e9rateurs 1G aux op\u00e9rateurs Tier-2.[:br]O programa de parceria VAS Experts pode ajud\u00e1-lo a expandir os servi\u00e7os e a gama de produtos e obter cobertura de mercado de ISP, desde pequenas operadoras 1G at\u00e9 operadoras de n\u00edvel 2.","breadcrumb":{"@id":"https:\/\/vasexperts.com\/partner\/#breadcrumb"},"inLanguage":"es","potentialAction":[{"@type":"ReadAction","target":["https:\/\/vasexperts.com\/partner\/"]}]},{"@type":"BreadcrumbList","@id":"https:\/\/vasexperts.com\/partner\/#breadcrumb","itemListElement":[{"@type":"ListItem","position":1,"name":"\u0413\u043b\u0430\u0432\u043d\u0430\u044f \u0441\u0442\u0440\u0430\u043d\u0438\u0446\u0430","item":"https:\/\/vasexperts.com\/"},{"@type":"ListItem","position":2,"name":"Partners"}]},{"@type":"WebSite","@id":"https:\/\/vasexperts.com\/#website","url":"https:\/\/vasexperts.com\/","name":"ITGLOBAL.COM","description":"(English) VASExperts","inLanguage":"es"}]}},"_links":{"self":[{"href":"https:\/\/vasexperts.com\/es\/wp-json\/wp\/v2\/pages\/3460"}],"collection":[{"href":"https:\/\/vasexperts.com\/es\/wp-json\/wp\/v2\/pages"}],"about":[{"href":"https:\/\/vasexperts.com\/es\/wp-json\/wp\/v2\/types\/page"}],"author":[{"embeddable":true,"href":"https:\/\/vasexperts.com\/es\/wp-json\/wp\/v2\/users\/7"}],"replies":[{"embeddable":true,"href":"https:\/\/vasexperts.com\/es\/wp-json\/wp\/v2\/comments?post=3460"}],"version-history":[{"count":5,"href":"https:\/\/vasexperts.com\/es\/wp-json\/wp\/v2\/pages\/3460\/revisions"}],"predecessor-version":[{"id":12952,"href":"https:\/\/vasexperts.com\/es\/wp-json\/wp\/v2\/pages\/3460\/revisions\/12952"}],"wp:attachment":[{"href":"https:\/\/vasexperts.com\/es\/wp-json\/wp\/v2\/media?parent=3460"}],"curies":[{"name":"wp","href":"https:\/\/api.w.org\/{rel}","templated":true}]}}