{"id":3398,"date":"2021-01-11T19:00:18","date_gmt":"2021-01-11T16:00:18","guid":{"rendered":"https:\/\/vasexperts.com\/?page_id=3398"},"modified":"2025-08-10T21:32:07","modified_gmt":"2025-08-10T18:32:07","slug":"glossary","status":"publish","type":"page","link":"https:\/\/vasexperts.com\/es\/resources\/glossary\/","title":{"rendered":"Glosario"},"content":{"rendered":"","protected":false},"excerpt":{"rendered":"","protected":false},"author":1,"featured_media":0,"parent":292,"menu_order":0,"comment_status":"closed","ping_status":"closed","template":"glossary.php","meta":{"footnotes":""},"class_list":["post-3398","page","type-page","status-publish","hentry"],"yoast_head":"<!-- This site is optimized with the Yoast SEO plugin v23.1 - https:\/\/yoast.com\/wordpress\/plugins\/seo\/ -->\n<title>VAS Experts<\/title>\n<meta name=\"robots\" content=\"index, follow, max-snippet:-1, max-image-preview:large, max-video-preview:-1\" \/>\n<script type=\"application\/ld+json\" class=\"yoast-schema-graph\">{\"@context\":\"https:\/\/schema.org\",\"@graph\":[{\"@type\":\"WebPage\",\"@id\":\"https:\/\/vasexperts.com\/resources\/glossary\/\",\"url\":\"https:\/\/vasexperts.com\/resources\/glossary\/\",\"name\":\"[:en]Glossary \u2014 VAS Experts[:es]Glosario \u2014 VAS Experts[:fr]Glossaire \u2014 VAS Experts[:br]Glosario \u2014 VAS Experts[:br]Gloss\u00e1rio \u2014 VAS Experts\",\"isPartOf\":{\"@id\":\"https:\/\/vasexperts.com\/#website\"},\"datePublished\":\"2021-01-11T16:00:18+00:00\",\"dateModified\":\"2025-08-10T18:32:07+00:00\",\"description\":\"[:en]Our glossary provides terms used by network administrators and ISPs[:es]Nuestro glosario proporciona t\u00e9rminos utilizados por administradores de red e ISP[:fr]Notre glossaire fournit des termes utilis\u00e9s par les administrateurs de r\u00e9seau et les FAI[:br]Nosso gloss\u00e1rio fornece termos usados por administradores de rede e ISPs\",\"breadcrumb\":{\"@id\":\"https:\/\/vasexperts.com\/resources\/glossary\/#breadcrumb\"},\"inLanguage\":\"es\",\"potentialAction\":[{\"@type\":\"ReadAction\",\"target\":[\"https:\/\/vasexperts.com\/resources\/glossary\/\"]}]},{\"@type\":\"BreadcrumbList\",\"@id\":\"https:\/\/vasexperts.com\/resources\/glossary\/#breadcrumb\",\"itemListElement\":[{\"@type\":\"ListItem\",\"position\":1,\"name\":\"\u0413\u043b\u0430\u0432\u043d\u0430\u044f \u0441\u0442\u0440\u0430\u043d\u0438\u0446\u0430\",\"item\":\"https:\/\/vasexperts.com\/\"},{\"@type\":\"ListItem\",\"position\":2,\"name\":\"Resources\",\"item\":\"https:\/\/vasexperts.com\/resources\/\"},{\"@type\":\"ListItem\",\"position\":3,\"name\":\"Glossary\"}]},{\"@type\":\"WebSite\",\"@id\":\"https:\/\/vasexperts.com\/#website\",\"url\":\"https:\/\/vasexperts.com\/\",\"name\":\"ITGLOBAL.COM\",\"description\":\"(English) VASExperts\",\"inLanguage\":\"es\"}]}<\/script>\n<!-- \/ Yoast SEO plugin. -->","yoast_head_json":{"title":"VAS Experts","robots":{"index":"index","follow":"follow","max-snippet":"max-snippet:-1","max-image-preview":"max-image-preview:large","max-video-preview":"max-video-preview:-1"},"schema":{"@context":"https:\/\/schema.org","@graph":[{"@type":"WebPage","@id":"https:\/\/vasexperts.com\/resources\/glossary\/","url":"https:\/\/vasexperts.com\/resources\/glossary\/","name":"[:en]Glossary \u2014 VAS Experts[:es]Glosario \u2014 VAS Experts[:fr]Glossaire \u2014 VAS Experts[:br]Glosario \u2014 VAS Experts[:br]Gloss\u00e1rio \u2014 VAS Experts","isPartOf":{"@id":"https:\/\/vasexperts.com\/#website"},"datePublished":"2021-01-11T16:00:18+00:00","dateModified":"2025-08-10T18:32:07+00:00","description":"[:en]Our glossary provides terms used by network administrators and ISPs[:es]Nuestro glosario proporciona t\u00e9rminos utilizados por administradores de red e ISP[:fr]Notre glossaire fournit des termes utilis\u00e9s par les administrateurs de r\u00e9seau et les FAI[:br]Nosso gloss\u00e1rio fornece termos usados por administradores de rede e ISPs","breadcrumb":{"@id":"https:\/\/vasexperts.com\/resources\/glossary\/#breadcrumb"},"inLanguage":"es","potentialAction":[{"@type":"ReadAction","target":["https:\/\/vasexperts.com\/resources\/glossary\/"]}]},{"@type":"BreadcrumbList","@id":"https:\/\/vasexperts.com\/resources\/glossary\/#breadcrumb","itemListElement":[{"@type":"ListItem","position":1,"name":"\u0413\u043b\u0430\u0432\u043d\u0430\u044f \u0441\u0442\u0440\u0430\u043d\u0438\u0446\u0430","item":"https:\/\/vasexperts.com\/"},{"@type":"ListItem","position":2,"name":"Resources","item":"https:\/\/vasexperts.com\/resources\/"},{"@type":"ListItem","position":3,"name":"Glossary"}]},{"@type":"WebSite","@id":"https:\/\/vasexperts.com\/#website","url":"https:\/\/vasexperts.com\/","name":"ITGLOBAL.COM","description":"(English) VASExperts","inLanguage":"es"}]}},"_links":{"self":[{"href":"https:\/\/vasexperts.com\/es\/wp-json\/wp\/v2\/pages\/3398"}],"collection":[{"href":"https:\/\/vasexperts.com\/es\/wp-json\/wp\/v2\/pages"}],"about":[{"href":"https:\/\/vasexperts.com\/es\/wp-json\/wp\/v2\/types\/page"}],"author":[{"embeddable":true,"href":"https:\/\/vasexperts.com\/es\/wp-json\/wp\/v2\/users\/1"}],"replies":[{"embeddable":true,"href":"https:\/\/vasexperts.com\/es\/wp-json\/wp\/v2\/comments?post=3398"}],"version-history":[{"count":7,"href":"https:\/\/vasexperts.com\/es\/wp-json\/wp\/v2\/pages\/3398\/revisions"}],"predecessor-version":[{"id":12159,"href":"https:\/\/vasexperts.com\/es\/wp-json\/wp\/v2\/pages\/3398\/revisions\/12159"}],"up":[{"embeddable":true,"href":"https:\/\/vasexperts.com\/es\/wp-json\/wp\/v2\/pages\/292"}],"wp:attachment":[{"href":"https:\/\/vasexperts.com\/es\/wp-json\/wp\/v2\/media?parent=3398"}],"curies":[{"name":"wp","href":"https:\/\/api.w.org\/{rel}","templated":true}]}}