{"id":292,"date":"2020-07-03T19:02:39","date_gmt":"2020-07-03T16:02:39","guid":{"rendered":"https:\/\/vasexperts-ru.hst11.itglobal.com\/?page_id=292"},"modified":"2025-08-13T12:26:13","modified_gmt":"2025-08-13T09:26:13","slug":"resources","status":"publish","type":"page","link":"https:\/\/vasexperts.com\/es\/resources\/","title":{"rendered":"Recursos"},"content":{"rendered":"","protected":false},"excerpt":{"rendered":"","protected":false},"author":1,"featured_media":0,"parent":0,"menu_order":0,"comment_status":"closed","ping_status":"closed","template":"","meta":{"footnotes":""},"class_list":["post-292","page","type-page","status-publish","hentry"],"yoast_head":"<!-- This site is optimized with the Yoast SEO plugin v23.1 - https:\/\/yoast.com\/wordpress\/plugins\/seo\/ -->\n<title>VAS Experts<\/title>\n<meta name=\"robots\" content=\"index, follow, max-snippet:-1, max-image-preview:large, max-video-preview:-1\" \/>\n<script type=\"application\/ld+json\" class=\"yoast-schema-graph\">{\"@context\":\"https:\/\/schema.org\",\"@graph\":[{\"@type\":\"WebPage\",\"@id\":\"https:\/\/vasexperts.com\/resources\/\",\"url\":\"https:\/\/vasexperts.com\/resources\/\",\"name\":\"[:es]Recursos \u2014 VAS Experts[:en]Resources \u2014 VAS Experts[:fr]Ressources \u2014 VAS Experts[:br]Recursos \u2014 VAS Experts\",\"isPartOf\":{\"@id\":\"https:\/\/vasexperts.com\/#website\"},\"datePublished\":\"2020-07-03T16:02:39+00:00\",\"dateModified\":\"2025-08-13T09:26:13+00:00\",\"description\":\"[:es]Obtenga m\u00e1s informaci\u00f3n sobre las soluciones VAS Experts: presentaciones, folletos y videos a continuaci\u00f3n.[:en]Find out more about VAS Experts solutions: presentations, brochures and videos below.[:fr]Pour en savoir plus sur les solutions de VAS Experts : pr\u00e9sentations, brochures et vid\u00e9os ci-dessous.[:br]Saiba mais sobre as solu\u00e7\u00f5es da VAS Experts: apresenta\u00e7\u00f5es, folhetos e v\u00eddeos abaixo\",\"breadcrumb\":{\"@id\":\"https:\/\/vasexperts.com\/resources\/#breadcrumb\"},\"inLanguage\":\"es\",\"potentialAction\":[{\"@type\":\"ReadAction\",\"target\":[\"https:\/\/vasexperts.com\/resources\/\"]}]},{\"@type\":\"BreadcrumbList\",\"@id\":\"https:\/\/vasexperts.com\/resources\/#breadcrumb\",\"itemListElement\":[{\"@type\":\"ListItem\",\"position\":1,\"name\":\"\u0413\u043b\u0430\u0432\u043d\u0430\u044f \u0441\u0442\u0440\u0430\u043d\u0438\u0446\u0430\",\"item\":\"https:\/\/vasexperts.com\/\"},{\"@type\":\"ListItem\",\"position\":2,\"name\":\"Resources\"}]},{\"@type\":\"WebSite\",\"@id\":\"https:\/\/vasexperts.com\/#website\",\"url\":\"https:\/\/vasexperts.com\/\",\"name\":\"ITGLOBAL.COM\",\"description\":\"(English) VASExperts\",\"inLanguage\":\"es\"}]}<\/script>\n<!-- \/ Yoast SEO plugin. -->","yoast_head_json":{"title":"VAS Experts","robots":{"index":"index","follow":"follow","max-snippet":"max-snippet:-1","max-image-preview":"max-image-preview:large","max-video-preview":"max-video-preview:-1"},"schema":{"@context":"https:\/\/schema.org","@graph":[{"@type":"WebPage","@id":"https:\/\/vasexperts.com\/resources\/","url":"https:\/\/vasexperts.com\/resources\/","name":"[:es]Recursos \u2014 VAS Experts[:en]Resources \u2014 VAS Experts[:fr]Ressources \u2014 VAS Experts[:br]Recursos \u2014 VAS Experts","isPartOf":{"@id":"https:\/\/vasexperts.com\/#website"},"datePublished":"2020-07-03T16:02:39+00:00","dateModified":"2025-08-13T09:26:13+00:00","description":"[:es]Obtenga m\u00e1s informaci\u00f3n sobre las soluciones VAS Experts: presentaciones, folletos y videos a continuaci\u00f3n.[:en]Find out more about VAS Experts solutions: presentations, brochures and videos below.[:fr]Pour en savoir plus sur les solutions de VAS Experts : pr\u00e9sentations, brochures et vid\u00e9os ci-dessous.[:br]Saiba mais sobre as solu\u00e7\u00f5es da VAS Experts: apresenta\u00e7\u00f5es, folhetos e v\u00eddeos abaixo","breadcrumb":{"@id":"https:\/\/vasexperts.com\/resources\/#breadcrumb"},"inLanguage":"es","potentialAction":[{"@type":"ReadAction","target":["https:\/\/vasexperts.com\/resources\/"]}]},{"@type":"BreadcrumbList","@id":"https:\/\/vasexperts.com\/resources\/#breadcrumb","itemListElement":[{"@type":"ListItem","position":1,"name":"\u0413\u043b\u0430\u0432\u043d\u0430\u044f \u0441\u0442\u0440\u0430\u043d\u0438\u0446\u0430","item":"https:\/\/vasexperts.com\/"},{"@type":"ListItem","position":2,"name":"Resources"}]},{"@type":"WebSite","@id":"https:\/\/vasexperts.com\/#website","url":"https:\/\/vasexperts.com\/","name":"ITGLOBAL.COM","description":"(English) VASExperts","inLanguage":"es"}]}},"_links":{"self":[{"href":"https:\/\/vasexperts.com\/es\/wp-json\/wp\/v2\/pages\/292"}],"collection":[{"href":"https:\/\/vasexperts.com\/es\/wp-json\/wp\/v2\/pages"}],"about":[{"href":"https:\/\/vasexperts.com\/es\/wp-json\/wp\/v2\/types\/page"}],"author":[{"embeddable":true,"href":"https:\/\/vasexperts.com\/es\/wp-json\/wp\/v2\/users\/1"}],"replies":[{"embeddable":true,"href":"https:\/\/vasexperts.com\/es\/wp-json\/wp\/v2\/comments?post=292"}],"version-history":[{"count":4,"href":"https:\/\/vasexperts.com\/es\/wp-json\/wp\/v2\/pages\/292\/revisions"}],"predecessor-version":[{"id":12974,"href":"https:\/\/vasexperts.com\/es\/wp-json\/wp\/v2\/pages\/292\/revisions\/12974"}],"wp:attachment":[{"href":"https:\/\/vasexperts.com\/es\/wp-json\/wp\/v2\/media?parent=292"}],"curies":[{"name":"wp","href":"https:\/\/api.w.org\/{rel}","templated":true}]}}