{"id":29,"date":"2020-06-19T19:38:48","date_gmt":"2020-06-19T16:38:48","guid":{"rendered":"https:\/\/vasexperts-ru.hst11.itglobal.com\/?page_id=29"},"modified":"2026-02-09T16:00:24","modified_gmt":"2026-02-09T13:00:24","slug":"our-partners","status":"publish","type":"page","link":"https:\/\/vasexperts.com\/es\/partner\/our-partners\/","title":{"rendered":"Nuestros socios"},"content":{"rendered":"","protected":false},"excerpt":{"rendered":"","protected":false},"author":7,"featured_media":0,"parent":3460,"menu_order":0,"comment_status":"closed","ping_status":"closed","template":"","meta":{"footnotes":""},"class_list":["post-29","page","type-page","status-publish","hentry"],"yoast_head":"<!-- This site is optimized with the Yoast SEO plugin v23.1 - https:\/\/yoast.com\/wordpress\/plugins\/seo\/ -->\n<title>VAS Experts<\/title>\n<meta name=\"robots\" content=\"index, follow, max-snippet:-1, max-image-preview:large, max-video-preview:-1\" \/>\n<script type=\"application\/ld+json\" class=\"yoast-schema-graph\">{\"@context\":\"https:\/\/schema.org\",\"@graph\":[{\"@type\":\"WebPage\",\"@id\":\"https:\/\/vasexperts.com\/partner\/our-partners\/\",\"url\":\"https:\/\/vasexperts.com\/partner\/our-partners\/\",\"name\":\"[:es]Nuestros Socios | VAS Experts[:en]Our partners | VAS Experts[:fr]Nos partenaires | VAS Experts[:br]Nuestros socios | VAS Experts\",\"isPartOf\":{\"@id\":\"https:\/\/vasexperts.com\/#website\"},\"datePublished\":\"2020-06-19T16:38:48+00:00\",\"dateModified\":\"2026-02-09T13:00:24+00:00\",\"description\":\"[:es]Conozca a los socios de VAS Experts. Para cada l\u00ednea de productos, puede seleccionar el canal de ventas adecuado y ponerse en contacto con nuestros distribuidores.[:en]Meet the partners of VAS Experts. For each product line, you can select the appropriate sales channel and contact our distributors.[:fr]Rencontrez les partenaires de VAS Experts. Pour chaque ligne de produits, vous pouvez s\u00e9lectionner le canal de vente appropri\u00e9 et contacter nos distributeurs.[:br]Conozca a los socios de VAS Experts. Para cada l\u00ednea de productos, puede seleccionar el canal de ventas adecuado y ponerse en contacto con nuestros distribuidores.\",\"breadcrumb\":{\"@id\":\"https:\/\/vasexperts.com\/partner\/our-partners\/#breadcrumb\"},\"inLanguage\":\"es\",\"potentialAction\":[{\"@type\":\"ReadAction\",\"target\":[\"https:\/\/vasexperts.com\/partner\/our-partners\/\"]}]},{\"@type\":\"BreadcrumbList\",\"@id\":\"https:\/\/vasexperts.com\/partner\/our-partners\/#breadcrumb\",\"itemListElement\":[{\"@type\":\"ListItem\",\"position\":1,\"name\":\"\u0413\u043b\u0430\u0432\u043d\u0430\u044f \u0441\u0442\u0440\u0430\u043d\u0438\u0446\u0430\",\"item\":\"https:\/\/vasexperts.com\/\"},{\"@type\":\"ListItem\",\"position\":2,\"name\":\"Partners\",\"item\":\"https:\/\/vasexperts.com\/partner\/\"},{\"@type\":\"ListItem\",\"position\":3,\"name\":\"Our partners\"}]},{\"@type\":\"WebSite\",\"@id\":\"https:\/\/vasexperts.com\/#website\",\"url\":\"https:\/\/vasexperts.com\/\",\"name\":\"ITGLOBAL.COM\",\"description\":\"(English) VASExperts\",\"inLanguage\":\"es\"}]}<\/script>\n<!-- \/ Yoast SEO plugin. -->","yoast_head_json":{"title":"VAS Experts","robots":{"index":"index","follow":"follow","max-snippet":"max-snippet:-1","max-image-preview":"max-image-preview:large","max-video-preview":"max-video-preview:-1"},"schema":{"@context":"https:\/\/schema.org","@graph":[{"@type":"WebPage","@id":"https:\/\/vasexperts.com\/partner\/our-partners\/","url":"https:\/\/vasexperts.com\/partner\/our-partners\/","name":"[:es]Nuestros Socios | VAS Experts[:en]Our partners | VAS Experts[:fr]Nos partenaires | VAS Experts[:br]Nuestros socios | VAS Experts","isPartOf":{"@id":"https:\/\/vasexperts.com\/#website"},"datePublished":"2020-06-19T16:38:48+00:00","dateModified":"2026-02-09T13:00:24+00:00","description":"[:es]Conozca a los socios de VAS Experts. Para cada l\u00ednea de productos, puede seleccionar el canal de ventas adecuado y ponerse en contacto con nuestros distribuidores.[:en]Meet the partners of VAS Experts. For each product line, you can select the appropriate sales channel and contact our distributors.[:fr]Rencontrez les partenaires de VAS Experts. Pour chaque ligne de produits, vous pouvez s\u00e9lectionner le canal de vente appropri\u00e9 et contacter nos distributeurs.[:br]Conozca a los socios de VAS Experts. Para cada l\u00ednea de productos, puede seleccionar el canal de ventas adecuado y ponerse en contacto con nuestros distribuidores.","breadcrumb":{"@id":"https:\/\/vasexperts.com\/partner\/our-partners\/#breadcrumb"},"inLanguage":"es","potentialAction":[{"@type":"ReadAction","target":["https:\/\/vasexperts.com\/partner\/our-partners\/"]}]},{"@type":"BreadcrumbList","@id":"https:\/\/vasexperts.com\/partner\/our-partners\/#breadcrumb","itemListElement":[{"@type":"ListItem","position":1,"name":"\u0413\u043b\u0430\u0432\u043d\u0430\u044f \u0441\u0442\u0440\u0430\u043d\u0438\u0446\u0430","item":"https:\/\/vasexperts.com\/"},{"@type":"ListItem","position":2,"name":"Partners","item":"https:\/\/vasexperts.com\/partner\/"},{"@type":"ListItem","position":3,"name":"Our partners"}]},{"@type":"WebSite","@id":"https:\/\/vasexperts.com\/#website","url":"https:\/\/vasexperts.com\/","name":"ITGLOBAL.COM","description":"(English) VASExperts","inLanguage":"es"}]}},"_links":{"self":[{"href":"https:\/\/vasexperts.com\/es\/wp-json\/wp\/v2\/pages\/29"}],"collection":[{"href":"https:\/\/vasexperts.com\/es\/wp-json\/wp\/v2\/pages"}],"about":[{"href":"https:\/\/vasexperts.com\/es\/wp-json\/wp\/v2\/types\/page"}],"author":[{"embeddable":true,"href":"https:\/\/vasexperts.com\/es\/wp-json\/wp\/v2\/users\/7"}],"replies":[{"embeddable":true,"href":"https:\/\/vasexperts.com\/es\/wp-json\/wp\/v2\/comments?post=29"}],"version-history":[{"count":8,"href":"https:\/\/vasexperts.com\/es\/wp-json\/wp\/v2\/pages\/29\/revisions"}],"predecessor-version":[{"id":13951,"href":"https:\/\/vasexperts.com\/es\/wp-json\/wp\/v2\/pages\/29\/revisions\/13951"}],"up":[{"embeddable":true,"href":"https:\/\/vasexperts.com\/es\/wp-json\/wp\/v2\/pages\/3460"}],"wp:attachment":[{"href":"https:\/\/vasexperts.com\/es\/wp-json\/wp\/v2\/media?parent=29"}],"curies":[{"name":"wp","href":"https:\/\/api.w.org\/{rel}","templated":true}]}}