{"id":21,"date":"2020-06-18T17:16:58","date_gmt":"2020-06-18T14:16:58","guid":{"rendered":"https:\/\/vasexperts-ru.hst11.itglobal.com\/?page_id=21"},"modified":"2025-11-28T16:55:00","modified_gmt":"2025-11-28T13:55:00","slug":"vasexperts","status":"publish","type":"page","link":"https:\/\/vasexperts.com\/es\/about\/vasexperts\/","title":{"rendered":"VAS Experts"},"content":{"rendered":"","protected":false},"excerpt":{"rendered":"","protected":false},"author":7,"featured_media":0,"parent":14,"menu_order":0,"comment_status":"closed","ping_status":"closed","template":"","meta":{"footnotes":""},"class_list":["post-21","page","type-page","status-publish","hentry"],"yoast_head":"<!-- This site is optimized with the Yoast SEO plugin v23.1 - https:\/\/yoast.com\/wordpress\/plugins\/seo\/ -->\n<title>VAS Experts<\/title>\n<meta name=\"robots\" content=\"index, follow, max-snippet:-1, max-image-preview:large, max-video-preview:-1\" \/>\n<script type=\"application\/ld+json\" class=\"yoast-schema-graph\">{\"@context\":\"https:\/\/schema.org\",\"@graph\":[{\"@type\":\"WebPage\",\"@id\":\"https:\/\/vasexperts.com\/about\/vasexperts\/\",\"url\":\"https:\/\/vasexperts.com\/about\/vasexperts\/\",\"name\":\"[:en]About company \u2014 VAS Experts[:es]Acerca de la compa\u00f1\u00eda \u2014 VAS Experts[:fr]\u00c0 propos de l'entreprise \u2014 VAS Experts[:br]Sobre a empresa - VAS Experts\",\"isPartOf\":{\"@id\":\"https:\/\/vasexperts.com\/#website\"},\"datePublished\":\"2020-06-18T14:16:58+00:00\",\"dateModified\":\"2025-11-28T13:55:00+00:00\",\"description\":\"[:en]VAS Experts is a telecom software developer. Since 2013 we have built trust of more than 2000 providers in in Europe, CIS and Asia that are using our Stingray Service Gateway.[:es]VAS Experts es un desarrollador de software de telecomunicaciones. Desde 2013, hemos creado la confianza de m\u00e1s de 1100 proveedoresen Europa, la CEI y Asia que utilizan nuestro Stingray Service Gateway.[:fr]VAS Experts est un d\u00e9veloppeur de logiciels de t\u00e9l\u00e9communication. Depuis 2013, nous avons gagn\u00e9 la confiance de plus de 1100 fournisseurs en Europe, dans la CEI et en Asie qui utilisent notre Stingray Service Gateway.[:br]VAS Experts \u00e9 uma desenvolvedora de software de telecomunica\u00e7\u00f5es. Desde 2013, conquistamos a confian\u00e7a de mais de 1.100 provedores na Europa, na CEI e na \u00c1sia que est\u00e3o usando nosso Stingray Service Gateway.\",\"breadcrumb\":{\"@id\":\"https:\/\/vasexperts.com\/about\/vasexperts\/#breadcrumb\"},\"inLanguage\":\"es\",\"potentialAction\":[{\"@type\":\"ReadAction\",\"target\":[\"https:\/\/vasexperts.com\/about\/vasexperts\/\"]}]},{\"@type\":\"BreadcrumbList\",\"@id\":\"https:\/\/vasexperts.com\/about\/vasexperts\/#breadcrumb\",\"itemListElement\":[{\"@type\":\"ListItem\",\"position\":1,\"name\":\"\u0413\u043b\u0430\u0432\u043d\u0430\u044f \u0441\u0442\u0440\u0430\u043d\u0438\u0446\u0430\",\"item\":\"https:\/\/vasexperts.com\/\"},{\"@type\":\"ListItem\",\"position\":2,\"name\":\"About\",\"item\":\"https:\/\/vasexperts.com\/about\/\"},{\"@type\":\"ListItem\",\"position\":3,\"name\":\"VAS Experts\"}]},{\"@type\":\"WebSite\",\"@id\":\"https:\/\/vasexperts.com\/#website\",\"url\":\"https:\/\/vasexperts.com\/\",\"name\":\"ITGLOBAL.COM\",\"description\":\"(English) VASExperts\",\"inLanguage\":\"es\"}]}<\/script>\n<!-- \/ Yoast SEO plugin. -->","yoast_head_json":{"title":"VAS Experts","robots":{"index":"index","follow":"follow","max-snippet":"max-snippet:-1","max-image-preview":"max-image-preview:large","max-video-preview":"max-video-preview:-1"},"schema":{"@context":"https:\/\/schema.org","@graph":[{"@type":"WebPage","@id":"https:\/\/vasexperts.com\/about\/vasexperts\/","url":"https:\/\/vasexperts.com\/about\/vasexperts\/","name":"[:en]About company \u2014 VAS Experts[:es]Acerca de la compa\u00f1\u00eda \u2014 VAS Experts[:fr]\u00c0 propos de l'entreprise \u2014 VAS Experts[:br]Sobre a empresa - VAS Experts","isPartOf":{"@id":"https:\/\/vasexperts.com\/#website"},"datePublished":"2020-06-18T14:16:58+00:00","dateModified":"2025-11-28T13:55:00+00:00","description":"[:en]VAS Experts is a telecom software developer. Since 2013 we have built trust of more than 2000 providers in in Europe, CIS and Asia that are using our Stingray Service Gateway.[:es]VAS Experts es un desarrollador de software de telecomunicaciones. Desde 2013, hemos creado la confianza de m\u00e1s de 1100 proveedoresen Europa, la CEI y Asia que utilizan nuestro Stingray Service Gateway.[:fr]VAS Experts est un d\u00e9veloppeur de logiciels de t\u00e9l\u00e9communication. Depuis 2013, nous avons gagn\u00e9 la confiance de plus de 1100 fournisseurs en Europe, dans la CEI et en Asie qui utilisent notre Stingray Service Gateway.[:br]VAS Experts \u00e9 uma desenvolvedora de software de telecomunica\u00e7\u00f5es. Desde 2013, conquistamos a confian\u00e7a de mais de 1.100 provedores na Europa, na CEI e na \u00c1sia que est\u00e3o usando nosso Stingray Service Gateway.","breadcrumb":{"@id":"https:\/\/vasexperts.com\/about\/vasexperts\/#breadcrumb"},"inLanguage":"es","potentialAction":[{"@type":"ReadAction","target":["https:\/\/vasexperts.com\/about\/vasexperts\/"]}]},{"@type":"BreadcrumbList","@id":"https:\/\/vasexperts.com\/about\/vasexperts\/#breadcrumb","itemListElement":[{"@type":"ListItem","position":1,"name":"\u0413\u043b\u0430\u0432\u043d\u0430\u044f \u0441\u0442\u0440\u0430\u043d\u0438\u0446\u0430","item":"https:\/\/vasexperts.com\/"},{"@type":"ListItem","position":2,"name":"About","item":"https:\/\/vasexperts.com\/about\/"},{"@type":"ListItem","position":3,"name":"VAS Experts"}]},{"@type":"WebSite","@id":"https:\/\/vasexperts.com\/#website","url":"https:\/\/vasexperts.com\/","name":"ITGLOBAL.COM","description":"(English) VASExperts","inLanguage":"es"}]}},"_links":{"self":[{"href":"https:\/\/vasexperts.com\/es\/wp-json\/wp\/v2\/pages\/21"}],"collection":[{"href":"https:\/\/vasexperts.com\/es\/wp-json\/wp\/v2\/pages"}],"about":[{"href":"https:\/\/vasexperts.com\/es\/wp-json\/wp\/v2\/types\/page"}],"author":[{"embeddable":true,"href":"https:\/\/vasexperts.com\/es\/wp-json\/wp\/v2\/users\/7"}],"replies":[{"embeddable":true,"href":"https:\/\/vasexperts.com\/es\/wp-json\/wp\/v2\/comments?post=21"}],"version-history":[{"count":10,"href":"https:\/\/vasexperts.com\/es\/wp-json\/wp\/v2\/pages\/21\/revisions"}],"predecessor-version":[{"id":13734,"href":"https:\/\/vasexperts.com\/es\/wp-json\/wp\/v2\/pages\/21\/revisions\/13734"}],"up":[{"embeddable":true,"href":"https:\/\/vasexperts.com\/es\/wp-json\/wp\/v2\/pages\/14"}],"wp:attachment":[{"href":"https:\/\/vasexperts.com\/es\/wp-json\/wp\/v2\/media?parent=21"}],"curies":[{"name":"wp","href":"https:\/\/api.w.org\/{rel}","templated":true}]}}