{"id":19,"date":"2020-06-15T14:06:16","date_gmt":"2020-06-15T11:06:16","guid":{"rendered":"https:\/\/vasexperts-ru.hst11.itglobal.com\/?page_id=19"},"modified":"2026-03-27T17:01:22","modified_gmt":"2026-03-27T14:01:22","slug":"stingray","status":"publish","type":"page","link":"https:\/\/vasexperts.com\/es\/products\/stingray\/","title":{"rendered":"Stingray Service Gateway"},"content":{"rendered":"","protected":false},"excerpt":{"rendered":"","protected":false},"author":7,"featured_media":0,"parent":288,"menu_order":0,"comment_status":"closed","ping_status":"closed","template":"","meta":{"footnotes":""},"class_list":["post-19","page","type-page","status-publish","hentry"],"yoast_head":"<!-- This site is optimized with the Yoast SEO plugin v23.1 - https:\/\/yoast.com\/wordpress\/plugins\/seo\/ -->\n<title>VAS Experts<\/title>\n<meta name=\"robots\" content=\"index, follow, max-snippet:-1, max-image-preview:large, max-video-preview:-1\" \/>\n<script type=\"application\/ld+json\" class=\"yoast-schema-graph\">{\"@context\":\"https:\/\/schema.org\",\"@graph\":[{\"@type\":\"WebPage\",\"@id\":\"https:\/\/vasexperts.com\/products\/stingray\/\",\"url\":\"https:\/\/vasexperts.com\/products\/stingray\/\",\"name\":\"[:en]Stingray Service Gateway \u2014 DPI based platform for network optimization | VAS Experts [:es]Stingray Service Gateway: Plataforma basada en DPI para la optimizaci\u00f3n de la red[:fr]Passerelle de service Stingray : Plateforme bas\u00e9e sur le DPI pour l'optimisation du r\u00e9seau[:br]Stingray Service Gateway - Plataforma baseada em DPI para otimiza\u00e7\u00e3o de rede | VAS Experts\",\"isPartOf\":{\"@id\":\"https:\/\/vasexperts.com\/#website\"},\"datePublished\":\"2020-06-15T11:06:16+00:00\",\"dateModified\":\"2026-03-27T14:01:22+00:00\",\"description\":\"[:en]The Stingray Service Gateway \u2014 multifunctional platform with every feature an ISP needs: packet inspection and classification, protocol and application filtering, traffic management and deep analysis with QoS and QoE tools.[:es]Stingray Service Gateway es una plataforma multifuncional basada en la tecnolog\u00eda Deep Packet Inspection, dise\u00f1ada para inspeccionar, clasificar y procesar paquetes seg\u00fan las tareas del ISP.[:fr]Stingray Service Gateway est une plateforme multifonctionnelle bas\u00e9e sur la technologie Deep Packet Inspection, con\u00e7ue pour inspecter, classer et traiter les paquets en fonction des t\u00e2ches du FAI.[:br]O Stingray Service Gateway - plataforma multifuncional com todos os recursos de que um ISP precisa: inspe\u00e7\u00e3o e classifica\u00e7\u00e3o de pacotes, filtragem de protocolos e aplicativos, gerenciamento de tr\u00e1fego e an\u00e1lise profunda com ferramentas de QoS e QoE.\",\"breadcrumb\":{\"@id\":\"https:\/\/vasexperts.com\/products\/stingray\/#breadcrumb\"},\"inLanguage\":\"es\",\"potentialAction\":[{\"@type\":\"ReadAction\",\"target\":[\"https:\/\/vasexperts.com\/products\/stingray\/\"]}]},{\"@type\":\"BreadcrumbList\",\"@id\":\"https:\/\/vasexperts.com\/products\/stingray\/#breadcrumb\",\"itemListElement\":[{\"@type\":\"ListItem\",\"position\":1,\"name\":\"\u0413\u043b\u0430\u0432\u043d\u0430\u044f \u0441\u0442\u0440\u0430\u043d\u0438\u0446\u0430\",\"item\":\"https:\/\/vasexperts.com\/\"},{\"@type\":\"ListItem\",\"position\":2,\"name\":\"Products\",\"item\":\"https:\/\/vasexperts.com\/products\/\"},{\"@type\":\"ListItem\",\"position\":3,\"name\":\"Stingray Service Gateway\"}]},{\"@type\":\"WebSite\",\"@id\":\"https:\/\/vasexperts.com\/#website\",\"url\":\"https:\/\/vasexperts.com\/\",\"name\":\"ITGLOBAL.COM\",\"description\":\"(English) VASExperts\",\"inLanguage\":\"es\"}]}<\/script>\n<!-- \/ Yoast SEO plugin. -->","yoast_head_json":{"title":"VAS Experts","robots":{"index":"index","follow":"follow","max-snippet":"max-snippet:-1","max-image-preview":"max-image-preview:large","max-video-preview":"max-video-preview:-1"},"schema":{"@context":"https:\/\/schema.org","@graph":[{"@type":"WebPage","@id":"https:\/\/vasexperts.com\/products\/stingray\/","url":"https:\/\/vasexperts.com\/products\/stingray\/","name":"[:en]Stingray Service Gateway \u2014 DPI based platform for network optimization | VAS Experts [:es]Stingray Service Gateway: Plataforma basada en DPI para la optimizaci\u00f3n de la red[:fr]Passerelle de service Stingray : Plateforme bas\u00e9e sur le DPI pour l'optimisation du r\u00e9seau[:br]Stingray Service Gateway - Plataforma baseada em DPI para otimiza\u00e7\u00e3o de rede | VAS Experts","isPartOf":{"@id":"https:\/\/vasexperts.com\/#website"},"datePublished":"2020-06-15T11:06:16+00:00","dateModified":"2026-03-27T14:01:22+00:00","description":"[:en]The Stingray Service Gateway \u2014 multifunctional platform with every feature an ISP needs: packet inspection and classification, protocol and application filtering, traffic management and deep analysis with QoS and QoE tools.[:es]Stingray Service Gateway es una plataforma multifuncional basada en la tecnolog\u00eda Deep Packet Inspection, dise\u00f1ada para inspeccionar, clasificar y procesar paquetes seg\u00fan las tareas del ISP.[:fr]Stingray Service Gateway est une plateforme multifonctionnelle bas\u00e9e sur la technologie Deep Packet Inspection, con\u00e7ue pour inspecter, classer et traiter les paquets en fonction des t\u00e2ches du FAI.[:br]O Stingray Service Gateway - plataforma multifuncional com todos os recursos de que um ISP precisa: inspe\u00e7\u00e3o e classifica\u00e7\u00e3o de pacotes, filtragem de protocolos e aplicativos, gerenciamento de tr\u00e1fego e an\u00e1lise profunda com ferramentas de QoS e QoE.","breadcrumb":{"@id":"https:\/\/vasexperts.com\/products\/stingray\/#breadcrumb"},"inLanguage":"es","potentialAction":[{"@type":"ReadAction","target":["https:\/\/vasexperts.com\/products\/stingray\/"]}]},{"@type":"BreadcrumbList","@id":"https:\/\/vasexperts.com\/products\/stingray\/#breadcrumb","itemListElement":[{"@type":"ListItem","position":1,"name":"\u0413\u043b\u0430\u0432\u043d\u0430\u044f \u0441\u0442\u0440\u0430\u043d\u0438\u0446\u0430","item":"https:\/\/vasexperts.com\/"},{"@type":"ListItem","position":2,"name":"Products","item":"https:\/\/vasexperts.com\/products\/"},{"@type":"ListItem","position":3,"name":"Stingray Service Gateway"}]},{"@type":"WebSite","@id":"https:\/\/vasexperts.com\/#website","url":"https:\/\/vasexperts.com\/","name":"ITGLOBAL.COM","description":"(English) VASExperts","inLanguage":"es"}]}},"_links":{"self":[{"href":"https:\/\/vasexperts.com\/es\/wp-json\/wp\/v2\/pages\/19"}],"collection":[{"href":"https:\/\/vasexperts.com\/es\/wp-json\/wp\/v2\/pages"}],"about":[{"href":"https:\/\/vasexperts.com\/es\/wp-json\/wp\/v2\/types\/page"}],"author":[{"embeddable":true,"href":"https:\/\/vasexperts.com\/es\/wp-json\/wp\/v2\/users\/7"}],"replies":[{"embeddable":true,"href":"https:\/\/vasexperts.com\/es\/wp-json\/wp\/v2\/comments?post=19"}],"version-history":[{"count":11,"href":"https:\/\/vasexperts.com\/es\/wp-json\/wp\/v2\/pages\/19\/revisions"}],"predecessor-version":[{"id":14100,"href":"https:\/\/vasexperts.com\/es\/wp-json\/wp\/v2\/pages\/19\/revisions\/14100"}],"up":[{"embeddable":true,"href":"https:\/\/vasexperts.com\/es\/wp-json\/wp\/v2\/pages\/288"}],"wp:attachment":[{"href":"https:\/\/vasexperts.com\/es\/wp-json\/wp\/v2\/media?parent=19"}],"curies":[{"name":"wp","href":"https:\/\/api.w.org\/{rel}","templated":true}]}}