{"id":14155,"date":"2026-04-21T16:40:43","date_gmt":"2026-04-21T13:40:43","guid":{"rendered":"https:\/\/vasexperts.com\/?page_id=14155"},"modified":"2026-04-21T16:55:08","modified_gmt":"2026-04-21T13:55:08","slug":"implementing-volte-and-vowifi-services","status":"publish","type":"page","link":"https:\/\/vasexperts.com\/es\/solutions\/implementing-volte-and-vowifi-services\/","title":{"rendered":"Implementaci\u00f3n de servicios VoLTE y VoWiFi"},"content":{"rendered":"","protected":false},"excerpt":{"rendered":"","protected":false},"author":7,"featured_media":0,"parent":290,"menu_order":0,"comment_status":"closed","ping_status":"closed","template":"","meta":{"footnotes":""},"class_list":["post-14155","page","type-page","status-publish","hentry"],"yoast_head":"<!-- This site is optimized with the Yoast SEO plugin v23.1 - https:\/\/yoast.com\/wordpress\/plugins\/seo\/ -->\n<title>VAS Experts<\/title>\n<meta name=\"robots\" content=\"index, follow, max-snippet:-1, max-image-preview:large, max-video-preview:-1\" \/>\n<script type=\"application\/ld+json\" class=\"yoast-schema-graph\">{\"@context\":\"https:\/\/schema.org\",\"@graph\":[{\"@type\":\"WebPage\",\"@id\":\"https:\/\/vasexperts.com\/solutions\/implementing-volte-and-vowifi-services\/\",\"url\":\"https:\/\/vasexperts.com\/solutions\/implementing-volte-and-vowifi-services\/\",\"name\":\"[:en]Implementing VoLTE and VoWiFi for Mobile Operators \u2014 VAS Experts[:es]Implementaci\u00f3n de VoLTE y VoWiFi para operadores m\u00f3viles \u2014 VAS Experts[:fr]D\u00e9ploiement de VoLTE et VoWiFi pour les op\u00e9rateurs mobiles \u2014 VAS Experts[:br]Implementa\u00e7\u00e3o de VoLTE e VoWiFi para operadoras m\u00f3veis \u2014 VAS Experts\",\"isPartOf\":{\"@id\":\"https:\/\/vasexperts.com\/#website\"},\"datePublished\":\"2026-04-21T13:40:43+00:00\",\"dateModified\":\"2026-04-21T13:55:08+00:00\",\"description\":\"[:en]A ready-made solution for implementing VoLTE and VoWiFi based on the Russian Stingray ePDG. Ensures stable voice communication in the absence of 2G\/3G\/LTE coverage, reduces roaming costs and increases the competitiveness of operator services.[:es]Una soluci\u00f3n lista para implementar VoLTE y VoWiFi basada en el Stingray ePDG ruso. Garantiza una comunicaci\u00f3n de voz estable en ausencia de cobertura 2G\/3G\/LTE, reduce los costos de roaming y aumenta la competitividad de los servicios del operador.[:fr]Une solution cl\u00e9 en main pour le d\u00e9ploiement de VoLTE et VoWiFi bas\u00e9e sur le Stingray ePDG russe. Garantit une communication vocale stable en l'absence de couverture 2G\/3G\/LTE, r\u00e9duit les co\u00fbts d'itin\u00e9rance et renforce la comp\u00e9titivit\u00e9 des services de l'op\u00e9rateur.[:br]Uma solu\u00e7\u00e3o pronta para implementa\u00e7\u00e3o de VoLTE e VoWiFi baseada no Stingray ePDG russo. Garante comunica\u00e7\u00e3o de voz est\u00e1vel na aus\u00eancia de cobertura 2G\/3G\/LTE, reduz os custos de roaming e aumenta a competitividade dos servi\u00e7os da operadora.\",\"breadcrumb\":{\"@id\":\"https:\/\/vasexperts.com\/solutions\/implementing-volte-and-vowifi-services\/#breadcrumb\"},\"inLanguage\":\"es\",\"potentialAction\":[{\"@type\":\"ReadAction\",\"target\":[\"https:\/\/vasexperts.com\/solutions\/implementing-volte-and-vowifi-services\/\"]}]},{\"@type\":\"BreadcrumbList\",\"@id\":\"https:\/\/vasexperts.com\/solutions\/implementing-volte-and-vowifi-services\/#breadcrumb\",\"itemListElement\":[{\"@type\":\"ListItem\",\"position\":1,\"name\":\"\u0413\u043b\u0430\u0432\u043d\u0430\u044f \u0441\u0442\u0440\u0430\u043d\u0438\u0446\u0430\",\"item\":\"https:\/\/vasexperts.com\/\"},{\"@type\":\"ListItem\",\"position\":2,\"name\":\"Solutions\",\"item\":\"https:\/\/vasexperts.com\/solutions\/\"},{\"@type\":\"ListItem\",\"position\":3,\"name\":\"Implementing VoLTE and VoWiFi Services\"}]},{\"@type\":\"WebSite\",\"@id\":\"https:\/\/vasexperts.com\/#website\",\"url\":\"https:\/\/vasexperts.com\/\",\"name\":\"ITGLOBAL.COM\",\"description\":\"(English) VASExperts\",\"inLanguage\":\"es\"}]}<\/script>\n<!-- \/ Yoast SEO plugin. -->","yoast_head_json":{"title":"VAS Experts","robots":{"index":"index","follow":"follow","max-snippet":"max-snippet:-1","max-image-preview":"max-image-preview:large","max-video-preview":"max-video-preview:-1"},"schema":{"@context":"https:\/\/schema.org","@graph":[{"@type":"WebPage","@id":"https:\/\/vasexperts.com\/solutions\/implementing-volte-and-vowifi-services\/","url":"https:\/\/vasexperts.com\/solutions\/implementing-volte-and-vowifi-services\/","name":"[:en]Implementing VoLTE and VoWiFi for Mobile Operators \u2014 VAS Experts[:es]Implementaci\u00f3n de VoLTE y VoWiFi para operadores m\u00f3viles \u2014 VAS Experts[:fr]D\u00e9ploiement de VoLTE et VoWiFi pour les op\u00e9rateurs mobiles \u2014 VAS Experts[:br]Implementa\u00e7\u00e3o de VoLTE e VoWiFi para operadoras m\u00f3veis \u2014 VAS Experts","isPartOf":{"@id":"https:\/\/vasexperts.com\/#website"},"datePublished":"2026-04-21T13:40:43+00:00","dateModified":"2026-04-21T13:55:08+00:00","description":"[:en]A ready-made solution for implementing VoLTE and VoWiFi based on the Russian Stingray ePDG. Ensures stable voice communication in the absence of 2G\/3G\/LTE coverage, reduces roaming costs and increases the competitiveness of operator services.[:es]Una soluci\u00f3n lista para implementar VoLTE y VoWiFi basada en el Stingray ePDG ruso. Garantiza una comunicaci\u00f3n de voz estable en ausencia de cobertura 2G\/3G\/LTE, reduce los costos de roaming y aumenta la competitividad de los servicios del operador.[:fr]Une solution cl\u00e9 en main pour le d\u00e9ploiement de VoLTE et VoWiFi bas\u00e9e sur le Stingray ePDG russe. Garantit une communication vocale stable en l'absence de couverture 2G\/3G\/LTE, r\u00e9duit les co\u00fbts d'itin\u00e9rance et renforce la comp\u00e9titivit\u00e9 des services de l'op\u00e9rateur.[:br]Uma solu\u00e7\u00e3o pronta para implementa\u00e7\u00e3o de VoLTE e VoWiFi baseada no Stingray ePDG russo. Garante comunica\u00e7\u00e3o de voz est\u00e1vel na aus\u00eancia de cobertura 2G\/3G\/LTE, reduz os custos de roaming e aumenta a competitividade dos servi\u00e7os da operadora.","breadcrumb":{"@id":"https:\/\/vasexperts.com\/solutions\/implementing-volte-and-vowifi-services\/#breadcrumb"},"inLanguage":"es","potentialAction":[{"@type":"ReadAction","target":["https:\/\/vasexperts.com\/solutions\/implementing-volte-and-vowifi-services\/"]}]},{"@type":"BreadcrumbList","@id":"https:\/\/vasexperts.com\/solutions\/implementing-volte-and-vowifi-services\/#breadcrumb","itemListElement":[{"@type":"ListItem","position":1,"name":"\u0413\u043b\u0430\u0432\u043d\u0430\u044f \u0441\u0442\u0440\u0430\u043d\u0438\u0446\u0430","item":"https:\/\/vasexperts.com\/"},{"@type":"ListItem","position":2,"name":"Solutions","item":"https:\/\/vasexperts.com\/solutions\/"},{"@type":"ListItem","position":3,"name":"Implementing VoLTE and VoWiFi Services"}]},{"@type":"WebSite","@id":"https:\/\/vasexperts.com\/#website","url":"https:\/\/vasexperts.com\/","name":"ITGLOBAL.COM","description":"(English) VASExperts","inLanguage":"es"}]}},"_links":{"self":[{"href":"https:\/\/vasexperts.com\/es\/wp-json\/wp\/v2\/pages\/14155"}],"collection":[{"href":"https:\/\/vasexperts.com\/es\/wp-json\/wp\/v2\/pages"}],"about":[{"href":"https:\/\/vasexperts.com\/es\/wp-json\/wp\/v2\/types\/page"}],"author":[{"embeddable":true,"href":"https:\/\/vasexperts.com\/es\/wp-json\/wp\/v2\/users\/7"}],"replies":[{"embeddable":true,"href":"https:\/\/vasexperts.com\/es\/wp-json\/wp\/v2\/comments?post=14155"}],"version-history":[{"count":5,"href":"https:\/\/vasexperts.com\/es\/wp-json\/wp\/v2\/pages\/14155\/revisions"}],"predecessor-version":[{"id":14162,"href":"https:\/\/vasexperts.com\/es\/wp-json\/wp\/v2\/pages\/14155\/revisions\/14162"}],"up":[{"embeddable":true,"href":"https:\/\/vasexperts.com\/es\/wp-json\/wp\/v2\/pages\/290"}],"wp:attachment":[{"href":"https:\/\/vasexperts.com\/es\/wp-json\/wp\/v2\/media?parent=14155"}],"curies":[{"name":"wp","href":"https:\/\/api.w.org\/{rel}","templated":true}]}}