{"id":130,"date":"2020-07-02T14:42:10","date_gmt":"2020-07-02T11:42:10","guid":{"rendered":"https:\/\/vasexperts-ru.hst11.itglobal.com\/?page_id=130"},"modified":"2025-02-13T17:29:35","modified_gmt":"2025-02-13T14:29:35","slug":"cgnat-ipv6-migration","status":"publish","type":"page","link":"https:\/\/vasexperts.com\/es\/solutions\/cgnat-ipv6-migration\/","title":{"rendered":"CG-NAT y migraci\u00f3n a IPv6"},"content":{"rendered":"","protected":false},"excerpt":{"rendered":"","protected":false},"author":1,"featured_media":0,"parent":290,"menu_order":0,"comment_status":"closed","ping_status":"closed","template":"","meta":{"footnotes":""},"class_list":["post-130","page","type-page","status-publish","hentry"],"yoast_head":"<!-- This site is optimized with the Yoast SEO plugin v23.1 - https:\/\/yoast.com\/wordpress\/plugins\/seo\/ -->\n<title>VAS Experts<\/title>\n<meta name=\"robots\" content=\"index, follow, max-snippet:-1, max-image-preview:large, max-video-preview:-1\" \/>\n<script type=\"application\/ld+json\" class=\"yoast-schema-graph\">{\"@context\":\"https:\/\/schema.org\",\"@graph\":[{\"@type\":\"WebPage\",\"@id\":\"https:\/\/vasexperts.com\/solutions\/cgnat-ipv6-migration\/\",\"url\":\"https:\/\/vasexperts.com\/solutions\/cgnat-ipv6-migration\/\",\"name\":\"[:en]CG-NAT and IPv4 to IPV6 Migration Solutions | VAS Experts[:es]CG-NAT y soluciones de migraci\u00f3n de IPv4 a IPV6 | VAS Experts[:fr]CG-NAT et solutions de migration IPv4 vers IPV6 | VAS Experts[:br]CG-NAT e solu\u00e7\u00f5es de migra\u00e7\u00e3o de IPv4 para IPV6 | VAS Experts\",\"isPartOf\":{\"@id\":\"https:\/\/vasexperts.com\/#website\"},\"datePublished\":\"2020-07-02T11:42:10+00:00\",\"dateModified\":\"2025-02-13T14:29:35+00:00\",\"description\":\"[:en]The best solution is smooth transition of the entire infrastructure to IPv6 support or creation of a temporary hybrid scheme. We suggest VAS Experts CG-NAT as part of this strategy.[:es]La mejor soluci\u00f3n es la transici\u00f3n sin problemas de toda la infraestructura al soporte de IPv6 o la creaci\u00f3n de un esquema h\u00edbrido temporal. Sugerimos VAS Experts CG-NAT como parte de esta estrategia.[:fr]La meilleure solution est une transition en douceur de l'ensemble de l'infrastructure vers le support IPv6 ou la cr\u00e9ation d'un sch\u00e9ma hybride temporaire. Nous sugg\u00e9rons l'utilisation de VAS Experts CG-NAT dans le cadre de cette strat\u00e9gie.[:br]A melhor solu\u00e7\u00e3o \u00e9 a transi\u00e7\u00e3o suave de toda a infraestrutura para o suporte ao IPv6 ou a cria\u00e7\u00e3o de um esquema h\u00edbrido tempor\u00e1rio. Sugerimos o VAS Experts CG-NAT como parte dessa estrat\u00e9gia.\",\"breadcrumb\":{\"@id\":\"https:\/\/vasexperts.com\/solutions\/cgnat-ipv6-migration\/#breadcrumb\"},\"inLanguage\":\"es\",\"potentialAction\":[{\"@type\":\"ReadAction\",\"target\":[\"https:\/\/vasexperts.com\/solutions\/cgnat-ipv6-migration\/\"]}]},{\"@type\":\"BreadcrumbList\",\"@id\":\"https:\/\/vasexperts.com\/solutions\/cgnat-ipv6-migration\/#breadcrumb\",\"itemListElement\":[{\"@type\":\"ListItem\",\"position\":1,\"name\":\"\u0413\u043b\u0430\u0432\u043d\u0430\u044f \u0441\u0442\u0440\u0430\u043d\u0438\u0446\u0430\",\"item\":\"https:\/\/vasexperts.com\/\"},{\"@type\":\"ListItem\",\"position\":2,\"name\":\"Solutions\",\"item\":\"https:\/\/vasexperts.com\/solutions\/\"},{\"@type\":\"ListItem\",\"position\":3,\"name\":\"CG-NAT &#038; IPv6 Migration\"}]},{\"@type\":\"WebSite\",\"@id\":\"https:\/\/vasexperts.com\/#website\",\"url\":\"https:\/\/vasexperts.com\/\",\"name\":\"ITGLOBAL.COM\",\"description\":\"(English) VASExperts\",\"inLanguage\":\"es\"}]}<\/script>\n<!-- \/ Yoast SEO plugin. -->","yoast_head_json":{"title":"VAS Experts","robots":{"index":"index","follow":"follow","max-snippet":"max-snippet:-1","max-image-preview":"max-image-preview:large","max-video-preview":"max-video-preview:-1"},"schema":{"@context":"https:\/\/schema.org","@graph":[{"@type":"WebPage","@id":"https:\/\/vasexperts.com\/solutions\/cgnat-ipv6-migration\/","url":"https:\/\/vasexperts.com\/solutions\/cgnat-ipv6-migration\/","name":"[:en]CG-NAT and IPv4 to IPV6 Migration Solutions | VAS Experts[:es]CG-NAT y soluciones de migraci\u00f3n de IPv4 a IPV6 | VAS Experts[:fr]CG-NAT et solutions de migration IPv4 vers IPV6 | VAS Experts[:br]CG-NAT e solu\u00e7\u00f5es de migra\u00e7\u00e3o de IPv4 para IPV6 | VAS Experts","isPartOf":{"@id":"https:\/\/vasexperts.com\/#website"},"datePublished":"2020-07-02T11:42:10+00:00","dateModified":"2025-02-13T14:29:35+00:00","description":"[:en]The best solution is smooth transition of the entire infrastructure to IPv6 support or creation of a temporary hybrid scheme. We suggest VAS Experts CG-NAT as part of this strategy.[:es]La mejor soluci\u00f3n es la transici\u00f3n sin problemas de toda la infraestructura al soporte de IPv6 o la creaci\u00f3n de un esquema h\u00edbrido temporal. Sugerimos VAS Experts CG-NAT como parte de esta estrategia.[:fr]La meilleure solution est une transition en douceur de l'ensemble de l'infrastructure vers le support IPv6 ou la cr\u00e9ation d'un sch\u00e9ma hybride temporaire. Nous sugg\u00e9rons l'utilisation de VAS Experts CG-NAT dans le cadre de cette strat\u00e9gie.[:br]A melhor solu\u00e7\u00e3o \u00e9 a transi\u00e7\u00e3o suave de toda a infraestrutura para o suporte ao IPv6 ou a cria\u00e7\u00e3o de um esquema h\u00edbrido tempor\u00e1rio. Sugerimos o VAS Experts CG-NAT como parte dessa estrat\u00e9gia.","breadcrumb":{"@id":"https:\/\/vasexperts.com\/solutions\/cgnat-ipv6-migration\/#breadcrumb"},"inLanguage":"es","potentialAction":[{"@type":"ReadAction","target":["https:\/\/vasexperts.com\/solutions\/cgnat-ipv6-migration\/"]}]},{"@type":"BreadcrumbList","@id":"https:\/\/vasexperts.com\/solutions\/cgnat-ipv6-migration\/#breadcrumb","itemListElement":[{"@type":"ListItem","position":1,"name":"\u0413\u043b\u0430\u0432\u043d\u0430\u044f \u0441\u0442\u0440\u0430\u043d\u0438\u0446\u0430","item":"https:\/\/vasexperts.com\/"},{"@type":"ListItem","position":2,"name":"Solutions","item":"https:\/\/vasexperts.com\/solutions\/"},{"@type":"ListItem","position":3,"name":"CG-NAT &#038; IPv6 Migration"}]},{"@type":"WebSite","@id":"https:\/\/vasexperts.com\/#website","url":"https:\/\/vasexperts.com\/","name":"ITGLOBAL.COM","description":"(English) VASExperts","inLanguage":"es"}]}},"_links":{"self":[{"href":"https:\/\/vasexperts.com\/es\/wp-json\/wp\/v2\/pages\/130"}],"collection":[{"href":"https:\/\/vasexperts.com\/es\/wp-json\/wp\/v2\/pages"}],"about":[{"href":"https:\/\/vasexperts.com\/es\/wp-json\/wp\/v2\/types\/page"}],"author":[{"embeddable":true,"href":"https:\/\/vasexperts.com\/es\/wp-json\/wp\/v2\/users\/1"}],"replies":[{"embeddable":true,"href":"https:\/\/vasexperts.com\/es\/wp-json\/wp\/v2\/comments?post=130"}],"version-history":[{"count":8,"href":"https:\/\/vasexperts.com\/es\/wp-json\/wp\/v2\/pages\/130\/revisions"}],"predecessor-version":[{"id":11428,"href":"https:\/\/vasexperts.com\/es\/wp-json\/wp\/v2\/pages\/130\/revisions\/11428"}],"up":[{"embeddable":true,"href":"https:\/\/vasexperts.com\/es\/wp-json\/wp\/v2\/pages\/290"}],"wp:attachment":[{"href":"https:\/\/vasexperts.com\/es\/wp-json\/wp\/v2\/media?parent=130"}],"curies":[{"name":"wp","href":"https:\/\/api.w.org\/{rel}","templated":true}]}}