{"id":87,"date":"2020-07-02T13:57:27","date_gmt":"2020-07-02T10:57:27","guid":{"rendered":"https:\/\/vasexperts-ru.hst11.itglobal.com\/?page_id=87"},"modified":"2025-12-05T11:16:19","modified_gmt":"2025-12-05T08:16:19","slug":"traffic-management","status":"publish","type":"page","link":"https:\/\/vasexperts.com\/br\/solutions\/traffic-management\/","title":{"rendered":"Gerenciamento de tr\u00e1fego"},"content":{"rendered":"","protected":false},"excerpt":{"rendered":"","protected":false},"author":1,"featured_media":0,"parent":290,"menu_order":0,"comment_status":"closed","ping_status":"closed","template":"","meta":{"footnotes":""},"class_list":["post-87","page","type-page","status-publish","hentry"],"yoast_head":"<!-- This site is optimized with the Yoast SEO plugin v23.1 - https:\/\/yoast.com\/wordpress\/plugins\/seo\/ -->\n<title>(English) VASExperts<\/title>\n<meta name=\"robots\" content=\"index, follow, max-snippet:-1, max-image-preview:large, max-video-preview:-1\" \/>\n<script type=\"application\/ld+json\" class=\"yoast-schema-graph\">{\"@context\":\"https:\/\/schema.org\",\"@graph\":[{\"@type\":\"WebPage\",\"@id\":\"https:\/\/vasexperts.com\/solutions\/traffic-management\/\",\"url\":\"https:\/\/vasexperts.com\/solutions\/traffic-management\/\",\"name\":\"[:en]Network Traffic Management \u2014 solution for control and prioritization of traffic \u2014 VAS Experts[:fr]Gestion du trafic: solution pour les r\u00e9seaux et les fournisseurs de services de t\u00e9l\u00e9communications\u2014 VAS Experts[:br]Gerenciamento de tr\u00e1fego de rede - solu\u00e7\u00e3o para controle e prioriza\u00e7\u00e3o de tr\u00e1fego \u2014 VAS Experts[:es]Gesti\u00f3n del tr\u00e1fico de red: soluci\u00f3n para el control y la priorizaci\u00f3n del tr\u00e1fico \u2014 VAS Experts\",\"isPartOf\":{\"@id\":\"https:\/\/vasexperts.com\/#website\"},\"datePublished\":\"2020-07-02T10:57:27+00:00\",\"dateModified\":\"2025-12-05T08:16:19+00:00\",\"description\":\"[:en]We offer a QoS solution with which you can prioritize traffic and solve the problem of network bandwidth optimization.[:es]Ofrecemos una soluci\u00f3n QoS con la que puede priorizar el tr\u00e1fico y resolver el problema de la optimizaci\u00f3n del ancho de banda de la red.[:fr]Nous proposons une solution de QoS avec laquelle vous pouvez hi\u00e9rarchiser le trafic et r\u00e9soudre le probl\u00e8me de l'optimisation de la bande passante du r\u00e9seau.[:br]Oferecemos uma solu\u00e7\u00e3o de QoS com a qual voc\u00ea pode priorizar o tr\u00e1fego e resolver o problema de otimiza\u00e7\u00e3o da largura de banda da rede\",\"breadcrumb\":{\"@id\":\"https:\/\/vasexperts.com\/solutions\/traffic-management\/#breadcrumb\"},\"inLanguage\":\"br-PT\",\"potentialAction\":[{\"@type\":\"ReadAction\",\"target\":[\"https:\/\/vasexperts.com\/solutions\/traffic-management\/\"]}]},{\"@type\":\"BreadcrumbList\",\"@id\":\"https:\/\/vasexperts.com\/solutions\/traffic-management\/#breadcrumb\",\"itemListElement\":[{\"@type\":\"ListItem\",\"position\":1,\"name\":\"\u0413\u043b\u0430\u0432\u043d\u0430\u044f \u0441\u0442\u0440\u0430\u043d\u0438\u0446\u0430\",\"item\":\"https:\/\/vasexperts.com\/\"},{\"@type\":\"ListItem\",\"position\":2,\"name\":\"Solutions\",\"item\":\"https:\/\/vasexperts.com\/solutions\/\"},{\"@type\":\"ListItem\",\"position\":3,\"name\":\"Traffic Management\"}]},{\"@type\":\"WebSite\",\"@id\":\"https:\/\/vasexperts.com\/#website\",\"url\":\"https:\/\/vasexperts.com\/\",\"name\":\"ITGLOBAL.COM\",\"description\":\"(English) VASExperts\",\"inLanguage\":\"br-PT\"}]}<\/script>\n<!-- \/ Yoast SEO plugin. -->","yoast_head_json":{"title":"(English) VASExperts","robots":{"index":"index","follow":"follow","max-snippet":"max-snippet:-1","max-image-preview":"max-image-preview:large","max-video-preview":"max-video-preview:-1"},"schema":{"@context":"https:\/\/schema.org","@graph":[{"@type":"WebPage","@id":"https:\/\/vasexperts.com\/solutions\/traffic-management\/","url":"https:\/\/vasexperts.com\/solutions\/traffic-management\/","name":"[:en]Network Traffic Management \u2014 solution for control and prioritization of traffic \u2014 VAS Experts[:fr]Gestion du trafic: solution pour les r\u00e9seaux et les fournisseurs de services de t\u00e9l\u00e9communications\u2014 VAS Experts[:br]Gerenciamento de tr\u00e1fego de rede - solu\u00e7\u00e3o para controle e prioriza\u00e7\u00e3o de tr\u00e1fego \u2014 VAS Experts[:es]Gesti\u00f3n del tr\u00e1fico de red: soluci\u00f3n para el control y la priorizaci\u00f3n del tr\u00e1fico \u2014 VAS Experts","isPartOf":{"@id":"https:\/\/vasexperts.com\/#website"},"datePublished":"2020-07-02T10:57:27+00:00","dateModified":"2025-12-05T08:16:19+00:00","description":"[:en]We offer a QoS solution with which you can prioritize traffic and solve the problem of network bandwidth optimization.[:es]Ofrecemos una soluci\u00f3n QoS con la que puede priorizar el tr\u00e1fico y resolver el problema de la optimizaci\u00f3n del ancho de banda de la red.[:fr]Nous proposons une solution de QoS avec laquelle vous pouvez hi\u00e9rarchiser le trafic et r\u00e9soudre le probl\u00e8me de l'optimisation de la bande passante du r\u00e9seau.[:br]Oferecemos uma solu\u00e7\u00e3o de QoS com a qual voc\u00ea pode priorizar o tr\u00e1fego e resolver o problema de otimiza\u00e7\u00e3o da largura de banda da rede","breadcrumb":{"@id":"https:\/\/vasexperts.com\/solutions\/traffic-management\/#breadcrumb"},"inLanguage":"br-PT","potentialAction":[{"@type":"ReadAction","target":["https:\/\/vasexperts.com\/solutions\/traffic-management\/"]}]},{"@type":"BreadcrumbList","@id":"https:\/\/vasexperts.com\/solutions\/traffic-management\/#breadcrumb","itemListElement":[{"@type":"ListItem","position":1,"name":"\u0413\u043b\u0430\u0432\u043d\u0430\u044f \u0441\u0442\u0440\u0430\u043d\u0438\u0446\u0430","item":"https:\/\/vasexperts.com\/"},{"@type":"ListItem","position":2,"name":"Solutions","item":"https:\/\/vasexperts.com\/solutions\/"},{"@type":"ListItem","position":3,"name":"Traffic Management"}]},{"@type":"WebSite","@id":"https:\/\/vasexperts.com\/#website","url":"https:\/\/vasexperts.com\/","name":"ITGLOBAL.COM","description":"(English) VASExperts","inLanguage":"br-PT"}]}},"_links":{"self":[{"href":"https:\/\/vasexperts.com\/br\/wp-json\/wp\/v2\/pages\/87"}],"collection":[{"href":"https:\/\/vasexperts.com\/br\/wp-json\/wp\/v2\/pages"}],"about":[{"href":"https:\/\/vasexperts.com\/br\/wp-json\/wp\/v2\/types\/page"}],"author":[{"embeddable":true,"href":"https:\/\/vasexperts.com\/br\/wp-json\/wp\/v2\/users\/1"}],"replies":[{"embeddable":true,"href":"https:\/\/vasexperts.com\/br\/wp-json\/wp\/v2\/comments?post=87"}],"version-history":[{"count":7,"href":"https:\/\/vasexperts.com\/br\/wp-json\/wp\/v2\/pages\/87\/revisions"}],"predecessor-version":[{"id":13742,"href":"https:\/\/vasexperts.com\/br\/wp-json\/wp\/v2\/pages\/87\/revisions\/13742"}],"up":[{"embeddable":true,"href":"https:\/\/vasexperts.com\/br\/wp-json\/wp\/v2\/pages\/290"}],"wp:attachment":[{"href":"https:\/\/vasexperts.com\/br\/wp-json\/wp\/v2\/media?parent=87"}],"curies":[{"name":"wp","href":"https:\/\/api.w.org\/{rel}","templated":true}]}}