{"id":6896,"date":"2022-03-02T16:02:28","date_gmt":"2022-03-02T13:02:28","guid":{"rendered":"https:\/\/vasexperts.com\/?page_id=6896"},"modified":"2025-08-13T15:34:32","modified_gmt":"2025-08-13T12:34:32","slug":"license-agreement","status":"publish","type":"page","link":"https:\/\/vasexperts.com\/br\/license-agreement\/","title":{"rendered":"Contrato de licen\u00e7a"},"content":{"rendered":"","protected":false},"excerpt":{"rendered":"","protected":false},"author":7,"featured_media":0,"parent":0,"menu_order":0,"comment_status":"closed","ping_status":"closed","template":"","meta":{"footnotes":""},"class_list":["post-6896","page","type-page","status-publish","hentry"],"yoast_head":"<!-- This site is optimized with the Yoast SEO plugin v23.1 - https:\/\/yoast.com\/wordpress\/plugins\/seo\/ -->\n<title>(English) VASExperts<\/title>\n<meta name=\"robots\" content=\"index, follow, max-snippet:-1, max-image-preview:large, max-video-preview:-1\" \/>\n<script type=\"application\/ld+json\" class=\"yoast-schema-graph\">{\"@context\":\"https:\/\/schema.org\",\"@graph\":[{\"@type\":\"WebPage\",\"@id\":\"https:\/\/vasexperts.com\/license-agreement\/\",\"url\":\"https:\/\/vasexperts.com\/license-agreement\/\",\"name\":\"[:en]VAS Experts License Agreement[:es]Acuerdo de licencia de VAS Experts[:fr]Contrat de licence de la SARL Vas Experts[:br]Contrato de VAS Experts\",\"isPartOf\":{\"@id\":\"https:\/\/vasexperts.com\/#website\"},\"datePublished\":\"2022-03-02T13:02:28+00:00\",\"dateModified\":\"2025-08-13T12:34:32+00:00\",\"description\":\"[:en]These Terms and Conditions are a legally binding agreement between VAS Experts LLC and you, the software user.[:es]Estos t\u00e9rminos y condiciones constituyen un acuerdo legalmente vinculante entre VAS Experts, S.R.L. y usted, el usuario del software[:fr]Ces termes constituent un contrat juridiquement contraignant entre la SARL Vas Experts et vous, l'utilisateur du logiciel.[:br]Estes Termos e Condi\u00e7\u00f5es s\u00e3o um acordo legalmente vinculativo entre a VAS Experts LLC e voc\u00ea, o usu\u00e1rio do software.\",\"breadcrumb\":{\"@id\":\"https:\/\/vasexperts.com\/license-agreement\/#breadcrumb\"},\"inLanguage\":\"br-PT\",\"potentialAction\":[{\"@type\":\"ReadAction\",\"target\":[\"https:\/\/vasexperts.com\/license-agreement\/\"]}]},{\"@type\":\"BreadcrumbList\",\"@id\":\"https:\/\/vasexperts.com\/license-agreement\/#breadcrumb\",\"itemListElement\":[{\"@type\":\"ListItem\",\"position\":1,\"name\":\"\u0413\u043b\u0430\u0432\u043d\u0430\u044f \u0441\u0442\u0440\u0430\u043d\u0438\u0446\u0430\",\"item\":\"https:\/\/vasexperts.com\/\"},{\"@type\":\"ListItem\",\"position\":2,\"name\":\"License Agreement\"}]},{\"@type\":\"WebSite\",\"@id\":\"https:\/\/vasexperts.com\/#website\",\"url\":\"https:\/\/vasexperts.com\/\",\"name\":\"ITGLOBAL.COM\",\"description\":\"(English) VASExperts\",\"inLanguage\":\"br-PT\"}]}<\/script>\n<!-- \/ Yoast SEO plugin. -->","yoast_head_json":{"title":"(English) VASExperts","robots":{"index":"index","follow":"follow","max-snippet":"max-snippet:-1","max-image-preview":"max-image-preview:large","max-video-preview":"max-video-preview:-1"},"schema":{"@context":"https:\/\/schema.org","@graph":[{"@type":"WebPage","@id":"https:\/\/vasexperts.com\/license-agreement\/","url":"https:\/\/vasexperts.com\/license-agreement\/","name":"[:en]VAS Experts License Agreement[:es]Acuerdo de licencia de VAS Experts[:fr]Contrat de licence de la SARL Vas Experts[:br]Contrato de VAS Experts","isPartOf":{"@id":"https:\/\/vasexperts.com\/#website"},"datePublished":"2022-03-02T13:02:28+00:00","dateModified":"2025-08-13T12:34:32+00:00","description":"[:en]These Terms and Conditions are a legally binding agreement between VAS Experts LLC and you, the software user.[:es]Estos t\u00e9rminos y condiciones constituyen un acuerdo legalmente vinculante entre VAS Experts, S.R.L. y usted, el usuario del software[:fr]Ces termes constituent un contrat juridiquement contraignant entre la SARL Vas Experts et vous, l'utilisateur du logiciel.[:br]Estes Termos e Condi\u00e7\u00f5es s\u00e3o um acordo legalmente vinculativo entre a VAS Experts LLC e voc\u00ea, o usu\u00e1rio do software.","breadcrumb":{"@id":"https:\/\/vasexperts.com\/license-agreement\/#breadcrumb"},"inLanguage":"br-PT","potentialAction":[{"@type":"ReadAction","target":["https:\/\/vasexperts.com\/license-agreement\/"]}]},{"@type":"BreadcrumbList","@id":"https:\/\/vasexperts.com\/license-agreement\/#breadcrumb","itemListElement":[{"@type":"ListItem","position":1,"name":"\u0413\u043b\u0430\u0432\u043d\u0430\u044f \u0441\u0442\u0440\u0430\u043d\u0438\u0446\u0430","item":"https:\/\/vasexperts.com\/"},{"@type":"ListItem","position":2,"name":"License Agreement"}]},{"@type":"WebSite","@id":"https:\/\/vasexperts.com\/#website","url":"https:\/\/vasexperts.com\/","name":"ITGLOBAL.COM","description":"(English) VASExperts","inLanguage":"br-PT"}]}},"_links":{"self":[{"href":"https:\/\/vasexperts.com\/br\/wp-json\/wp\/v2\/pages\/6896"}],"collection":[{"href":"https:\/\/vasexperts.com\/br\/wp-json\/wp\/v2\/pages"}],"about":[{"href":"https:\/\/vasexperts.com\/br\/wp-json\/wp\/v2\/types\/page"}],"author":[{"embeddable":true,"href":"https:\/\/vasexperts.com\/br\/wp-json\/wp\/v2\/users\/7"}],"replies":[{"embeddable":true,"href":"https:\/\/vasexperts.com\/br\/wp-json\/wp\/v2\/comments?post=6896"}],"version-history":[{"count":4,"href":"https:\/\/vasexperts.com\/br\/wp-json\/wp\/v2\/pages\/6896\/revisions"}],"predecessor-version":[{"id":13014,"href":"https:\/\/vasexperts.com\/br\/wp-json\/wp\/v2\/pages\/6896\/revisions\/13014"}],"wp:attachment":[{"href":"https:\/\/vasexperts.com\/br\/wp-json\/wp\/v2\/media?parent=6896"}],"curies":[{"name":"wp","href":"https:\/\/api.w.org\/{rel}","templated":true}]}}