{"id":4168,"date":"2021-04-20T19:50:21","date_gmt":"2021-04-20T16:50:21","guid":{"rendered":"https:\/\/vasexperts.com\/?page_id=4168"},"modified":"2025-08-13T14:16:40","modified_gmt":"2025-08-13T11:16:40","slug":"success-stories","status":"publish","type":"page","link":"https:\/\/vasexperts.com\/br\/resources\/success-stories\/","title":{"rendered":"Hist\u00f3rias de sucesso"},"content":{"rendered":"","protected":false},"excerpt":{"rendered":"","protected":false},"author":7,"featured_media":0,"parent":292,"menu_order":0,"comment_status":"closed","ping_status":"closed","template":"success-stories.php","meta":{"footnotes":""},"class_list":["post-4168","page","type-page","status-publish","hentry"],"yoast_head":"<!-- This site is optimized with the Yoast SEO plugin v23.1 - https:\/\/yoast.com\/wordpress\/plugins\/seo\/ -->\n<title>(English) VASExperts<\/title>\n<meta name=\"robots\" content=\"index, follow, max-snippet:-1, max-image-preview:large, max-video-preview:-1\" \/>\n<script type=\"application\/ld+json\" class=\"yoast-schema-graph\">{\"@context\":\"https:\/\/schema.org\",\"@graph\":[{\"@type\":\"WebPage\",\"@id\":\"https:\/\/vasexperts.com\/resources\/success-stories\/\",\"url\":\"https:\/\/vasexperts.com\/resources\/success-stories\/\",\"name\":\"[:en]Success Stories \u2014 VAS Experts[:es]Historias de \u00e9xito \u2014 VAS Experts[:fr]Histoires de r\u00e9ussite \u2014 VAS Experts[:en]Success Stories \u2014 VAS Experts[:es]Historias de \u00e9xito \u2014 VAS Experts[:fr]Histoires de r\u00e9ussite \u2014 VAS Experts[:br]Casos de \u00e9xito \u2014 VAS Experts\",\"isPartOf\":{\"@id\":\"https:\/\/vasexperts.com\/#website\"},\"datePublished\":\"2021-04-20T16:50:21+00:00\",\"dateModified\":\"2025-08-13T11:16:40+00:00\",\"description\":\"[:en]Check out our success stories: how we implemented the Stingray software solution and why clients choose us[:es]Vea nuestras historias de \u00e9xito: c\u00f3mo implementamos el sistema de facturaci\u00f3n Stingray y por qu\u00e9 nos eligen[:fr]Consultez nos histoires de r\u00e9ussite : comment nous avons implant\u00e9 le syst\u00e8me de facturation Stingray et pourquoi ils nous ont choisis[:br]Confira nossos casos de sucesso: como implementamos a solu\u00e7\u00e3o de software Stingray e por que os clientes nos escolhem\",\"breadcrumb\":{\"@id\":\"https:\/\/vasexperts.com\/resources\/success-stories\/#breadcrumb\"},\"inLanguage\":\"br-PT\",\"potentialAction\":[{\"@type\":\"ReadAction\",\"target\":[\"https:\/\/vasexperts.com\/resources\/success-stories\/\"]}]},{\"@type\":\"BreadcrumbList\",\"@id\":\"https:\/\/vasexperts.com\/resources\/success-stories\/#breadcrumb\",\"itemListElement\":[{\"@type\":\"ListItem\",\"position\":1,\"name\":\"\u0413\u043b\u0430\u0432\u043d\u0430\u044f \u0441\u0442\u0440\u0430\u043d\u0438\u0446\u0430\",\"item\":\"https:\/\/vasexperts.com\/\"},{\"@type\":\"ListItem\",\"position\":2,\"name\":\"Resources\",\"item\":\"https:\/\/vasexperts.com\/resources\/\"},{\"@type\":\"ListItem\",\"position\":3,\"name\":\"Success Stories\"}]},{\"@type\":\"WebSite\",\"@id\":\"https:\/\/vasexperts.com\/#website\",\"url\":\"https:\/\/vasexperts.com\/\",\"name\":\"ITGLOBAL.COM\",\"description\":\"(English) VASExperts\",\"inLanguage\":\"br-PT\"}]}<\/script>\n<!-- \/ Yoast SEO plugin. -->","yoast_head_json":{"title":"(English) VASExperts","robots":{"index":"index","follow":"follow","max-snippet":"max-snippet:-1","max-image-preview":"max-image-preview:large","max-video-preview":"max-video-preview:-1"},"schema":{"@context":"https:\/\/schema.org","@graph":[{"@type":"WebPage","@id":"https:\/\/vasexperts.com\/resources\/success-stories\/","url":"https:\/\/vasexperts.com\/resources\/success-stories\/","name":"[:en]Success Stories \u2014 VAS Experts[:es]Historias de \u00e9xito \u2014 VAS Experts[:fr]Histoires de r\u00e9ussite \u2014 VAS Experts[:en]Success Stories \u2014 VAS Experts[:es]Historias de \u00e9xito \u2014 VAS Experts[:fr]Histoires de r\u00e9ussite \u2014 VAS Experts[:br]Casos de \u00e9xito \u2014 VAS Experts","isPartOf":{"@id":"https:\/\/vasexperts.com\/#website"},"datePublished":"2021-04-20T16:50:21+00:00","dateModified":"2025-08-13T11:16:40+00:00","description":"[:en]Check out our success stories: how we implemented the Stingray software solution and why clients choose us[:es]Vea nuestras historias de \u00e9xito: c\u00f3mo implementamos el sistema de facturaci\u00f3n Stingray y por qu\u00e9 nos eligen[:fr]Consultez nos histoires de r\u00e9ussite : comment nous avons implant\u00e9 le syst\u00e8me de facturation Stingray et pourquoi ils nous ont choisis[:br]Confira nossos casos de sucesso: como implementamos a solu\u00e7\u00e3o de software Stingray e por que os clientes nos escolhem","breadcrumb":{"@id":"https:\/\/vasexperts.com\/resources\/success-stories\/#breadcrumb"},"inLanguage":"br-PT","potentialAction":[{"@type":"ReadAction","target":["https:\/\/vasexperts.com\/resources\/success-stories\/"]}]},{"@type":"BreadcrumbList","@id":"https:\/\/vasexperts.com\/resources\/success-stories\/#breadcrumb","itemListElement":[{"@type":"ListItem","position":1,"name":"\u0413\u043b\u0430\u0432\u043d\u0430\u044f \u0441\u0442\u0440\u0430\u043d\u0438\u0446\u0430","item":"https:\/\/vasexperts.com\/"},{"@type":"ListItem","position":2,"name":"Resources","item":"https:\/\/vasexperts.com\/resources\/"},{"@type":"ListItem","position":3,"name":"Success Stories"}]},{"@type":"WebSite","@id":"https:\/\/vasexperts.com\/#website","url":"https:\/\/vasexperts.com\/","name":"ITGLOBAL.COM","description":"(English) VASExperts","inLanguage":"br-PT"}]}},"_links":{"self":[{"href":"https:\/\/vasexperts.com\/br\/wp-json\/wp\/v2\/pages\/4168"}],"collection":[{"href":"https:\/\/vasexperts.com\/br\/wp-json\/wp\/v2\/pages"}],"about":[{"href":"https:\/\/vasexperts.com\/br\/wp-json\/wp\/v2\/types\/page"}],"author":[{"embeddable":true,"href":"https:\/\/vasexperts.com\/br\/wp-json\/wp\/v2\/users\/7"}],"replies":[{"embeddable":true,"href":"https:\/\/vasexperts.com\/br\/wp-json\/wp\/v2\/comments?post=4168"}],"version-history":[{"count":6,"href":"https:\/\/vasexperts.com\/br\/wp-json\/wp\/v2\/pages\/4168\/revisions"}],"predecessor-version":[{"id":12991,"href":"https:\/\/vasexperts.com\/br\/wp-json\/wp\/v2\/pages\/4168\/revisions\/12991"}],"up":[{"embeddable":true,"href":"https:\/\/vasexperts.com\/br\/wp-json\/wp\/v2\/pages\/292"}],"wp:attachment":[{"href":"https:\/\/vasexperts.com\/br\/wp-json\/wp\/v2\/media?parent=4168"}],"curies":[{"name":"wp","href":"https:\/\/api.w.org\/{rel}","templated":true}]}}