{"id":34,"date":"2020-06-22T16:11:34","date_gmt":"2020-06-22T13:11:34","guid":{"rendered":"https:\/\/vasexperts-ru.hst11.itglobal.com\/?page_id=34"},"modified":"2025-08-01T10:33:42","modified_gmt":"2025-08-01T07:33:42","slug":"brochures","status":"publish","type":"page","link":"https:\/\/vasexperts.com\/br\/resources\/brochures\/","title":{"rendered":"Folhetos"},"content":{"rendered":"","protected":false},"excerpt":{"rendered":"","protected":false},"author":7,"featured_media":0,"parent":292,"menu_order":0,"comment_status":"closed","ping_status":"closed","template":"","meta":{"footnotes":""},"class_list":["post-34","page","type-page","status-publish","hentry"],"yoast_head":"<!-- This site is optimized with the Yoast SEO plugin v23.1 - https:\/\/yoast.com\/wordpress\/plugins\/seo\/ -->\n<title>(English) VASExperts<\/title>\n<meta name=\"robots\" content=\"index, follow, max-snippet:-1, max-image-preview:large, max-video-preview:-1\" \/>\n<script type=\"application\/ld+json\" class=\"yoast-schema-graph\">{\"@context\":\"https:\/\/schema.org\",\"@graph\":[{\"@type\":\"WebPage\",\"@id\":\"https:\/\/vasexperts.com\/resources\/brochures\/\",\"url\":\"https:\/\/vasexperts.com\/resources\/brochures\/\",\"name\":\"[:br]Folletos \u2014 VAS Experts[:en]Brochures \u2014 VAS Experts[:es]Folletos \u2014 VAS Experts[:fr]Brochures et documents \u2014 VAS Experts[:br]Brochuras \u2014 VAS Experts\",\"isPartOf\":{\"@id\":\"https:\/\/vasexperts.com\/#website\"},\"datePublished\":\"2020-06-22T13:11:34+00:00\",\"dateModified\":\"2025-08-01T07:33:42+00:00\",\"description\":\"[:en]Download documents and presentations about the company and its products[:es]Descarga documentos y presentaciones sobre la empresa y sus productos[:fr]T\u00e9l\u00e9charger des documents et des pr\u00e9sentations sur l'entreprise et ses produits[:br]Baixe documentos e apresenta\u00e7\u00f5es sobre a empresa e seus produtos\",\"breadcrumb\":{\"@id\":\"https:\/\/vasexperts.com\/resources\/brochures\/#breadcrumb\"},\"inLanguage\":\"br-PT\",\"potentialAction\":[{\"@type\":\"ReadAction\",\"target\":[\"https:\/\/vasexperts.com\/resources\/brochures\/\"]}]},{\"@type\":\"BreadcrumbList\",\"@id\":\"https:\/\/vasexperts.com\/resources\/brochures\/#breadcrumb\",\"itemListElement\":[{\"@type\":\"ListItem\",\"position\":1,\"name\":\"\u0413\u043b\u0430\u0432\u043d\u0430\u044f \u0441\u0442\u0440\u0430\u043d\u0438\u0446\u0430\",\"item\":\"https:\/\/vasexperts.com\/\"},{\"@type\":\"ListItem\",\"position\":2,\"name\":\"Resources\",\"item\":\"https:\/\/vasexperts.com\/resources\/\"},{\"@type\":\"ListItem\",\"position\":3,\"name\":\"Brochures\"}]},{\"@type\":\"WebSite\",\"@id\":\"https:\/\/vasexperts.com\/#website\",\"url\":\"https:\/\/vasexperts.com\/\",\"name\":\"ITGLOBAL.COM\",\"description\":\"(English) VASExperts\",\"inLanguage\":\"br-PT\"}]}<\/script>\n<!-- \/ Yoast SEO plugin. -->","yoast_head_json":{"title":"(English) VASExperts","robots":{"index":"index","follow":"follow","max-snippet":"max-snippet:-1","max-image-preview":"max-image-preview:large","max-video-preview":"max-video-preview:-1"},"schema":{"@context":"https:\/\/schema.org","@graph":[{"@type":"WebPage","@id":"https:\/\/vasexperts.com\/resources\/brochures\/","url":"https:\/\/vasexperts.com\/resources\/brochures\/","name":"[:br]Folletos \u2014 VAS Experts[:en]Brochures \u2014 VAS Experts[:es]Folletos \u2014 VAS Experts[:fr]Brochures et documents \u2014 VAS Experts[:br]Brochuras \u2014 VAS Experts","isPartOf":{"@id":"https:\/\/vasexperts.com\/#website"},"datePublished":"2020-06-22T13:11:34+00:00","dateModified":"2025-08-01T07:33:42+00:00","description":"[:en]Download documents and presentations about the company and its products[:es]Descarga documentos y presentaciones sobre la empresa y sus productos[:fr]T\u00e9l\u00e9charger des documents et des pr\u00e9sentations sur l'entreprise et ses produits[:br]Baixe documentos e apresenta\u00e7\u00f5es sobre a empresa e seus produtos","breadcrumb":{"@id":"https:\/\/vasexperts.com\/resources\/brochures\/#breadcrumb"},"inLanguage":"br-PT","potentialAction":[{"@type":"ReadAction","target":["https:\/\/vasexperts.com\/resources\/brochures\/"]}]},{"@type":"BreadcrumbList","@id":"https:\/\/vasexperts.com\/resources\/brochures\/#breadcrumb","itemListElement":[{"@type":"ListItem","position":1,"name":"\u0413\u043b\u0430\u0432\u043d\u0430\u044f \u0441\u0442\u0440\u0430\u043d\u0438\u0446\u0430","item":"https:\/\/vasexperts.com\/"},{"@type":"ListItem","position":2,"name":"Resources","item":"https:\/\/vasexperts.com\/resources\/"},{"@type":"ListItem","position":3,"name":"Brochures"}]},{"@type":"WebSite","@id":"https:\/\/vasexperts.com\/#website","url":"https:\/\/vasexperts.com\/","name":"ITGLOBAL.COM","description":"(English) VASExperts","inLanguage":"br-PT"}]}},"_links":{"self":[{"href":"https:\/\/vasexperts.com\/br\/wp-json\/wp\/v2\/pages\/34"}],"collection":[{"href":"https:\/\/vasexperts.com\/br\/wp-json\/wp\/v2\/pages"}],"about":[{"href":"https:\/\/vasexperts.com\/br\/wp-json\/wp\/v2\/types\/page"}],"author":[{"embeddable":true,"href":"https:\/\/vasexperts.com\/br\/wp-json\/wp\/v2\/users\/7"}],"replies":[{"embeddable":true,"href":"https:\/\/vasexperts.com\/br\/wp-json\/wp\/v2\/comments?post=34"}],"version-history":[{"count":6,"href":"https:\/\/vasexperts.com\/br\/wp-json\/wp\/v2\/pages\/34\/revisions"}],"predecessor-version":[{"id":12043,"href":"https:\/\/vasexperts.com\/br\/wp-json\/wp\/v2\/pages\/34\/revisions\/12043"}],"up":[{"embeddable":true,"href":"https:\/\/vasexperts.com\/br\/wp-json\/wp\/v2\/pages\/292"}],"wp:attachment":[{"href":"https:\/\/vasexperts.com\/br\/wp-json\/wp\/v2\/media?parent=34"}],"curies":[{"name":"wp","href":"https:\/\/api.w.org\/{rel}","templated":true}]}}