{"id":32,"date":"2020-06-22T14:41:56","date_gmt":"2020-06-22T11:41:56","guid":{"rendered":"https:\/\/vasexperts-ru.hst11.itglobal.com\/?page_id=32"},"modified":"2025-09-01T10:08:54","modified_gmt":"2025-09-01T07:08:54","slug":"test-us","status":"publish","type":"page","link":"https:\/\/vasexperts.com\/br\/test-us\/","title":{"rendered":"Teste-nos"},"content":{"rendered":"","protected":false},"excerpt":{"rendered":"","protected":false},"author":7,"featured_media":0,"parent":0,"menu_order":0,"comment_status":"closed","ping_status":"closed","template":"","meta":{"footnotes":""},"class_list":["post-32","page","type-page","status-publish","hentry"],"yoast_head":"<!-- This site is optimized with the Yoast SEO plugin v23.1 - https:\/\/yoast.com\/wordpress\/plugins\/seo\/ -->\n<title>(English) VASExperts<\/title>\n<meta name=\"robots\" content=\"index, follow, max-snippet:-1, max-image-preview:large, max-video-preview:-1\" \/>\n<script type=\"application\/ld+json\" class=\"yoast-schema-graph\">{\"@context\":\"https:\/\/schema.org\",\"@graph\":[{\"@type\":\"WebPage\",\"@id\":\"https:\/\/vasexperts.com\/test-us\/\",\"url\":\"https:\/\/vasexperts.com\/test-us\/\",\"name\":\"[:es]Pruebanos - VAS Experts[:en]Test us - VAS Experts[:fr]Testez-nous - VAS Experts[:br]Teste-nos - VAS Experts\",\"isPartOf\":{\"@id\":\"https:\/\/vasexperts.com\/#website\"},\"datePublished\":\"2020-06-22T11:41:56+00:00\",\"dateModified\":\"2025-09-01T07:08:54+00:00\",\"description\":\"[:es]Pruebe la plataforma Stingray SG y verifique las capacidades y la funcionalidad del software.[:en]Test Stingray SG platform and check the capabilities and functionality of the software.[:fr]Testez la plateforme Stingray SG et v\u00e9rifiez les capacit\u00e9s et fonctionnalit\u00e9s du logiciel. [:br]Teste a plataforma Stingray SG e verifique os recursos e a funcionalidade do software.\",\"breadcrumb\":{\"@id\":\"https:\/\/vasexperts.com\/test-us\/#breadcrumb\"},\"inLanguage\":\"br-PT\",\"potentialAction\":[{\"@type\":\"ReadAction\",\"target\":[\"https:\/\/vasexperts.com\/test-us\/\"]}]},{\"@type\":\"BreadcrumbList\",\"@id\":\"https:\/\/vasexperts.com\/test-us\/#breadcrumb\",\"itemListElement\":[{\"@type\":\"ListItem\",\"position\":1,\"name\":\"\u0413\u043b\u0430\u0432\u043d\u0430\u044f \u0441\u0442\u0440\u0430\u043d\u0438\u0446\u0430\",\"item\":\"https:\/\/vasexperts.com\/\"},{\"@type\":\"ListItem\",\"position\":2,\"name\":\"Test us\"}]},{\"@type\":\"WebSite\",\"@id\":\"https:\/\/vasexperts.com\/#website\",\"url\":\"https:\/\/vasexperts.com\/\",\"name\":\"ITGLOBAL.COM\",\"description\":\"(English) VASExperts\",\"inLanguage\":\"br-PT\"}]}<\/script>\n<!-- \/ Yoast SEO plugin. -->","yoast_head_json":{"title":"(English) VASExperts","robots":{"index":"index","follow":"follow","max-snippet":"max-snippet:-1","max-image-preview":"max-image-preview:large","max-video-preview":"max-video-preview:-1"},"schema":{"@context":"https:\/\/schema.org","@graph":[{"@type":"WebPage","@id":"https:\/\/vasexperts.com\/test-us\/","url":"https:\/\/vasexperts.com\/test-us\/","name":"[:es]Pruebanos - VAS Experts[:en]Test us - VAS Experts[:fr]Testez-nous - VAS Experts[:br]Teste-nos - VAS Experts","isPartOf":{"@id":"https:\/\/vasexperts.com\/#website"},"datePublished":"2020-06-22T11:41:56+00:00","dateModified":"2025-09-01T07:08:54+00:00","description":"[:es]Pruebe la plataforma Stingray SG y verifique las capacidades y la funcionalidad del software.[:en]Test Stingray SG platform and check the capabilities and functionality of the software.[:fr]Testez la plateforme Stingray SG et v\u00e9rifiez les capacit\u00e9s et fonctionnalit\u00e9s du logiciel. [:br]Teste a plataforma Stingray SG e verifique os recursos e a funcionalidade do software.","breadcrumb":{"@id":"https:\/\/vasexperts.com\/test-us\/#breadcrumb"},"inLanguage":"br-PT","potentialAction":[{"@type":"ReadAction","target":["https:\/\/vasexperts.com\/test-us\/"]}]},{"@type":"BreadcrumbList","@id":"https:\/\/vasexperts.com\/test-us\/#breadcrumb","itemListElement":[{"@type":"ListItem","position":1,"name":"\u0413\u043b\u0430\u0432\u043d\u0430\u044f \u0441\u0442\u0440\u0430\u043d\u0438\u0446\u0430","item":"https:\/\/vasexperts.com\/"},{"@type":"ListItem","position":2,"name":"Test us"}]},{"@type":"WebSite","@id":"https:\/\/vasexperts.com\/#website","url":"https:\/\/vasexperts.com\/","name":"ITGLOBAL.COM","description":"(English) VASExperts","inLanguage":"br-PT"}]}},"_links":{"self":[{"href":"https:\/\/vasexperts.com\/br\/wp-json\/wp\/v2\/pages\/32"}],"collection":[{"href":"https:\/\/vasexperts.com\/br\/wp-json\/wp\/v2\/pages"}],"about":[{"href":"https:\/\/vasexperts.com\/br\/wp-json\/wp\/v2\/types\/page"}],"author":[{"embeddable":true,"href":"https:\/\/vasexperts.com\/br\/wp-json\/wp\/v2\/users\/7"}],"replies":[{"embeddable":true,"href":"https:\/\/vasexperts.com\/br\/wp-json\/wp\/v2\/comments?post=32"}],"version-history":[{"count":10,"href":"https:\/\/vasexperts.com\/br\/wp-json\/wp\/v2\/pages\/32\/revisions"}],"predecessor-version":[{"id":11712,"href":"https:\/\/vasexperts.com\/br\/wp-json\/wp\/v2\/pages\/32\/revisions\/11712"}],"wp:attachment":[{"href":"https:\/\/vasexperts.com\/br\/wp-json\/wp\/v2\/media?parent=32"}],"curies":[{"name":"wp","href":"https:\/\/api.w.org\/{rel}","templated":true}]}}