{"id":2980,"date":"2020-07-23T17:55:55","date_gmt":"2020-07-23T14:55:55","guid":{"rendered":"http:\/\/test.vasexperts.ru\/?page_id=2980"},"modified":"2026-04-23T11:20:44","modified_gmt":"2026-04-23T08:20:44","slug":"value-added-services","status":"publish","type":"page","link":"https:\/\/vasexperts.com\/br\/solutions\/internet-service-providers\/value-added-services\/","title":{"rendered":"Servi\u00e7os de valor agregado"},"content":{"rendered":"","protected":false},"excerpt":{"rendered":"","protected":false},"author":7,"featured_media":0,"parent":14183,"menu_order":0,"comment_status":"closed","ping_status":"closed","template":"","meta":{"footnotes":""},"class_list":["post-2980","page","type-page","status-publish","hentry"],"yoast_head":"<!-- This site is optimized with the Yoast SEO plugin v23.1 - https:\/\/yoast.com\/wordpress\/plugins\/seo\/ -->\n<title>(English) VASExperts<\/title>\n<meta name=\"robots\" content=\"index, follow, max-snippet:-1, max-image-preview:large, max-video-preview:-1\" \/>\n<script type=\"application\/ld+json\" class=\"yoast-schema-graph\">{\"@context\":\"https:\/\/schema.org\",\"@graph\":[{\"@type\":\"WebPage\",\"@id\":\"https:\/\/vasexperts.com\/solutions\/internet-service-providers\/value-added-services\/\",\"url\":\"https:\/\/vasexperts.com\/solutions\/internet-service-providers\/value-added-services\/\",\"name\":\"[:en]Value added services for networks and telecom providers | VAS Experts[:es]Servicios de valor a\u00f1adido para redes y proveedores de telecomunicaciones | VAS Experts[:fr]Services \u00e0 valeur ajout\u00e9e pour les r\u00e9seaux et les fournisseurs de services de t\u00e9l\u00e9communications | VAS Experts[:br]Servi\u00e7os de valor agregado para redes e provedores de telecomunica\u00e7\u00f5es | VAS Experts\",\"isPartOf\":{\"@id\":\"https:\/\/vasexperts.com\/#website\"},\"datePublished\":\"2020-07-23T14:55:55+00:00\",\"dateModified\":\"2026-04-23T08:20:44+00:00\",\"description\":\"[:en]Value Added Services for your network to improve perfomance and monetization. Contact us to learn more about VAS Experts solutions.[:es]Servicios de valor a\u00f1adido para que tu red mejore el rendimiento y la monetizaci\u00f3n. Cont\u00e1ctenos para obtener m\u00e1s informaci\u00f3n sobre las soluciones VAS Experts.[:fr]Services \u00e0 valeur ajout\u00e9e pour votre r\u00e9seau afin d'am\u00e9liorer la performance et la mon\u00e9tisation. Contactez-nous pour en savoir plus sur les solutions VAS Experts.[:br]Servi\u00e7os de valor agregado para sua rede para melhorar o desempenho e a monetiza\u00e7\u00e3o. Entre em contato conosco para saber mais sobre as solu\u00e7\u00f5es VAS Experts\",\"breadcrumb\":{\"@id\":\"https:\/\/vasexperts.com\/solutions\/internet-service-providers\/value-added-services\/#breadcrumb\"},\"inLanguage\":\"br-PT\",\"potentialAction\":[{\"@type\":\"ReadAction\",\"target\":[\"https:\/\/vasexperts.com\/solutions\/internet-service-providers\/value-added-services\/\"]}]},{\"@type\":\"BreadcrumbList\",\"@id\":\"https:\/\/vasexperts.com\/solutions\/internet-service-providers\/value-added-services\/#breadcrumb\",\"itemListElement\":[{\"@type\":\"ListItem\",\"position\":1,\"name\":\"\u0413\u043b\u0430\u0432\u043d\u0430\u044f \u0441\u0442\u0440\u0430\u043d\u0438\u0446\u0430\",\"item\":\"https:\/\/vasexperts.com\/\"},{\"@type\":\"ListItem\",\"position\":2,\"name\":\"Solutions\",\"item\":\"https:\/\/vasexperts.com\/solutions\/\"},{\"@type\":\"ListItem\",\"position\":3,\"name\":\"Internet Service Providers\",\"item\":\"https:\/\/vasexperts.com\/solutions\/internet-service-providers\/\"},{\"@type\":\"ListItem\",\"position\":4,\"name\":\"Value Added Services\"}]},{\"@type\":\"WebSite\",\"@id\":\"https:\/\/vasexperts.com\/#website\",\"url\":\"https:\/\/vasexperts.com\/\",\"name\":\"ITGLOBAL.COM\",\"description\":\"(English) VASExperts\",\"inLanguage\":\"br-PT\"}]}<\/script>\n<!-- \/ Yoast SEO plugin. -->","yoast_head_json":{"title":"(English) VASExperts","robots":{"index":"index","follow":"follow","max-snippet":"max-snippet:-1","max-image-preview":"max-image-preview:large","max-video-preview":"max-video-preview:-1"},"schema":{"@context":"https:\/\/schema.org","@graph":[{"@type":"WebPage","@id":"https:\/\/vasexperts.com\/solutions\/internet-service-providers\/value-added-services\/","url":"https:\/\/vasexperts.com\/solutions\/internet-service-providers\/value-added-services\/","name":"[:en]Value added services for networks and telecom providers | VAS Experts[:es]Servicios de valor a\u00f1adido para redes y proveedores de telecomunicaciones | VAS Experts[:fr]Services \u00e0 valeur ajout\u00e9e pour les r\u00e9seaux et les fournisseurs de services de t\u00e9l\u00e9communications | VAS Experts[:br]Servi\u00e7os de valor agregado para redes e provedores de telecomunica\u00e7\u00f5es | VAS Experts","isPartOf":{"@id":"https:\/\/vasexperts.com\/#website"},"datePublished":"2020-07-23T14:55:55+00:00","dateModified":"2026-04-23T08:20:44+00:00","description":"[:en]Value Added Services for your network to improve perfomance and monetization. Contact us to learn more about VAS Experts solutions.[:es]Servicios de valor a\u00f1adido para que tu red mejore el rendimiento y la monetizaci\u00f3n. Cont\u00e1ctenos para obtener m\u00e1s informaci\u00f3n sobre las soluciones VAS Experts.[:fr]Services \u00e0 valeur ajout\u00e9e pour votre r\u00e9seau afin d'am\u00e9liorer la performance et la mon\u00e9tisation. Contactez-nous pour en savoir plus sur les solutions VAS Experts.[:br]Servi\u00e7os de valor agregado para sua rede para melhorar o desempenho e a monetiza\u00e7\u00e3o. Entre em contato conosco para saber mais sobre as solu\u00e7\u00f5es VAS Experts","breadcrumb":{"@id":"https:\/\/vasexperts.com\/solutions\/internet-service-providers\/value-added-services\/#breadcrumb"},"inLanguage":"br-PT","potentialAction":[{"@type":"ReadAction","target":["https:\/\/vasexperts.com\/solutions\/internet-service-providers\/value-added-services\/"]}]},{"@type":"BreadcrumbList","@id":"https:\/\/vasexperts.com\/solutions\/internet-service-providers\/value-added-services\/#breadcrumb","itemListElement":[{"@type":"ListItem","position":1,"name":"\u0413\u043b\u0430\u0432\u043d\u0430\u044f \u0441\u0442\u0440\u0430\u043d\u0438\u0446\u0430","item":"https:\/\/vasexperts.com\/"},{"@type":"ListItem","position":2,"name":"Solutions","item":"https:\/\/vasexperts.com\/solutions\/"},{"@type":"ListItem","position":3,"name":"Internet Service Providers","item":"https:\/\/vasexperts.com\/solutions\/internet-service-providers\/"},{"@type":"ListItem","position":4,"name":"Value Added Services"}]},{"@type":"WebSite","@id":"https:\/\/vasexperts.com\/#website","url":"https:\/\/vasexperts.com\/","name":"ITGLOBAL.COM","description":"(English) VASExperts","inLanguage":"br-PT"}]}},"_links":{"self":[{"href":"https:\/\/vasexperts.com\/br\/wp-json\/wp\/v2\/pages\/2980"}],"collection":[{"href":"https:\/\/vasexperts.com\/br\/wp-json\/wp\/v2\/pages"}],"about":[{"href":"https:\/\/vasexperts.com\/br\/wp-json\/wp\/v2\/types\/page"}],"author":[{"embeddable":true,"href":"https:\/\/vasexperts.com\/br\/wp-json\/wp\/v2\/users\/7"}],"replies":[{"embeddable":true,"href":"https:\/\/vasexperts.com\/br\/wp-json\/wp\/v2\/comments?post=2980"}],"version-history":[{"count":6,"href":"https:\/\/vasexperts.com\/br\/wp-json\/wp\/v2\/pages\/2980\/revisions"}],"predecessor-version":[{"id":14191,"href":"https:\/\/vasexperts.com\/br\/wp-json\/wp\/v2\/pages\/2980\/revisions\/14191"}],"up":[{"embeddable":true,"href":"https:\/\/vasexperts.com\/br\/wp-json\/wp\/v2\/pages\/14183"}],"wp:attachment":[{"href":"https:\/\/vasexperts.com\/br\/wp-json\/wp\/v2\/media?parent=2980"}],"curies":[{"name":"wp","href":"https:\/\/api.w.org\/{rel}","templated":true}]}}