{"id":290,"date":"2020-07-03T19:02:13","date_gmt":"2020-07-03T16:02:13","guid":{"rendered":"https:\/\/vasexperts-ru.hst11.itglobal.com\/?page_id=290"},"modified":"2025-08-12T14:44:30","modified_gmt":"2025-08-12T11:44:30","slug":"solutions","status":"publish","type":"page","link":"https:\/\/vasexperts.com\/br\/solutions\/","title":{"rendered":"Solu\u00e7\u00f5es"},"content":{"rendered":"","protected":false},"excerpt":{"rendered":"","protected":false},"author":1,"featured_media":0,"parent":0,"menu_order":0,"comment_status":"closed","ping_status":"closed","template":"","meta":{"footnotes":""},"class_list":["post-290","page","type-page","status-publish","hentry"],"yoast_head":"<!-- This site is optimized with the Yoast SEO plugin v23.1 - https:\/\/yoast.com\/wordpress\/plugins\/seo\/ -->\n<title>(English) VASExperts<\/title>\n<meta name=\"robots\" content=\"index, follow, max-snippet:-1, max-image-preview:large, max-video-preview:-1\" \/>\n<script type=\"application\/ld+json\" class=\"yoast-schema-graph\">{\"@context\":\"https:\/\/schema.org\",\"@graph\":[{\"@type\":\"WebPage\",\"@id\":\"https:\/\/vasexperts.com\/solutions\/\",\"url\":\"https:\/\/vasexperts.com\/solutions\/\",\"name\":\"[:es]Nuestras Soluciones de Software \u2014 VAS Experts[:en]Our Software Solutions \u2014 VAS Experts[:fr]Nos Solutions Logicielles \u2014 VAS Experts[:br]Nossas solu\u00e7\u00f5es de software \u2014 VAS Experts\",\"isPartOf\":{\"@id\":\"https:\/\/vasexperts.com\/#website\"},\"datePublished\":\"2020-07-03T16:02:13+00:00\",\"dateModified\":\"2025-08-12T11:44:30+00:00\",\"description\":\"[:es]Todas las soluciones de VAS Experts est\u00e1n dise\u00f1adas con conocimiento espec\u00edfico de la industria sobre c\u00f3mo construir una conectividad de red transparente para los operadores de telecomunicaciones.[:en]All VAS Experts solutions are designed with industry-specific knowledge of how to build transparent network connectivity for telecom operators [:fr]Toutes les solutions VAS Experts sont con\u00e7ues avec des connaissances sp\u00e9cifiques au secteur sur la mani\u00e8re de cr\u00e9er une connectivit\u00e9 r\u00e9seau transparente pour les op\u00e9rateurs de t\u00e9l\u00e9communications.[:br]Todas as solu\u00e7\u00f5es da VAS Experts s\u00e3o projetadas com conhecimento espec\u00edfico do setor sobre como construir conectividade de rede transparente para operadoras de telecomunica\u00e7\u00f5es\",\"breadcrumb\":{\"@id\":\"https:\/\/vasexperts.com\/solutions\/#breadcrumb\"},\"inLanguage\":\"br-PT\",\"potentialAction\":[{\"@type\":\"ReadAction\",\"target\":[\"https:\/\/vasexperts.com\/solutions\/\"]}]},{\"@type\":\"BreadcrumbList\",\"@id\":\"https:\/\/vasexperts.com\/solutions\/#breadcrumb\",\"itemListElement\":[{\"@type\":\"ListItem\",\"position\":1,\"name\":\"\u0413\u043b\u0430\u0432\u043d\u0430\u044f \u0441\u0442\u0440\u0430\u043d\u0438\u0446\u0430\",\"item\":\"https:\/\/vasexperts.com\/\"},{\"@type\":\"ListItem\",\"position\":2,\"name\":\"Solutions\"}]},{\"@type\":\"WebSite\",\"@id\":\"https:\/\/vasexperts.com\/#website\",\"url\":\"https:\/\/vasexperts.com\/\",\"name\":\"ITGLOBAL.COM\",\"description\":\"(English) VASExperts\",\"inLanguage\":\"br-PT\"}]}<\/script>\n<!-- \/ Yoast SEO plugin. -->","yoast_head_json":{"title":"(English) VASExperts","robots":{"index":"index","follow":"follow","max-snippet":"max-snippet:-1","max-image-preview":"max-image-preview:large","max-video-preview":"max-video-preview:-1"},"schema":{"@context":"https:\/\/schema.org","@graph":[{"@type":"WebPage","@id":"https:\/\/vasexperts.com\/solutions\/","url":"https:\/\/vasexperts.com\/solutions\/","name":"[:es]Nuestras Soluciones de Software \u2014 VAS Experts[:en]Our Software Solutions \u2014 VAS Experts[:fr]Nos Solutions Logicielles \u2014 VAS Experts[:br]Nossas solu\u00e7\u00f5es de software \u2014 VAS Experts","isPartOf":{"@id":"https:\/\/vasexperts.com\/#website"},"datePublished":"2020-07-03T16:02:13+00:00","dateModified":"2025-08-12T11:44:30+00:00","description":"[:es]Todas las soluciones de VAS Experts est\u00e1n dise\u00f1adas con conocimiento espec\u00edfico de la industria sobre c\u00f3mo construir una conectividad de red transparente para los operadores de telecomunicaciones.[:en]All VAS Experts solutions are designed with industry-specific knowledge of how to build transparent network connectivity for telecom operators [:fr]Toutes les solutions VAS Experts sont con\u00e7ues avec des connaissances sp\u00e9cifiques au secteur sur la mani\u00e8re de cr\u00e9er une connectivit\u00e9 r\u00e9seau transparente pour les op\u00e9rateurs de t\u00e9l\u00e9communications.[:br]Todas as solu\u00e7\u00f5es da VAS Experts s\u00e3o projetadas com conhecimento espec\u00edfico do setor sobre como construir conectividade de rede transparente para operadoras de telecomunica\u00e7\u00f5es","breadcrumb":{"@id":"https:\/\/vasexperts.com\/solutions\/#breadcrumb"},"inLanguage":"br-PT","potentialAction":[{"@type":"ReadAction","target":["https:\/\/vasexperts.com\/solutions\/"]}]},{"@type":"BreadcrumbList","@id":"https:\/\/vasexperts.com\/solutions\/#breadcrumb","itemListElement":[{"@type":"ListItem","position":1,"name":"\u0413\u043b\u0430\u0432\u043d\u0430\u044f \u0441\u0442\u0440\u0430\u043d\u0438\u0446\u0430","item":"https:\/\/vasexperts.com\/"},{"@type":"ListItem","position":2,"name":"Solutions"}]},{"@type":"WebSite","@id":"https:\/\/vasexperts.com\/#website","url":"https:\/\/vasexperts.com\/","name":"ITGLOBAL.COM","description":"(English) VASExperts","inLanguage":"br-PT"}]}},"_links":{"self":[{"href":"https:\/\/vasexperts.com\/br\/wp-json\/wp\/v2\/pages\/290"}],"collection":[{"href":"https:\/\/vasexperts.com\/br\/wp-json\/wp\/v2\/pages"}],"about":[{"href":"https:\/\/vasexperts.com\/br\/wp-json\/wp\/v2\/types\/page"}],"author":[{"embeddable":true,"href":"https:\/\/vasexperts.com\/br\/wp-json\/wp\/v2\/users\/1"}],"replies":[{"embeddable":true,"href":"https:\/\/vasexperts.com\/br\/wp-json\/wp\/v2\/comments?post=290"}],"version-history":[{"count":6,"href":"https:\/\/vasexperts.com\/br\/wp-json\/wp\/v2\/pages\/290\/revisions"}],"predecessor-version":[{"id":12951,"href":"https:\/\/vasexperts.com\/br\/wp-json\/wp\/v2\/pages\/290\/revisions\/12951"}],"wp:attachment":[{"href":"https:\/\/vasexperts.com\/br\/wp-json\/wp\/v2\/media?parent=290"}],"curies":[{"name":"wp","href":"https:\/\/api.w.org\/{rel}","templated":true}]}}