{"id":288,"date":"2020-07-03T19:01:56","date_gmt":"2020-07-03T16:01:56","guid":{"rendered":"https:\/\/vasexperts-ru.hst11.itglobal.com\/?page_id=288"},"modified":"2025-08-20T15:13:50","modified_gmt":"2025-08-20T12:13:50","slug":"products","status":"publish","type":"page","link":"https:\/\/vasexperts.com\/br\/products\/","title":{"rendered":"Produtos"},"content":{"rendered":"","protected":false},"excerpt":{"rendered":"","protected":false},"author":1,"featured_media":0,"parent":0,"menu_order":0,"comment_status":"closed","ping_status":"closed","template":"","meta":{"footnotes":""},"class_list":["post-288","page","type-page","status-publish","hentry"],"yoast_head":"<!-- This site is optimized with the Yoast SEO plugin v23.1 - https:\/\/yoast.com\/wordpress\/plugins\/seo\/ -->\n<title>(English) VASExperts<\/title>\n<meta name=\"robots\" content=\"index, follow, max-snippet:-1, max-image-preview:large, max-video-preview:-1\" \/>\n<script type=\"application\/ld+json\" class=\"yoast-schema-graph\">{\"@context\":\"https:\/\/schema.org\",\"@graph\":[{\"@type\":\"WebPage\",\"@id\":\"https:\/\/vasexperts.com\/products\/\",\"url\":\"https:\/\/vasexperts.com\/products\/\",\"name\":\"[:es]Productos - VAS Experts[:en]Products - VAS Experts[:fr]Produits - VAS Experts[:br]Produtos - VAS Experts\",\"isPartOf\":{\"@id\":\"https:\/\/vasexperts.com\/#website\"},\"datePublished\":\"2020-07-03T16:01:56+00:00\",\"dateModified\":\"2025-08-20T12:13:50+00:00\",\"description\":\"[:es]Todos los productos de VAS Experts son de desarrollo propio y se basan en la tecnolog\u00eda Deep Packet. Est\u00e1n dise\u00f1ados para construir el n\u00facleo de la red de un ISP y para cumplir con todos los requisitos t\u00e9cnicos modernos.[:en]All VAS Experts products are in-house developed and based on the Deep Packet Technology. They are designed to build the core of an ISP's network and to meet all the modern technical requirements.[:fr]Tous les produits de VAS Experts sont d\u00e9velopp\u00e9s en interne et bas\u00e9s sur la technologie Deep Packet. Ils sont con\u00e7us pour constituer le c\u0153ur du r\u00e9seau d'un FAI et pour r\u00e9pondre \u00e0 toutes les exigences techniques modernes.\",\"breadcrumb\":{\"@id\":\"https:\/\/vasexperts.com\/products\/#breadcrumb\"},\"inLanguage\":\"br-PT\",\"potentialAction\":[{\"@type\":\"ReadAction\",\"target\":[\"https:\/\/vasexperts.com\/products\/\"]}]},{\"@type\":\"BreadcrumbList\",\"@id\":\"https:\/\/vasexperts.com\/products\/#breadcrumb\",\"itemListElement\":[{\"@type\":\"ListItem\",\"position\":1,\"name\":\"\u0413\u043b\u0430\u0432\u043d\u0430\u044f \u0441\u0442\u0440\u0430\u043d\u0438\u0446\u0430\",\"item\":\"https:\/\/vasexperts.com\/\"},{\"@type\":\"ListItem\",\"position\":2,\"name\":\"Products\"}]},{\"@type\":\"WebSite\",\"@id\":\"https:\/\/vasexperts.com\/#website\",\"url\":\"https:\/\/vasexperts.com\/\",\"name\":\"ITGLOBAL.COM\",\"description\":\"(English) VASExperts\",\"inLanguage\":\"br-PT\"}]}<\/script>\n<!-- \/ Yoast SEO plugin. -->","yoast_head_json":{"title":"(English) VASExperts","robots":{"index":"index","follow":"follow","max-snippet":"max-snippet:-1","max-image-preview":"max-image-preview:large","max-video-preview":"max-video-preview:-1"},"schema":{"@context":"https:\/\/schema.org","@graph":[{"@type":"WebPage","@id":"https:\/\/vasexperts.com\/products\/","url":"https:\/\/vasexperts.com\/products\/","name":"[:es]Productos - VAS Experts[:en]Products - VAS Experts[:fr]Produits - VAS Experts[:br]Produtos - VAS Experts","isPartOf":{"@id":"https:\/\/vasexperts.com\/#website"},"datePublished":"2020-07-03T16:01:56+00:00","dateModified":"2025-08-20T12:13:50+00:00","description":"[:es]Todos los productos de VAS Experts son de desarrollo propio y se basan en la tecnolog\u00eda Deep Packet. Est\u00e1n dise\u00f1ados para construir el n\u00facleo de la red de un ISP y para cumplir con todos los requisitos t\u00e9cnicos modernos.[:en]All VAS Experts products are in-house developed and based on the Deep Packet Technology. They are designed to build the core of an ISP's network and to meet all the modern technical requirements.[:fr]Tous les produits de VAS Experts sont d\u00e9velopp\u00e9s en interne et bas\u00e9s sur la technologie Deep Packet. Ils sont con\u00e7us pour constituer le c\u0153ur du r\u00e9seau d'un FAI et pour r\u00e9pondre \u00e0 toutes les exigences techniques modernes.","breadcrumb":{"@id":"https:\/\/vasexperts.com\/products\/#breadcrumb"},"inLanguage":"br-PT","potentialAction":[{"@type":"ReadAction","target":["https:\/\/vasexperts.com\/products\/"]}]},{"@type":"BreadcrumbList","@id":"https:\/\/vasexperts.com\/products\/#breadcrumb","itemListElement":[{"@type":"ListItem","position":1,"name":"\u0413\u043b\u0430\u0432\u043d\u0430\u044f \u0441\u0442\u0440\u0430\u043d\u0438\u0446\u0430","item":"https:\/\/vasexperts.com\/"},{"@type":"ListItem","position":2,"name":"Products"}]},{"@type":"WebSite","@id":"https:\/\/vasexperts.com\/#website","url":"https:\/\/vasexperts.com\/","name":"ITGLOBAL.COM","description":"(English) VASExperts","inLanguage":"br-PT"}]}},"_links":{"self":[{"href":"https:\/\/vasexperts.com\/br\/wp-json\/wp\/v2\/pages\/288"}],"collection":[{"href":"https:\/\/vasexperts.com\/br\/wp-json\/wp\/v2\/pages"}],"about":[{"href":"https:\/\/vasexperts.com\/br\/wp-json\/wp\/v2\/types\/page"}],"author":[{"embeddable":true,"href":"https:\/\/vasexperts.com\/br\/wp-json\/wp\/v2\/users\/1"}],"replies":[{"embeddable":true,"href":"https:\/\/vasexperts.com\/br\/wp-json\/wp\/v2\/comments?post=288"}],"version-history":[{"count":6,"href":"https:\/\/vasexperts.com\/br\/wp-json\/wp\/v2\/pages\/288\/revisions"}],"predecessor-version":[{"id":13097,"href":"https:\/\/vasexperts.com\/br\/wp-json\/wp\/v2\/pages\/288\/revisions\/13097"}],"wp:attachment":[{"href":"https:\/\/vasexperts.com\/br\/wp-json\/wp\/v2\/media?parent=288"}],"curies":[{"name":"wp","href":"https:\/\/api.w.org\/{rel}","templated":true}]}}