{"id":2765,"date":"2020-07-14T09:25:10","date_gmt":"2020-07-14T06:25:10","guid":{"rendered":"https:\/\/vasexperts-ru.hst11.itglobal.com\/?page_id=2765"},"modified":"2026-04-23T11:19:49","modified_gmt":"2026-04-23T08:19:49","slug":"regulatory-compliance","status":"publish","type":"page","link":"https:\/\/vasexperts.com\/br\/solutions\/internet-service-providers\/regulatory-compliance\/","title":{"rendered":"Conformidade regulat\u00f3ria"},"content":{"rendered":"","protected":false},"excerpt":{"rendered":"","protected":false},"author":1,"featured_media":0,"parent":14183,"menu_order":0,"comment_status":"closed","ping_status":"closed","template":"","meta":{"footnotes":""},"class_list":["post-2765","page","type-page","status-publish","hentry"],"yoast_head":"<!-- This site is optimized with the Yoast SEO plugin v23.1 - https:\/\/yoast.com\/wordpress\/plugins\/seo\/ -->\n<title>(English) VASExperts<\/title>\n<meta name=\"robots\" content=\"index, follow, max-snippet:-1, max-image-preview:large, max-video-preview:-1\" \/>\n<script type=\"application\/ld+json\" class=\"yoast-schema-graph\">{\"@context\":\"https:\/\/schema.org\",\"@graph\":[{\"@type\":\"WebPage\",\"@id\":\"https:\/\/vasexperts.com\/solutions\/internet-service-providers\/regulatory-compliance\/\",\"url\":\"https:\/\/vasexperts.com\/solutions\/internet-service-providers\/regulatory-compliance\/\",\"name\":\"[:en]Regulatory Compliance for networks and telecom providers: government requirements | VAS Experts[:es]Cumplimiento normativo para proveedores de redes y telecomunicaciones: requisitos gubernamentales | VAS Experts[:fr]Conformit\u00e9 r\u00e9glementaire pour les r\u00e9seaux et les fournisseurs de t\u00e9l\u00e9communications : exigences gouvernementales | VAS Experts[:br]Conformidade regulat\u00f3ria para redes e provedores de telecomunica\u00e7\u00f5es: requisitos governamentais | VAS Experts\",\"isPartOf\":{\"@id\":\"https:\/\/vasexperts.com\/#website\"},\"datePublished\":\"2020-07-14T06:25:10+00:00\",\"dateModified\":\"2026-04-23T08:19:49+00:00\",\"description\":\"[:en]Check out the Lawful Interception option within the SSG Platform, which collects, stores and analyzes subscriber data in accordance with your country's local laws.[:es]Eche un vistazo a la opci\u00f3n de interceptaci\u00f3n legal de la plataforma SSG, que recopila, almacena y analiza los datos de los abonados de acuerdo con la legislaci\u00f3n local de su pa\u00eds.[:fr]Consultez l'option Interception l\u00e9gale de la plateforme SSG, qui collecte, stocke et analyse les donn\u00e9es des abonn\u00e9s conform\u00e9ment \u00e0 la l\u00e9gislation locale de votre pays.[:br]Confira a op\u00e7\u00e3o Intercepta\u00e7\u00e3o Legal na Plataforma SSG, que coleta, armazena e analisa os dados do assinante de acordo com as leis locais do seu pa\u00eds.\",\"breadcrumb\":{\"@id\":\"https:\/\/vasexperts.com\/solutions\/internet-service-providers\/regulatory-compliance\/#breadcrumb\"},\"inLanguage\":\"br-PT\",\"potentialAction\":[{\"@type\":\"ReadAction\",\"target\":[\"https:\/\/vasexperts.com\/solutions\/internet-service-providers\/regulatory-compliance\/\"]}]},{\"@type\":\"BreadcrumbList\",\"@id\":\"https:\/\/vasexperts.com\/solutions\/internet-service-providers\/regulatory-compliance\/#breadcrumb\",\"itemListElement\":[{\"@type\":\"ListItem\",\"position\":1,\"name\":\"\u0413\u043b\u0430\u0432\u043d\u0430\u044f \u0441\u0442\u0440\u0430\u043d\u0438\u0446\u0430\",\"item\":\"https:\/\/vasexperts.com\/\"},{\"@type\":\"ListItem\",\"position\":2,\"name\":\"Solutions\",\"item\":\"https:\/\/vasexperts.com\/solutions\/\"},{\"@type\":\"ListItem\",\"position\":3,\"name\":\"Internet Service Providers\",\"item\":\"https:\/\/vasexperts.com\/solutions\/internet-service-providers\/\"},{\"@type\":\"ListItem\",\"position\":4,\"name\":\"Regulatory Compliance\"}]},{\"@type\":\"WebSite\",\"@id\":\"https:\/\/vasexperts.com\/#website\",\"url\":\"https:\/\/vasexperts.com\/\",\"name\":\"ITGLOBAL.COM\",\"description\":\"(English) VASExperts\",\"inLanguage\":\"br-PT\"}]}<\/script>\n<!-- \/ Yoast SEO plugin. -->","yoast_head_json":{"title":"(English) VASExperts","robots":{"index":"index","follow":"follow","max-snippet":"max-snippet:-1","max-image-preview":"max-image-preview:large","max-video-preview":"max-video-preview:-1"},"schema":{"@context":"https:\/\/schema.org","@graph":[{"@type":"WebPage","@id":"https:\/\/vasexperts.com\/solutions\/internet-service-providers\/regulatory-compliance\/","url":"https:\/\/vasexperts.com\/solutions\/internet-service-providers\/regulatory-compliance\/","name":"[:en]Regulatory Compliance for networks and telecom providers: government requirements | VAS Experts[:es]Cumplimiento normativo para proveedores de redes y telecomunicaciones: requisitos gubernamentales | VAS Experts[:fr]Conformit\u00e9 r\u00e9glementaire pour les r\u00e9seaux et les fournisseurs de t\u00e9l\u00e9communications : exigences gouvernementales | VAS Experts[:br]Conformidade regulat\u00f3ria para redes e provedores de telecomunica\u00e7\u00f5es: requisitos governamentais | VAS Experts","isPartOf":{"@id":"https:\/\/vasexperts.com\/#website"},"datePublished":"2020-07-14T06:25:10+00:00","dateModified":"2026-04-23T08:19:49+00:00","description":"[:en]Check out the Lawful Interception option within the SSG Platform, which collects, stores and analyzes subscriber data in accordance with your country's local laws.[:es]Eche un vistazo a la opci\u00f3n de interceptaci\u00f3n legal de la plataforma SSG, que recopila, almacena y analiza los datos de los abonados de acuerdo con la legislaci\u00f3n local de su pa\u00eds.[:fr]Consultez l'option Interception l\u00e9gale de la plateforme SSG, qui collecte, stocke et analyse les donn\u00e9es des abonn\u00e9s conform\u00e9ment \u00e0 la l\u00e9gislation locale de votre pays.[:br]Confira a op\u00e7\u00e3o Intercepta\u00e7\u00e3o Legal na Plataforma SSG, que coleta, armazena e analisa os dados do assinante de acordo com as leis locais do seu pa\u00eds.","breadcrumb":{"@id":"https:\/\/vasexperts.com\/solutions\/internet-service-providers\/regulatory-compliance\/#breadcrumb"},"inLanguage":"br-PT","potentialAction":[{"@type":"ReadAction","target":["https:\/\/vasexperts.com\/solutions\/internet-service-providers\/regulatory-compliance\/"]}]},{"@type":"BreadcrumbList","@id":"https:\/\/vasexperts.com\/solutions\/internet-service-providers\/regulatory-compliance\/#breadcrumb","itemListElement":[{"@type":"ListItem","position":1,"name":"\u0413\u043b\u0430\u0432\u043d\u0430\u044f \u0441\u0442\u0440\u0430\u043d\u0438\u0446\u0430","item":"https:\/\/vasexperts.com\/"},{"@type":"ListItem","position":2,"name":"Solutions","item":"https:\/\/vasexperts.com\/solutions\/"},{"@type":"ListItem","position":3,"name":"Internet Service Providers","item":"https:\/\/vasexperts.com\/solutions\/internet-service-providers\/"},{"@type":"ListItem","position":4,"name":"Regulatory Compliance"}]},{"@type":"WebSite","@id":"https:\/\/vasexperts.com\/#website","url":"https:\/\/vasexperts.com\/","name":"ITGLOBAL.COM","description":"(English) VASExperts","inLanguage":"br-PT"}]}},"_links":{"self":[{"href":"https:\/\/vasexperts.com\/br\/wp-json\/wp\/v2\/pages\/2765"}],"collection":[{"href":"https:\/\/vasexperts.com\/br\/wp-json\/wp\/v2\/pages"}],"about":[{"href":"https:\/\/vasexperts.com\/br\/wp-json\/wp\/v2\/types\/page"}],"author":[{"embeddable":true,"href":"https:\/\/vasexperts.com\/br\/wp-json\/wp\/v2\/users\/1"}],"replies":[{"embeddable":true,"href":"https:\/\/vasexperts.com\/br\/wp-json\/wp\/v2\/comments?post=2765"}],"version-history":[{"count":6,"href":"https:\/\/vasexperts.com\/br\/wp-json\/wp\/v2\/pages\/2765\/revisions"}],"predecessor-version":[{"id":14189,"href":"https:\/\/vasexperts.com\/br\/wp-json\/wp\/v2\/pages\/2765\/revisions\/14189"}],"up":[{"embeddable":true,"href":"https:\/\/vasexperts.com\/br\/wp-json\/wp\/v2\/pages\/14183"}],"wp:attachment":[{"href":"https:\/\/vasexperts.com\/br\/wp-json\/wp\/v2\/media?parent=2765"}],"curies":[{"name":"wp","href":"https:\/\/api.w.org\/{rel}","templated":true}]}}