{"id":23,"date":"2020-06-19T14:31:33","date_gmt":"2020-06-19T11:31:33","guid":{"rendered":"https:\/\/vasexperts-ru.hst11.itglobal.com\/?page_id=23"},"modified":"2026-01-26T18:22:35","modified_gmt":"2026-01-26T15:22:35","slug":"cgnat","status":"publish","type":"page","link":"https:\/\/vasexperts.com\/br\/products\/cgnat\/","title":{"rendered":"CG-NAT"},"content":{"rendered":"","protected":false},"excerpt":{"rendered":"","protected":false},"author":7,"featured_media":0,"parent":288,"menu_order":0,"comment_status":"closed","ping_status":"closed","template":"","meta":{"footnotes":""},"class_list":["post-23","page","type-page","status-publish","hentry"],"yoast_head":"<!-- This site is optimized with the Yoast SEO plugin v23.1 - https:\/\/yoast.com\/wordpress\/plugins\/seo\/ -->\n<title>(English) VASExperts<\/title>\n<meta name=\"robots\" content=\"index, follow, max-snippet:-1, max-image-preview:large, max-video-preview:-1\" \/>\n<script type=\"application\/ld+json\" class=\"yoast-schema-graph\">{\"@context\":\"https:\/\/schema.org\",\"@graph\":[{\"@type\":\"WebPage\",\"@id\":\"https:\/\/vasexperts.com\/products\/cgnat\/\",\"url\":\"https:\/\/vasexperts.com\/products\/cgnat\/\",\"name\":\"[:en]Carrier Grade Network Address Translation (CGNAT) for preserving IPv4 and transitioning to IPv6[:es]Carrier Grade Network Adress Translation para CGNAT conservar IPv4 y realizar la transici\u00f3n a IPv6[:fr]Carrier Grade Network Address Translation (CGNAT) pour pr\u00e9server l'IPv4 et assurer la transition vers l'IPv6[:br]Tradu\u00e7\u00e3o de endere\u00e7os de rede de n\u00edvel de operadora (CGNAT) para preservar o IPv4 e fazer a transi\u00e7\u00e3o para o IPv6\",\"isPartOf\":{\"@id\":\"https:\/\/vasexperts.com\/#website\"},\"datePublished\":\"2020-06-19T11:31:33+00:00\",\"dateModified\":\"2026-01-26T15:22:35+00:00\",\"description\":\"[:en]Carrier Grade NAT (CGN) enables a smooth transition to IPv6 and allows service providers to efficiently extend their IPv4 networks. It aggregates multiple millions of concurrent connections and scales the bandwidth performance from 1G to over 400G.[:es]Carrier Grade NAT (CGN) permite una transici\u00f3n fluida a IPv6 y permite a los proveedores de servicios ampliar de manera eficiente sus redes IPv4. Agrega varios millones de conexiones simult\u00e1neas y escala el rendimiento del ancho de banda de 1G a m\u00e1s de 400G.[:fr]Le NAT de classe op\u00e9rateur (CGN) permet une transition en douceur vers IPv6 et permet aux fournisseurs de services d'\u00e9tendre efficacement leurs r\u00e9seaux IPv4. Il agr\u00e8ge plusieurs millions de connexions simultan\u00e9es et fait passer la bande passante de 1 G \u00e0 plus de 400 G.[:br]O Carrier Grade NAT (CGN) permite uma transi\u00e7\u00e3o suave para o IPv6 e permite que os provedores de servi\u00e7os ampliem com efici\u00eancia suas redes IPv4. Ele agrega milh\u00f5es de conex\u00f5es simult\u00e2neas e dimensiona o desempenho da largura de banda de 1G para mais de 400G.\",\"breadcrumb\":{\"@id\":\"https:\/\/vasexperts.com\/products\/cgnat\/#breadcrumb\"},\"inLanguage\":\"br-PT\",\"potentialAction\":[{\"@type\":\"ReadAction\",\"target\":[\"https:\/\/vasexperts.com\/products\/cgnat\/\"]}]},{\"@type\":\"BreadcrumbList\",\"@id\":\"https:\/\/vasexperts.com\/products\/cgnat\/#breadcrumb\",\"itemListElement\":[{\"@type\":\"ListItem\",\"position\":1,\"name\":\"\u0413\u043b\u0430\u0432\u043d\u0430\u044f \u0441\u0442\u0440\u0430\u043d\u0438\u0446\u0430\",\"item\":\"https:\/\/vasexperts.com\/\"},{\"@type\":\"ListItem\",\"position\":2,\"name\":\"Products\",\"item\":\"https:\/\/vasexperts.com\/products\/\"},{\"@type\":\"ListItem\",\"position\":3,\"name\":\"CG-NAT\"}]},{\"@type\":\"WebSite\",\"@id\":\"https:\/\/vasexperts.com\/#website\",\"url\":\"https:\/\/vasexperts.com\/\",\"name\":\"ITGLOBAL.COM\",\"description\":\"(English) VASExperts\",\"inLanguage\":\"br-PT\"}]}<\/script>\n<!-- \/ Yoast SEO plugin. -->","yoast_head_json":{"title":"(English) VASExperts","robots":{"index":"index","follow":"follow","max-snippet":"max-snippet:-1","max-image-preview":"max-image-preview:large","max-video-preview":"max-video-preview:-1"},"schema":{"@context":"https:\/\/schema.org","@graph":[{"@type":"WebPage","@id":"https:\/\/vasexperts.com\/products\/cgnat\/","url":"https:\/\/vasexperts.com\/products\/cgnat\/","name":"[:en]Carrier Grade Network Address Translation (CGNAT) for preserving IPv4 and transitioning to IPv6[:es]Carrier Grade Network Adress Translation para CGNAT conservar IPv4 y realizar la transici\u00f3n a IPv6[:fr]Carrier Grade Network Address Translation (CGNAT) pour pr\u00e9server l'IPv4 et assurer la transition vers l'IPv6[:br]Tradu\u00e7\u00e3o de endere\u00e7os de rede de n\u00edvel de operadora (CGNAT) para preservar o IPv4 e fazer a transi\u00e7\u00e3o para o IPv6","isPartOf":{"@id":"https:\/\/vasexperts.com\/#website"},"datePublished":"2020-06-19T11:31:33+00:00","dateModified":"2026-01-26T15:22:35+00:00","description":"[:en]Carrier Grade NAT (CGN) enables a smooth transition to IPv6 and allows service providers to efficiently extend their IPv4 networks. It aggregates multiple millions of concurrent connections and scales the bandwidth performance from 1G to over 400G.[:es]Carrier Grade NAT (CGN) permite una transici\u00f3n fluida a IPv6 y permite a los proveedores de servicios ampliar de manera eficiente sus redes IPv4. Agrega varios millones de conexiones simult\u00e1neas y escala el rendimiento del ancho de banda de 1G a m\u00e1s de 400G.[:fr]Le NAT de classe op\u00e9rateur (CGN) permet une transition en douceur vers IPv6 et permet aux fournisseurs de services d'\u00e9tendre efficacement leurs r\u00e9seaux IPv4. Il agr\u00e8ge plusieurs millions de connexions simultan\u00e9es et fait passer la bande passante de 1 G \u00e0 plus de 400 G.[:br]O Carrier Grade NAT (CGN) permite uma transi\u00e7\u00e3o suave para o IPv6 e permite que os provedores de servi\u00e7os ampliem com efici\u00eancia suas redes IPv4. Ele agrega milh\u00f5es de conex\u00f5es simult\u00e2neas e dimensiona o desempenho da largura de banda de 1G para mais de 400G.","breadcrumb":{"@id":"https:\/\/vasexperts.com\/products\/cgnat\/#breadcrumb"},"inLanguage":"br-PT","potentialAction":[{"@type":"ReadAction","target":["https:\/\/vasexperts.com\/products\/cgnat\/"]}]},{"@type":"BreadcrumbList","@id":"https:\/\/vasexperts.com\/products\/cgnat\/#breadcrumb","itemListElement":[{"@type":"ListItem","position":1,"name":"\u0413\u043b\u0430\u0432\u043d\u0430\u044f \u0441\u0442\u0440\u0430\u043d\u0438\u0446\u0430","item":"https:\/\/vasexperts.com\/"},{"@type":"ListItem","position":2,"name":"Products","item":"https:\/\/vasexperts.com\/products\/"},{"@type":"ListItem","position":3,"name":"CG-NAT"}]},{"@type":"WebSite","@id":"https:\/\/vasexperts.com\/#website","url":"https:\/\/vasexperts.com\/","name":"ITGLOBAL.COM","description":"(English) VASExperts","inLanguage":"br-PT"}]}},"_links":{"self":[{"href":"https:\/\/vasexperts.com\/br\/wp-json\/wp\/v2\/pages\/23"}],"collection":[{"href":"https:\/\/vasexperts.com\/br\/wp-json\/wp\/v2\/pages"}],"about":[{"href":"https:\/\/vasexperts.com\/br\/wp-json\/wp\/v2\/types\/page"}],"author":[{"embeddable":true,"href":"https:\/\/vasexperts.com\/br\/wp-json\/wp\/v2\/users\/7"}],"replies":[{"embeddable":true,"href":"https:\/\/vasexperts.com\/br\/wp-json\/wp\/v2\/comments?post=23"}],"version-history":[{"count":10,"href":"https:\/\/vasexperts.com\/br\/wp-json\/wp\/v2\/pages\/23\/revisions"}],"predecessor-version":[{"id":13917,"href":"https:\/\/vasexperts.com\/br\/wp-json\/wp\/v2\/pages\/23\/revisions\/13917"}],"up":[{"embeddable":true,"href":"https:\/\/vasexperts.com\/br\/wp-json\/wp\/v2\/pages\/288"}],"wp:attachment":[{"href":"https:\/\/vasexperts.com\/br\/wp-json\/wp\/v2\/media?parent=23"}],"curies":[{"name":"wp","href":"https:\/\/api.w.org\/{rel}","templated":true}]}}