{"id":14,"date":"2020-06-08T12:57:45","date_gmt":"2020-06-08T09:57:45","guid":{"rendered":"https:\/\/vasexperts-ru.hst11.itglobal.com\/?page_id=14"},"modified":"2025-07-31T16:47:52","modified_gmt":"2025-07-31T13:47:52","slug":"about","status":"publish","type":"page","link":"https:\/\/vasexperts.com\/br\/about\/","title":{"rendered":"Sobre"},"content":{"rendered":"","protected":false},"excerpt":{"rendered":"","protected":false},"author":7,"featured_media":0,"parent":0,"menu_order":0,"comment_status":"closed","ping_status":"closed","template":"","meta":{"footnotes":""},"class_list":["post-14","page","type-page","status-publish","hentry"],"yoast_head":"<!-- This site is optimized with the Yoast SEO plugin v23.1 - https:\/\/yoast.com\/wordpress\/plugins\/seo\/ -->\n<title>(English) VASExperts<\/title>\n<meta name=\"robots\" content=\"index, follow, max-snippet:-1, max-image-preview:large, max-video-preview:-1\" \/>\n<script type=\"application\/ld+json\" class=\"yoast-schema-graph\">{\"@context\":\"https:\/\/schema.org\",\"@graph\":[{\"@type\":\"WebPage\",\"@id\":\"https:\/\/vasexperts.com\/about\/\",\"url\":\"https:\/\/vasexperts.com\/about\/\",\"name\":\"[:es]A cerca de \u2014 VAS Experts[:en]About \u2014 VAS Experts[:fr]\u00c0 propos de \u2014 VAS Experts[:br]Sobre \u2014 VAS Experts\",\"isPartOf\":{\"@id\":\"https:\/\/vasexperts.com\/#website\"},\"datePublished\":\"2020-06-08T09:57:45+00:00\",\"dateModified\":\"2025-07-31T13:47:52+00:00\",\"description\":\"[:en]VAS Experts specialists have all the experience and skills needed to implement DPI solutions. Our experts are ready to answer any questions you may have about the technical capacities of the products, their configuration, and utilization.[:es]Los especialistas de VAS Experts tienen toda la experiencia y las habilidades necesarias para implementar soluciones DPI. Nuestros expertos est\u00e1n listos para responder cualquier pregunta que pueda tener sobre las capacidades t\u00e9cnicas de los productos, su configuraci\u00f3n y utilizaci\u00f3n.[:fr]Les sp\u00e9cialistes de VAS Experts ont toute l'exp\u00e9rience et les comp\u00e9tences n\u00e9cessaires pour mettre en \u0153uvre des solutions DPI. Nos experts sont pr\u00eats \u00e0 r\u00e9pondre \u00e0 toutes vos questions sur les capacit\u00e9s techniques des produits, leur configuration et leur utilisation.[:br]Os especialistas da VAS Experts possuem toda a experi\u00eancia e as habilidades necess\u00e1rias para implementar solu\u00e7\u00f5es de DPI. Nossos especialistas est\u00e3o prontos para responder a quaisquer perguntas que voc\u00ea possa ter sobre as capacidades t\u00e9cnicas dos produtos, sua configura\u00e7\u00e3o e utiliza\u00e7\u00e3o.\",\"breadcrumb\":{\"@id\":\"https:\/\/vasexperts.com\/about\/#breadcrumb\"},\"inLanguage\":\"br-PT\",\"potentialAction\":[{\"@type\":\"ReadAction\",\"target\":[\"https:\/\/vasexperts.com\/about\/\"]}]},{\"@type\":\"BreadcrumbList\",\"@id\":\"https:\/\/vasexperts.com\/about\/#breadcrumb\",\"itemListElement\":[{\"@type\":\"ListItem\",\"position\":1,\"name\":\"\u0413\u043b\u0430\u0432\u043d\u0430\u044f \u0441\u0442\u0440\u0430\u043d\u0438\u0446\u0430\",\"item\":\"https:\/\/vasexperts.com\/\"},{\"@type\":\"ListItem\",\"position\":2,\"name\":\"About\"}]},{\"@type\":\"WebSite\",\"@id\":\"https:\/\/vasexperts.com\/#website\",\"url\":\"https:\/\/vasexperts.com\/\",\"name\":\"ITGLOBAL.COM\",\"description\":\"(English) VASExperts\",\"inLanguage\":\"br-PT\"}]}<\/script>\n<!-- \/ Yoast SEO plugin. -->","yoast_head_json":{"title":"(English) VASExperts","robots":{"index":"index","follow":"follow","max-snippet":"max-snippet:-1","max-image-preview":"max-image-preview:large","max-video-preview":"max-video-preview:-1"},"schema":{"@context":"https:\/\/schema.org","@graph":[{"@type":"WebPage","@id":"https:\/\/vasexperts.com\/about\/","url":"https:\/\/vasexperts.com\/about\/","name":"[:es]A cerca de \u2014 VAS Experts[:en]About \u2014 VAS Experts[:fr]\u00c0 propos de \u2014 VAS Experts[:br]Sobre \u2014 VAS Experts","isPartOf":{"@id":"https:\/\/vasexperts.com\/#website"},"datePublished":"2020-06-08T09:57:45+00:00","dateModified":"2025-07-31T13:47:52+00:00","description":"[:en]VAS Experts specialists have all the experience and skills needed to implement DPI solutions. Our experts are ready to answer any questions you may have about the technical capacities of the products, their configuration, and utilization.[:es]Los especialistas de VAS Experts tienen toda la experiencia y las habilidades necesarias para implementar soluciones DPI. Nuestros expertos est\u00e1n listos para responder cualquier pregunta que pueda tener sobre las capacidades t\u00e9cnicas de los productos, su configuraci\u00f3n y utilizaci\u00f3n.[:fr]Les sp\u00e9cialistes de VAS Experts ont toute l'exp\u00e9rience et les comp\u00e9tences n\u00e9cessaires pour mettre en \u0153uvre des solutions DPI. Nos experts sont pr\u00eats \u00e0 r\u00e9pondre \u00e0 toutes vos questions sur les capacit\u00e9s techniques des produits, leur configuration et leur utilisation.[:br]Os especialistas da VAS Experts possuem toda a experi\u00eancia e as habilidades necess\u00e1rias para implementar solu\u00e7\u00f5es de DPI. Nossos especialistas est\u00e3o prontos para responder a quaisquer perguntas que voc\u00ea possa ter sobre as capacidades t\u00e9cnicas dos produtos, sua configura\u00e7\u00e3o e utiliza\u00e7\u00e3o.","breadcrumb":{"@id":"https:\/\/vasexperts.com\/about\/#breadcrumb"},"inLanguage":"br-PT","potentialAction":[{"@type":"ReadAction","target":["https:\/\/vasexperts.com\/about\/"]}]},{"@type":"BreadcrumbList","@id":"https:\/\/vasexperts.com\/about\/#breadcrumb","itemListElement":[{"@type":"ListItem","position":1,"name":"\u0413\u043b\u0430\u0432\u043d\u0430\u044f \u0441\u0442\u0440\u0430\u043d\u0438\u0446\u0430","item":"https:\/\/vasexperts.com\/"},{"@type":"ListItem","position":2,"name":"About"}]},{"@type":"WebSite","@id":"https:\/\/vasexperts.com\/#website","url":"https:\/\/vasexperts.com\/","name":"ITGLOBAL.COM","description":"(English) VASExperts","inLanguage":"br-PT"}]}},"_links":{"self":[{"href":"https:\/\/vasexperts.com\/br\/wp-json\/wp\/v2\/pages\/14"}],"collection":[{"href":"https:\/\/vasexperts.com\/br\/wp-json\/wp\/v2\/pages"}],"about":[{"href":"https:\/\/vasexperts.com\/br\/wp-json\/wp\/v2\/types\/page"}],"author":[{"embeddable":true,"href":"https:\/\/vasexperts.com\/br\/wp-json\/wp\/v2\/users\/7"}],"replies":[{"embeddable":true,"href":"https:\/\/vasexperts.com\/br\/wp-json\/wp\/v2\/comments?post=14"}],"version-history":[{"count":7,"href":"https:\/\/vasexperts.com\/br\/wp-json\/wp\/v2\/pages\/14\/revisions"}],"predecessor-version":[{"id":12015,"href":"https:\/\/vasexperts.com\/br\/wp-json\/wp\/v2\/pages\/14\/revisions\/12015"}],"wp:attachment":[{"href":"https:\/\/vasexperts.com\/br\/wp-json\/wp\/v2\/media?parent=14"}],"curies":[{"name":"wp","href":"https:\/\/api.w.org\/{rel}","templated":true}]}}