{"id":13414,"date":"2025-09-29T12:16:38","date_gmt":"2025-09-29T09:16:38","guid":{"rendered":"https:\/\/vasexperts.com\/?page_id=13414"},"modified":"2026-02-25T13:23:40","modified_gmt":"2026-02-25T10:23:40","slug":"antiddos","status":"publish","type":"page","link":"https:\/\/vasexperts.com\/br\/products\/antiddos\/","title":{"rendered":"AntiDDoS"},"content":{"rendered":"","protected":false},"excerpt":{"rendered":"","protected":false},"author":7,"featured_media":0,"parent":288,"menu_order":0,"comment_status":"closed","ping_status":"closed","template":"","meta":{"footnotes":""},"class_list":["post-13414","page","type-page","status-publish","hentry"],"yoast_head":"<!-- This site is optimized with the Yoast SEO plugin v23.1 - https:\/\/yoast.com\/wordpress\/plugins\/seo\/ -->\n<title>(English) VASExperts<\/title>\n<meta name=\"robots\" content=\"index, follow, max-snippet:-1, max-image-preview:large, max-video-preview:-1\" \/>\n<script type=\"application\/ld+json\" class=\"yoast-schema-graph\">{\"@context\":\"https:\/\/schema.org\",\"@graph\":[{\"@type\":\"WebPage\",\"@id\":\"https:\/\/vasexperts.com\/products\/antiddos\/\",\"url\":\"https:\/\/vasexperts.com\/products\/antiddos\/\",\"name\":\"[:en]Protecting Telecom Operators from DDoS Attacks \u2014 VAS Experts[:es]Protecci\u00f3n de los operadores de telecomunicaciones contra ataques DDoS \u2014 VAS Experts[:fr]Protection des op\u00e9rateurs t\u00e9l\u00e9coms contre les attaques DDoS \u2014 VAS Experts[:br]Protegendo operadoras de telecomunica\u00e7\u00f5es contra ataques DDoS \u2014 VAS Experts\",\"isPartOf\":{\"@id\":\"https:\/\/vasexperts.com\/#website\"},\"datePublished\":\"2025-09-29T09:16:38+00:00\",\"dateModified\":\"2026-02-25T10:23:40+00:00\",\"description\":\"[:en]Try a DDoS protection solution for ISPs that provides real-time detection and blocking of cyber threats.[:es]Pruebe una soluci\u00f3n de protecci\u00f3n DDoS para ISP que proporciona detecci\u00f3n y bloqueo de amenazas cibern\u00e9ticas en tiempo real.[:fr]Essayez une solution de protection DDoS pour les FAI qui fournit une d\u00e9tection et un blocage en temps r\u00e9el des cybermenaces.[:br]Experimente uma solu\u00e7\u00e3o de prote\u00e7\u00e3o DDoS para ISPs que fornece detec\u00e7\u00e3o e bloqueio de amea\u00e7as cibern\u00e9ticas em tempo real.\",\"breadcrumb\":{\"@id\":\"https:\/\/vasexperts.com\/products\/antiddos\/#breadcrumb\"},\"inLanguage\":\"br-PT\",\"potentialAction\":[{\"@type\":\"ReadAction\",\"target\":[\"https:\/\/vasexperts.com\/products\/antiddos\/\"]}]},{\"@type\":\"BreadcrumbList\",\"@id\":\"https:\/\/vasexperts.com\/products\/antiddos\/#breadcrumb\",\"itemListElement\":[{\"@type\":\"ListItem\",\"position\":1,\"name\":\"\u0413\u043b\u0430\u0432\u043d\u0430\u044f \u0441\u0442\u0440\u0430\u043d\u0438\u0446\u0430\",\"item\":\"https:\/\/vasexperts.com\/\"},{\"@type\":\"ListItem\",\"position\":2,\"name\":\"Products\",\"item\":\"https:\/\/vasexperts.com\/products\/\"},{\"@type\":\"ListItem\",\"position\":3,\"name\":\"AntiDDoS\"}]},{\"@type\":\"WebSite\",\"@id\":\"https:\/\/vasexperts.com\/#website\",\"url\":\"https:\/\/vasexperts.com\/\",\"name\":\"ITGLOBAL.COM\",\"description\":\"(English) VASExperts\",\"inLanguage\":\"br-PT\"}]}<\/script>\n<!-- \/ Yoast SEO plugin. -->","yoast_head_json":{"title":"(English) VASExperts","robots":{"index":"index","follow":"follow","max-snippet":"max-snippet:-1","max-image-preview":"max-image-preview:large","max-video-preview":"max-video-preview:-1"},"schema":{"@context":"https:\/\/schema.org","@graph":[{"@type":"WebPage","@id":"https:\/\/vasexperts.com\/products\/antiddos\/","url":"https:\/\/vasexperts.com\/products\/antiddos\/","name":"[:en]Protecting Telecom Operators from DDoS Attacks \u2014 VAS Experts[:es]Protecci\u00f3n de los operadores de telecomunicaciones contra ataques DDoS \u2014 VAS Experts[:fr]Protection des op\u00e9rateurs t\u00e9l\u00e9coms contre les attaques DDoS \u2014 VAS Experts[:br]Protegendo operadoras de telecomunica\u00e7\u00f5es contra ataques DDoS \u2014 VAS Experts","isPartOf":{"@id":"https:\/\/vasexperts.com\/#website"},"datePublished":"2025-09-29T09:16:38+00:00","dateModified":"2026-02-25T10:23:40+00:00","description":"[:en]Try a DDoS protection solution for ISPs that provides real-time detection and blocking of cyber threats.[:es]Pruebe una soluci\u00f3n de protecci\u00f3n DDoS para ISP que proporciona detecci\u00f3n y bloqueo de amenazas cibern\u00e9ticas en tiempo real.[:fr]Essayez une solution de protection DDoS pour les FAI qui fournit une d\u00e9tection et un blocage en temps r\u00e9el des cybermenaces.[:br]Experimente uma solu\u00e7\u00e3o de prote\u00e7\u00e3o DDoS para ISPs que fornece detec\u00e7\u00e3o e bloqueio de amea\u00e7as cibern\u00e9ticas em tempo real.","breadcrumb":{"@id":"https:\/\/vasexperts.com\/products\/antiddos\/#breadcrumb"},"inLanguage":"br-PT","potentialAction":[{"@type":"ReadAction","target":["https:\/\/vasexperts.com\/products\/antiddos\/"]}]},{"@type":"BreadcrumbList","@id":"https:\/\/vasexperts.com\/products\/antiddos\/#breadcrumb","itemListElement":[{"@type":"ListItem","position":1,"name":"\u0413\u043b\u0430\u0432\u043d\u0430\u044f \u0441\u0442\u0440\u0430\u043d\u0438\u0446\u0430","item":"https:\/\/vasexperts.com\/"},{"@type":"ListItem","position":2,"name":"Products","item":"https:\/\/vasexperts.com\/products\/"},{"@type":"ListItem","position":3,"name":"AntiDDoS"}]},{"@type":"WebSite","@id":"https:\/\/vasexperts.com\/#website","url":"https:\/\/vasexperts.com\/","name":"ITGLOBAL.COM","description":"(English) VASExperts","inLanguage":"br-PT"}]}},"_links":{"self":[{"href":"https:\/\/vasexperts.com\/br\/wp-json\/wp\/v2\/pages\/13414"}],"collection":[{"href":"https:\/\/vasexperts.com\/br\/wp-json\/wp\/v2\/pages"}],"about":[{"href":"https:\/\/vasexperts.com\/br\/wp-json\/wp\/v2\/types\/page"}],"author":[{"embeddable":true,"href":"https:\/\/vasexperts.com\/br\/wp-json\/wp\/v2\/users\/7"}],"replies":[{"embeddable":true,"href":"https:\/\/vasexperts.com\/br\/wp-json\/wp\/v2\/comments?post=13414"}],"version-history":[{"count":9,"href":"https:\/\/vasexperts.com\/br\/wp-json\/wp\/v2\/pages\/13414\/revisions"}],"predecessor-version":[{"id":13990,"href":"https:\/\/vasexperts.com\/br\/wp-json\/wp\/v2\/pages\/13414\/revisions\/13990"}],"up":[{"embeddable":true,"href":"https:\/\/vasexperts.com\/br\/wp-json\/wp\/v2\/pages\/288"}],"wp:attachment":[{"href":"https:\/\/vasexperts.com\/br\/wp-json\/wp\/v2\/media?parent=13414"}],"curies":[{"name":"wp","href":"https:\/\/api.w.org\/{rel}","templated":true}]}}