{"id":118,"date":"2020-07-02T14:28:59","date_gmt":"2020-07-02T11:28:59","guid":{"rendered":"https:\/\/vasexperts-ru.hst11.itglobal.com\/?page_id=118"},"modified":"2026-04-23T11:19:17","modified_gmt":"2026-04-23T08:19:17","slug":"network-visibility","status":"publish","type":"page","link":"https:\/\/vasexperts.com\/br\/solutions\/internet-service-providers\/network-visibility\/","title":{"rendered":"Visibilidade da rede"},"content":{"rendered":"","protected":false},"excerpt":{"rendered":"","protected":false},"author":1,"featured_media":0,"parent":14183,"menu_order":0,"comment_status":"closed","ping_status":"closed","template":"","meta":{"footnotes":""},"class_list":["post-118","page","type-page","status-publish","hentry"],"yoast_head":"<!-- This site is optimized with the Yoast SEO plugin v23.1 - https:\/\/yoast.com\/wordpress\/plugins\/seo\/ -->\n<title>(English) VASExperts<\/title>\n<meta name=\"robots\" content=\"index, follow, max-snippet:-1, max-image-preview:large, max-video-preview:-1\" \/>\n<script type=\"application\/ld+json\" class=\"yoast-schema-graph\">{\"@context\":\"https:\/\/schema.org\",\"@graph\":[{\"@type\":\"WebPage\",\"@id\":\"https:\/\/vasexperts.com\/solutions\/internet-service-providers\/network-visibility\/\",\"url\":\"https:\/\/vasexperts.com\/solutions\/internet-service-providers\/network-visibility\/\",\"name\":\"[:en]Network visibility solutions for telecom providers and ISPs[:es]Soluciones de visibilidad de red para proveedores de telecomunicaciones e ISP[:fr]Solutions de visibilit\u00e9 du r\u00e9seau pour les fournisseurs de t\u00e9l\u00e9communications et les ISP[:br]Solu\u00e7\u00f5es de visibilidade de rede para provedores de telecomunica\u00e7\u00f5es e ISPs\",\"isPartOf\":{\"@id\":\"https:\/\/vasexperts.com\/#website\"},\"datePublished\":\"2020-07-02T11:28:59+00:00\",\"dateModified\":\"2026-04-23T08:19:17+00:00\",\"description\":\"[:en]To improve the network performance you have to obtain all the information about network usage data and traffic consumption. It is critical for best troubleshooting and delivering high Quality of Experience[:es]Para mejorar el rendimiento de la red, debe obtener toda la informaci\u00f3n sobre los datos de uso de la red y el consumo de tr\u00e1fico. Es fundamental para la mejor resoluci\u00f3n de problemas y brindar una alta Calidad de Experiencia.[:fr]Pour am\u00e9liorer les performances du r\u00e9seau, vous devez obtenir toutes les informations sur les donn\u00e9es d'utilisation du r\u00e9seau et la consommation de trafic. Ces informations sont essentielles pour le meilleur d\u00e9pannage et pour offrir une qualit\u00e9 d'exp\u00e9rience \u00e9lev\u00e9e[:br]Para melhorar o desempenho da rede, \u00e9 necess\u00e1rio obter todas as informa\u00e7\u00f5es sobre os dados de uso da rede e o consumo de tr\u00e1fego. Isso \u00e9 fundamental para a melhor solu\u00e7\u00e3o de problemas e para oferecer alta qualidade de experi\u00eancia\",\"breadcrumb\":{\"@id\":\"https:\/\/vasexperts.com\/solutions\/internet-service-providers\/network-visibility\/#breadcrumb\"},\"inLanguage\":\"br-PT\",\"potentialAction\":[{\"@type\":\"ReadAction\",\"target\":[\"https:\/\/vasexperts.com\/solutions\/internet-service-providers\/network-visibility\/\"]}]},{\"@type\":\"BreadcrumbList\",\"@id\":\"https:\/\/vasexperts.com\/solutions\/internet-service-providers\/network-visibility\/#breadcrumb\",\"itemListElement\":[{\"@type\":\"ListItem\",\"position\":1,\"name\":\"\u0413\u043b\u0430\u0432\u043d\u0430\u044f \u0441\u0442\u0440\u0430\u043d\u0438\u0446\u0430\",\"item\":\"https:\/\/vasexperts.com\/\"},{\"@type\":\"ListItem\",\"position\":2,\"name\":\"Solutions\",\"item\":\"https:\/\/vasexperts.com\/solutions\/\"},{\"@type\":\"ListItem\",\"position\":3,\"name\":\"Internet Service Providers\",\"item\":\"https:\/\/vasexperts.com\/solutions\/internet-service-providers\/\"},{\"@type\":\"ListItem\",\"position\":4,\"name\":\"Network Visibility\"}]},{\"@type\":\"WebSite\",\"@id\":\"https:\/\/vasexperts.com\/#website\",\"url\":\"https:\/\/vasexperts.com\/\",\"name\":\"ITGLOBAL.COM\",\"description\":\"(English) VASExperts\",\"inLanguage\":\"br-PT\"}]}<\/script>\n<!-- \/ Yoast SEO plugin. -->","yoast_head_json":{"title":"(English) VASExperts","robots":{"index":"index","follow":"follow","max-snippet":"max-snippet:-1","max-image-preview":"max-image-preview:large","max-video-preview":"max-video-preview:-1"},"schema":{"@context":"https:\/\/schema.org","@graph":[{"@type":"WebPage","@id":"https:\/\/vasexperts.com\/solutions\/internet-service-providers\/network-visibility\/","url":"https:\/\/vasexperts.com\/solutions\/internet-service-providers\/network-visibility\/","name":"[:en]Network visibility solutions for telecom providers and ISPs[:es]Soluciones de visibilidad de red para proveedores de telecomunicaciones e ISP[:fr]Solutions de visibilit\u00e9 du r\u00e9seau pour les fournisseurs de t\u00e9l\u00e9communications et les ISP[:br]Solu\u00e7\u00f5es de visibilidade de rede para provedores de telecomunica\u00e7\u00f5es e ISPs","isPartOf":{"@id":"https:\/\/vasexperts.com\/#website"},"datePublished":"2020-07-02T11:28:59+00:00","dateModified":"2026-04-23T08:19:17+00:00","description":"[:en]To improve the network performance you have to obtain all the information about network usage data and traffic consumption. It is critical for best troubleshooting and delivering high Quality of Experience[:es]Para mejorar el rendimiento de la red, debe obtener toda la informaci\u00f3n sobre los datos de uso de la red y el consumo de tr\u00e1fico. Es fundamental para la mejor resoluci\u00f3n de problemas y brindar una alta Calidad de Experiencia.[:fr]Pour am\u00e9liorer les performances du r\u00e9seau, vous devez obtenir toutes les informations sur les donn\u00e9es d'utilisation du r\u00e9seau et la consommation de trafic. Ces informations sont essentielles pour le meilleur d\u00e9pannage et pour offrir une qualit\u00e9 d'exp\u00e9rience \u00e9lev\u00e9e[:br]Para melhorar o desempenho da rede, \u00e9 necess\u00e1rio obter todas as informa\u00e7\u00f5es sobre os dados de uso da rede e o consumo de tr\u00e1fego. Isso \u00e9 fundamental para a melhor solu\u00e7\u00e3o de problemas e para oferecer alta qualidade de experi\u00eancia","breadcrumb":{"@id":"https:\/\/vasexperts.com\/solutions\/internet-service-providers\/network-visibility\/#breadcrumb"},"inLanguage":"br-PT","potentialAction":[{"@type":"ReadAction","target":["https:\/\/vasexperts.com\/solutions\/internet-service-providers\/network-visibility\/"]}]},{"@type":"BreadcrumbList","@id":"https:\/\/vasexperts.com\/solutions\/internet-service-providers\/network-visibility\/#breadcrumb","itemListElement":[{"@type":"ListItem","position":1,"name":"\u0413\u043b\u0430\u0432\u043d\u0430\u044f \u0441\u0442\u0440\u0430\u043d\u0438\u0446\u0430","item":"https:\/\/vasexperts.com\/"},{"@type":"ListItem","position":2,"name":"Solutions","item":"https:\/\/vasexperts.com\/solutions\/"},{"@type":"ListItem","position":3,"name":"Internet Service Providers","item":"https:\/\/vasexperts.com\/solutions\/internet-service-providers\/"},{"@type":"ListItem","position":4,"name":"Network Visibility"}]},{"@type":"WebSite","@id":"https:\/\/vasexperts.com\/#website","url":"https:\/\/vasexperts.com\/","name":"ITGLOBAL.COM","description":"(English) VASExperts","inLanguage":"br-PT"}]}},"_links":{"self":[{"href":"https:\/\/vasexperts.com\/br\/wp-json\/wp\/v2\/pages\/118"}],"collection":[{"href":"https:\/\/vasexperts.com\/br\/wp-json\/wp\/v2\/pages"}],"about":[{"href":"https:\/\/vasexperts.com\/br\/wp-json\/wp\/v2\/types\/page"}],"author":[{"embeddable":true,"href":"https:\/\/vasexperts.com\/br\/wp-json\/wp\/v2\/users\/1"}],"replies":[{"embeddable":true,"href":"https:\/\/vasexperts.com\/br\/wp-json\/wp\/v2\/comments?post=118"}],"version-history":[{"count":6,"href":"https:\/\/vasexperts.com\/br\/wp-json\/wp\/v2\/pages\/118\/revisions"}],"predecessor-version":[{"id":14188,"href":"https:\/\/vasexperts.com\/br\/wp-json\/wp\/v2\/pages\/118\/revisions\/14188"}],"up":[{"embeddable":true,"href":"https:\/\/vasexperts.com\/br\/wp-json\/wp\/v2\/pages\/14183"}],"wp:attachment":[{"href":"https:\/\/vasexperts.com\/br\/wp-json\/wp\/v2\/media?parent=118"}],"curies":[{"name":"wp","href":"https:\/\/api.w.org\/{rel}","templated":true}]}}