{"id":11736,"date":"2025-07-10T19:05:48","date_gmt":"2025-07-10T16:05:48","guid":{"rendered":"https:\/\/vasexperts.com\/?page_id=11736"},"modified":"2026-03-13T13:41:26","modified_gmt":"2026-03-13T10:41:26","slug":"pgw","status":"publish","type":"page","link":"https:\/\/vasexperts.com\/br\/products\/pgw\/","title":{"rendered":"PGW"},"content":{"rendered":"","protected":false},"excerpt":{"rendered":"","protected":false},"author":24,"featured_media":0,"parent":288,"menu_order":0,"comment_status":"closed","ping_status":"closed","template":"","meta":{"footnotes":""},"class_list":["post-11736","page","type-page","status-publish","hentry"],"yoast_head":"<!-- This site is optimized with the Yoast SEO plugin v23.1 - https:\/\/yoast.com\/wordpress\/plugins\/seo\/ -->\n<title>(English) VASExperts<\/title>\n<meta name=\"robots\" content=\"index, follow, max-snippet:-1, max-image-preview:large, max-video-preview:-1\" \/>\n<script type=\"application\/ld+json\" class=\"yoast-schema-graph\">{\"@context\":\"https:\/\/schema.org\",\"@graph\":[{\"@type\":\"WebPage\",\"@id\":\"https:\/\/vasexperts.com\/products\/pgw\/\",\"url\":\"https:\/\/vasexperts.com\/products\/pgw\/\",\"name\":\"[:en]PGW (Packet Data Network Gateway) \u2014 a high-performance solution for mobile operators \u2014 VAS Experts[:es]PGW (Packet Data Network Gateway): una soluci\u00f3n de alto rendimiento para operadores m\u00f3viles \u2014 VAS Experts[:fr]PGW (Packet Data Network Gateway) \u2014 une solution haute performance pour les op\u00e9rateurs mobiles \u2014 VAS Experts[:br]PGW (Packet Data Network Gateway) \u2014 uma solu\u00e7\u00e3o de alto desempenho para operadoras m\u00f3veis \u2014 VAS Experts\",\"isPartOf\":{\"@id\":\"https:\/\/vasexperts.com\/#website\"},\"datePublished\":\"2025-07-10T16:05:48+00:00\",\"dateModified\":\"2026-03-13T10:41:26+00:00\",\"description\":\"[:en]Boost your network with Stingray PGW \u2013 an intelligent, high-performance gateway offering flexible, scalable foundation and advanced traffic control.[:es]Mejore su red con Stingray PGW: gateway inteligente y de alto rendimiento con base flexible, escalable y control avanzado del tr\u00e1fico.[:fr]Boostez votre r\u00e9seau avec Stingray PGW \u2013 passerelle intelligente haute performance offrant base flexible, \u00e9volutive et contr\u00f4le avanc\u00e9 du trafic.[:br]Impulsione sua rede com Stingray PGW \u2013 gateway inteligente e de alto desempenho com base flex\u00edvel, escal\u00e1vel e controle avan\u00e7ado de tr\u00e1fego.\",\"breadcrumb\":{\"@id\":\"https:\/\/vasexperts.com\/products\/pgw\/#breadcrumb\"},\"inLanguage\":\"br-PT\",\"potentialAction\":[{\"@type\":\"ReadAction\",\"target\":[\"https:\/\/vasexperts.com\/products\/pgw\/\"]}]},{\"@type\":\"BreadcrumbList\",\"@id\":\"https:\/\/vasexperts.com\/products\/pgw\/#breadcrumb\",\"itemListElement\":[{\"@type\":\"ListItem\",\"position\":1,\"name\":\"\u0413\u043b\u0430\u0432\u043d\u0430\u044f \u0441\u0442\u0440\u0430\u043d\u0438\u0446\u0430\",\"item\":\"https:\/\/vasexperts.com\/\"},{\"@type\":\"ListItem\",\"position\":2,\"name\":\"Products\",\"item\":\"https:\/\/vasexperts.com\/products\/\"},{\"@type\":\"ListItem\",\"position\":3,\"name\":\"PGW\"}]},{\"@type\":\"WebSite\",\"@id\":\"https:\/\/vasexperts.com\/#website\",\"url\":\"https:\/\/vasexperts.com\/\",\"name\":\"ITGLOBAL.COM\",\"description\":\"(English) VASExperts\",\"inLanguage\":\"br-PT\"}]}<\/script>\n<!-- \/ Yoast SEO plugin. -->","yoast_head_json":{"title":"(English) VASExperts","robots":{"index":"index","follow":"follow","max-snippet":"max-snippet:-1","max-image-preview":"max-image-preview:large","max-video-preview":"max-video-preview:-1"},"schema":{"@context":"https:\/\/schema.org","@graph":[{"@type":"WebPage","@id":"https:\/\/vasexperts.com\/products\/pgw\/","url":"https:\/\/vasexperts.com\/products\/pgw\/","name":"[:en]PGW (Packet Data Network Gateway) \u2014 a high-performance solution for mobile operators \u2014 VAS Experts[:es]PGW (Packet Data Network Gateway): una soluci\u00f3n de alto rendimiento para operadores m\u00f3viles \u2014 VAS Experts[:fr]PGW (Packet Data Network Gateway) \u2014 une solution haute performance pour les op\u00e9rateurs mobiles \u2014 VAS Experts[:br]PGW (Packet Data Network Gateway) \u2014 uma solu\u00e7\u00e3o de alto desempenho para operadoras m\u00f3veis \u2014 VAS Experts","isPartOf":{"@id":"https:\/\/vasexperts.com\/#website"},"datePublished":"2025-07-10T16:05:48+00:00","dateModified":"2026-03-13T10:41:26+00:00","description":"[:en]Boost your network with Stingray PGW \u2013 an intelligent, high-performance gateway offering flexible, scalable foundation and advanced traffic control.[:es]Mejore su red con Stingray PGW: gateway inteligente y de alto rendimiento con base flexible, escalable y control avanzado del tr\u00e1fico.[:fr]Boostez votre r\u00e9seau avec Stingray PGW \u2013 passerelle intelligente haute performance offrant base flexible, \u00e9volutive et contr\u00f4le avanc\u00e9 du trafic.[:br]Impulsione sua rede com Stingray PGW \u2013 gateway inteligente e de alto desempenho com base flex\u00edvel, escal\u00e1vel e controle avan\u00e7ado de tr\u00e1fego.","breadcrumb":{"@id":"https:\/\/vasexperts.com\/products\/pgw\/#breadcrumb"},"inLanguage":"br-PT","potentialAction":[{"@type":"ReadAction","target":["https:\/\/vasexperts.com\/products\/pgw\/"]}]},{"@type":"BreadcrumbList","@id":"https:\/\/vasexperts.com\/products\/pgw\/#breadcrumb","itemListElement":[{"@type":"ListItem","position":1,"name":"\u0413\u043b\u0430\u0432\u043d\u0430\u044f \u0441\u0442\u0440\u0430\u043d\u0438\u0446\u0430","item":"https:\/\/vasexperts.com\/"},{"@type":"ListItem","position":2,"name":"Products","item":"https:\/\/vasexperts.com\/products\/"},{"@type":"ListItem","position":3,"name":"PGW"}]},{"@type":"WebSite","@id":"https:\/\/vasexperts.com\/#website","url":"https:\/\/vasexperts.com\/","name":"ITGLOBAL.COM","description":"(English) VASExperts","inLanguage":"br-PT"}]}},"_links":{"self":[{"href":"https:\/\/vasexperts.com\/br\/wp-json\/wp\/v2\/pages\/11736"}],"collection":[{"href":"https:\/\/vasexperts.com\/br\/wp-json\/wp\/v2\/pages"}],"about":[{"href":"https:\/\/vasexperts.com\/br\/wp-json\/wp\/v2\/types\/page"}],"author":[{"embeddable":true,"href":"https:\/\/vasexperts.com\/br\/wp-json\/wp\/v2\/users\/24"}],"replies":[{"embeddable":true,"href":"https:\/\/vasexperts.com\/br\/wp-json\/wp\/v2\/comments?post=11736"}],"version-history":[{"count":10,"href":"https:\/\/vasexperts.com\/br\/wp-json\/wp\/v2\/pages\/11736\/revisions"}],"predecessor-version":[{"id":14054,"href":"https:\/\/vasexperts.com\/br\/wp-json\/wp\/v2\/pages\/11736\/revisions\/14054"}],"up":[{"embeddable":true,"href":"https:\/\/vasexperts.com\/br\/wp-json\/wp\/v2\/pages\/288"}],"wp:attachment":[{"href":"https:\/\/vasexperts.com\/br\/wp-json\/wp\/v2\/media?parent=11736"}],"curies":[{"name":"wp","href":"https:\/\/api.w.org\/{rel}","templated":true}]}}