{"id":11405,"date":"2025-02-05T14:34:42","date_gmt":"2025-02-05T11:34:42","guid":{"rendered":"https:\/\/vasexperts.com\/?page_id=11405"},"modified":"2025-02-05T14:34:42","modified_gmt":"2025-02-05T11:34:42","slug":"datasheets","status":"publish","type":"page","link":"https:\/\/vasexperts.com\/br\/datasheets\/","title":{"rendered":"Folhas de dados"},"content":{"rendered":"","protected":false},"excerpt":{"rendered":"","protected":false},"author":24,"featured_media":0,"parent":0,"menu_order":0,"comment_status":"closed","ping_status":"closed","template":"","meta":{"footnotes":""},"class_list":["post-11405","page","type-page","status-publish","hentry"],"yoast_head":"<!-- This site is optimized with the Yoast SEO plugin v23.1 - https:\/\/yoast.com\/wordpress\/plugins\/seo\/ -->\n<title>(English) VASExperts<\/title>\n<meta name=\"robots\" content=\"index, follow, max-snippet:-1, max-image-preview:large, max-video-preview:-1\" \/>\n<script type=\"application\/ld+json\" class=\"yoast-schema-graph\">{\"@context\":\"https:\/\/schema.org\",\"@graph\":[{\"@type\":\"WebPage\",\"@id\":\"https:\/\/vasexperts.com\/datasheets\/\",\"url\":\"https:\/\/vasexperts.com\/datasheets\/\",\"name\":\"[:en]Datasheets \u2014 VAS Experts[:es]Fichas t\u00e9cnicas \u2014 VAS Experts[:fr]Fiches techniques \u2014 VAS Experts[:br]Folhas de dados - VAS Experts\",\"isPartOf\":{\"@id\":\"https:\/\/vasexperts.com\/#website\"},\"datePublished\":\"2025-02-05T11:34:42+00:00\",\"dateModified\":\"2025-02-05T11:34:42+00:00\",\"description\":\"[:en]Discover the technical specifications of VAS Experts and ITPOD solutions[:es]Descubra las especificaciones t\u00e9cnicas de las soluciones VAS Experts e ITPOD[:fr]D\u00e9couvrez les sp\u00e9cifications techniques des solutions VAS Experts et ITPOD[:br]Conhe\u00e7a as especifica\u00e7\u00f5es t\u00e9cnicas das solu\u00e7\u00f5es VAS Experts e ITPOD\",\"breadcrumb\":{\"@id\":\"https:\/\/vasexperts.com\/datasheets\/#breadcrumb\"},\"inLanguage\":\"br-PT\",\"potentialAction\":[{\"@type\":\"ReadAction\",\"target\":[\"https:\/\/vasexperts.com\/datasheets\/\"]}]},{\"@type\":\"BreadcrumbList\",\"@id\":\"https:\/\/vasexperts.com\/datasheets\/#breadcrumb\",\"itemListElement\":[{\"@type\":\"ListItem\",\"position\":1,\"name\":\"\u0413\u043b\u0430\u0432\u043d\u0430\u044f \u0441\u0442\u0440\u0430\u043d\u0438\u0446\u0430\",\"item\":\"https:\/\/vasexperts.com\/\"},{\"@type\":\"ListItem\",\"position\":2,\"name\":\"Datasheets\"}]},{\"@type\":\"WebSite\",\"@id\":\"https:\/\/vasexperts.com\/#website\",\"url\":\"https:\/\/vasexperts.com\/\",\"name\":\"ITGLOBAL.COM\",\"description\":\"(English) VASExperts\",\"inLanguage\":\"br-PT\"}]}<\/script>\n<!-- \/ Yoast SEO plugin. -->","yoast_head_json":{"title":"(English) VASExperts","robots":{"index":"index","follow":"follow","max-snippet":"max-snippet:-1","max-image-preview":"max-image-preview:large","max-video-preview":"max-video-preview:-1"},"schema":{"@context":"https:\/\/schema.org","@graph":[{"@type":"WebPage","@id":"https:\/\/vasexperts.com\/datasheets\/","url":"https:\/\/vasexperts.com\/datasheets\/","name":"[:en]Datasheets \u2014 VAS Experts[:es]Fichas t\u00e9cnicas \u2014 VAS Experts[:fr]Fiches techniques \u2014 VAS Experts[:br]Folhas de dados - VAS Experts","isPartOf":{"@id":"https:\/\/vasexperts.com\/#website"},"datePublished":"2025-02-05T11:34:42+00:00","dateModified":"2025-02-05T11:34:42+00:00","description":"[:en]Discover the technical specifications of VAS Experts and ITPOD solutions[:es]Descubra las especificaciones t\u00e9cnicas de las soluciones VAS Experts e ITPOD[:fr]D\u00e9couvrez les sp\u00e9cifications techniques des solutions VAS Experts et ITPOD[:br]Conhe\u00e7a as especifica\u00e7\u00f5es t\u00e9cnicas das solu\u00e7\u00f5es VAS Experts e ITPOD","breadcrumb":{"@id":"https:\/\/vasexperts.com\/datasheets\/#breadcrumb"},"inLanguage":"br-PT","potentialAction":[{"@type":"ReadAction","target":["https:\/\/vasexperts.com\/datasheets\/"]}]},{"@type":"BreadcrumbList","@id":"https:\/\/vasexperts.com\/datasheets\/#breadcrumb","itemListElement":[{"@type":"ListItem","position":1,"name":"\u0413\u043b\u0430\u0432\u043d\u0430\u044f \u0441\u0442\u0440\u0430\u043d\u0438\u0446\u0430","item":"https:\/\/vasexperts.com\/"},{"@type":"ListItem","position":2,"name":"Datasheets"}]},{"@type":"WebSite","@id":"https:\/\/vasexperts.com\/#website","url":"https:\/\/vasexperts.com\/","name":"ITGLOBAL.COM","description":"(English) VASExperts","inLanguage":"br-PT"}]}},"_links":{"self":[{"href":"https:\/\/vasexperts.com\/br\/wp-json\/wp\/v2\/pages\/11405"}],"collection":[{"href":"https:\/\/vasexperts.com\/br\/wp-json\/wp\/v2\/pages"}],"about":[{"href":"https:\/\/vasexperts.com\/br\/wp-json\/wp\/v2\/types\/page"}],"author":[{"embeddable":true,"href":"https:\/\/vasexperts.com\/br\/wp-json\/wp\/v2\/users\/24"}],"replies":[{"embeddable":true,"href":"https:\/\/vasexperts.com\/br\/wp-json\/wp\/v2\/comments?post=11405"}],"version-history":[{"count":1,"href":"https:\/\/vasexperts.com\/br\/wp-json\/wp\/v2\/pages\/11405\/revisions"}],"predecessor-version":[{"id":11408,"href":"https:\/\/vasexperts.com\/br\/wp-json\/wp\/v2\/pages\/11405\/revisions\/11408"}],"wp:attachment":[{"href":"https:\/\/vasexperts.com\/br\/wp-json\/wp\/v2\/media?parent=11405"}],"curies":[{"name":"wp","href":"https:\/\/api.w.org\/{rel}","templated":true}]}}