{"id":10980,"date":"2024-09-13T11:48:08","date_gmt":"2024-09-13T08:48:08","guid":{"rendered":"https:\/\/vasexperts.com\/?page_id=10980"},"modified":"2026-03-20T14:02:06","modified_gmt":"2026-03-20T11:02:06","slug":"pcef-policy-and-charging-enforcement-function","status":"publish","type":"page","link":"https:\/\/vasexperts.com\/br\/products\/pcef-policy-and-charging-enforcement-function\/","title":{"rendered":"PCEF"},"content":{"rendered":"","protected":false},"excerpt":{"rendered":"","protected":false},"author":24,"featured_media":0,"parent":288,"menu_order":0,"comment_status":"closed","ping_status":"closed","template":"","meta":{"footnotes":""},"class_list":["post-10980","page","type-page","status-publish","hentry"],"yoast_head":"<!-- This site is optimized with the Yoast SEO plugin v23.1 - https:\/\/yoast.com\/wordpress\/plugins\/seo\/ -->\n<title>(English) VASExperts<\/title>\n<meta name=\"robots\" content=\"index, follow, max-snippet:-1, max-image-preview:large, max-video-preview:-1\" \/>\n<script type=\"application\/ld+json\" class=\"yoast-schema-graph\">{\"@context\":\"https:\/\/schema.org\",\"@graph\":[{\"@type\":\"WebPage\",\"@id\":\"https:\/\/vasexperts.com\/products\/pcef-policy-and-charging-enforcement-function\/\",\"url\":\"https:\/\/vasexperts.com\/products\/pcef-policy-and-charging-enforcement-function\/\",\"name\":\"[:en]PCEF \u2014 policy and tariff management for telecom operators[:es]PCEF: gesti\u00f3n de pol\u00edticas y tarifas para operadores de telecomunicaciones[:fr]PCEF \u2014 gestion des politiques et des tarifs pour les op\u00e9rateurs de t\u00e9l\u00e9communications[:br]PCEF \u2014 gest\u00e3o de pol\u00edticas e tarifas para operadoras de telecomunica\u00e7\u00f5es\",\"isPartOf\":{\"@id\":\"https:\/\/vasexperts.com\/#website\"},\"datePublished\":\"2024-09-13T08:48:08+00:00\",\"dateModified\":\"2026-03-20T11:02:06+00:00\",\"description\":\"[:en]With PCEF from VAS Experts, you can enforce quality of service (QoS) policies and flexible billing based on various conditions in accordance with PCRF requirements[:es]Con PCEF de VAS Experts, puede aplicar pol\u00edticas de calidad de servicio (QoS) y facturaci\u00f3n flexible seg\u00fan diversas condiciones de acuerdo con los requisitos de PCRF[:fr]Avec le PCEF de VAS Experts, vous pouvez appliquer des politiques de qualit\u00e9 de service (QoS) et une facturation flexible en fonction de diverses conditions conform\u00e9ment aux exigences du PCRF[:br]Com o PCEF da VAS Experts, voc\u00ea pode impor pol\u00edticas de qualidade de servi\u00e7o (QoS) e faturamento flex\u00edvel com base em v\u00e1rias condi\u00e7\u00f5es, de acordo com os requisitos do PCRF\",\"breadcrumb\":{\"@id\":\"https:\/\/vasexperts.com\/products\/pcef-policy-and-charging-enforcement-function\/#breadcrumb\"},\"inLanguage\":\"br-PT\",\"potentialAction\":[{\"@type\":\"ReadAction\",\"target\":[\"https:\/\/vasexperts.com\/products\/pcef-policy-and-charging-enforcement-function\/\"]}]},{\"@type\":\"BreadcrumbList\",\"@id\":\"https:\/\/vasexperts.com\/products\/pcef-policy-and-charging-enforcement-function\/#breadcrumb\",\"itemListElement\":[{\"@type\":\"ListItem\",\"position\":1,\"name\":\"\u0413\u043b\u0430\u0432\u043d\u0430\u044f \u0441\u0442\u0440\u0430\u043d\u0438\u0446\u0430\",\"item\":\"https:\/\/vasexperts.com\/\"},{\"@type\":\"ListItem\",\"position\":2,\"name\":\"Products\",\"item\":\"https:\/\/vasexperts.com\/products\/\"},{\"@type\":\"ListItem\",\"position\":3,\"name\":\"PCEF\"}]},{\"@type\":\"WebSite\",\"@id\":\"https:\/\/vasexperts.com\/#website\",\"url\":\"https:\/\/vasexperts.com\/\",\"name\":\"ITGLOBAL.COM\",\"description\":\"(English) VASExperts\",\"inLanguage\":\"br-PT\"}]}<\/script>\n<!-- \/ Yoast SEO plugin. -->","yoast_head_json":{"title":"(English) VASExperts","robots":{"index":"index","follow":"follow","max-snippet":"max-snippet:-1","max-image-preview":"max-image-preview:large","max-video-preview":"max-video-preview:-1"},"schema":{"@context":"https:\/\/schema.org","@graph":[{"@type":"WebPage","@id":"https:\/\/vasexperts.com\/products\/pcef-policy-and-charging-enforcement-function\/","url":"https:\/\/vasexperts.com\/products\/pcef-policy-and-charging-enforcement-function\/","name":"[:en]PCEF \u2014 policy and tariff management for telecom operators[:es]PCEF: gesti\u00f3n de pol\u00edticas y tarifas para operadores de telecomunicaciones[:fr]PCEF \u2014 gestion des politiques et des tarifs pour les op\u00e9rateurs de t\u00e9l\u00e9communications[:br]PCEF \u2014 gest\u00e3o de pol\u00edticas e tarifas para operadoras de telecomunica\u00e7\u00f5es","isPartOf":{"@id":"https:\/\/vasexperts.com\/#website"},"datePublished":"2024-09-13T08:48:08+00:00","dateModified":"2026-03-20T11:02:06+00:00","description":"[:en]With PCEF from VAS Experts, you can enforce quality of service (QoS) policies and flexible billing based on various conditions in accordance with PCRF requirements[:es]Con PCEF de VAS Experts, puede aplicar pol\u00edticas de calidad de servicio (QoS) y facturaci\u00f3n flexible seg\u00fan diversas condiciones de acuerdo con los requisitos de PCRF[:fr]Avec le PCEF de VAS Experts, vous pouvez appliquer des politiques de qualit\u00e9 de service (QoS) et une facturation flexible en fonction de diverses conditions conform\u00e9ment aux exigences du PCRF[:br]Com o PCEF da VAS Experts, voc\u00ea pode impor pol\u00edticas de qualidade de servi\u00e7o (QoS) e faturamento flex\u00edvel com base em v\u00e1rias condi\u00e7\u00f5es, de acordo com os requisitos do PCRF","breadcrumb":{"@id":"https:\/\/vasexperts.com\/products\/pcef-policy-and-charging-enforcement-function\/#breadcrumb"},"inLanguage":"br-PT","potentialAction":[{"@type":"ReadAction","target":["https:\/\/vasexperts.com\/products\/pcef-policy-and-charging-enforcement-function\/"]}]},{"@type":"BreadcrumbList","@id":"https:\/\/vasexperts.com\/products\/pcef-policy-and-charging-enforcement-function\/#breadcrumb","itemListElement":[{"@type":"ListItem","position":1,"name":"\u0413\u043b\u0430\u0432\u043d\u0430\u044f \u0441\u0442\u0440\u0430\u043d\u0438\u0446\u0430","item":"https:\/\/vasexperts.com\/"},{"@type":"ListItem","position":2,"name":"Products","item":"https:\/\/vasexperts.com\/products\/"},{"@type":"ListItem","position":3,"name":"PCEF"}]},{"@type":"WebSite","@id":"https:\/\/vasexperts.com\/#website","url":"https:\/\/vasexperts.com\/","name":"ITGLOBAL.COM","description":"(English) VASExperts","inLanguage":"br-PT"}]}},"_links":{"self":[{"href":"https:\/\/vasexperts.com\/br\/wp-json\/wp\/v2\/pages\/10980"}],"collection":[{"href":"https:\/\/vasexperts.com\/br\/wp-json\/wp\/v2\/pages"}],"about":[{"href":"https:\/\/vasexperts.com\/br\/wp-json\/wp\/v2\/types\/page"}],"author":[{"embeddable":true,"href":"https:\/\/vasexperts.com\/br\/wp-json\/wp\/v2\/users\/24"}],"replies":[{"embeddable":true,"href":"https:\/\/vasexperts.com\/br\/wp-json\/wp\/v2\/comments?post=10980"}],"version-history":[{"count":10,"href":"https:\/\/vasexperts.com\/br\/wp-json\/wp\/v2\/pages\/10980\/revisions"}],"predecessor-version":[{"id":14094,"href":"https:\/\/vasexperts.com\/br\/wp-json\/wp\/v2\/pages\/10980\/revisions\/14094"}],"up":[{"embeddable":true,"href":"https:\/\/vasexperts.com\/br\/wp-json\/wp\/v2\/pages\/288"}],"wp:attachment":[{"href":"https:\/\/vasexperts.com\/br\/wp-json\/wp\/v2\/media?parent=10980"}],"curies":[{"name":"wp","href":"https:\/\/api.w.org\/{rel}","templated":true}]}}