{"id":108,"date":"2020-07-02T14:12:01","date_gmt":"2020-07-02T11:12:01","guid":{"rendered":"https:\/\/vasexperts-ru.hst11.itglobal.com\/?page_id=108"},"modified":"2025-08-22T11:12:05","modified_gmt":"2025-08-22T08:12:05","slug":"qoe-analytics","status":"publish","type":"page","link":"https:\/\/vasexperts.com\/br\/products\/qoe-analytics\/","title":{"rendered":"An\u00e1lise de QoE"},"content":{"rendered":"","protected":false},"excerpt":{"rendered":"","protected":false},"author":1,"featured_media":0,"parent":288,"menu_order":0,"comment_status":"closed","ping_status":"closed","template":"","meta":{"footnotes":""},"class_list":["post-108","page","type-page","status-publish","hentry"],"yoast_head":"<!-- This site is optimized with the Yoast SEO plugin v23.1 - https:\/\/yoast.com\/wordpress\/plugins\/seo\/ -->\n<title>(English) VASExperts<\/title>\n<meta name=\"robots\" content=\"index, follow, max-snippet:-1, max-image-preview:large, max-video-preview:-1\" \/>\n<script type=\"application\/ld+json\" class=\"yoast-schema-graph\">{\"@context\":\"https:\/\/schema.org\",\"@graph\":[{\"@type\":\"WebPage\",\"@id\":\"https:\/\/vasexperts.com\/products\/qoe-analytics\/\",\"url\":\"https:\/\/vasexperts.com\/products\/qoe-analytics\/\",\"name\":\"[:en]Quality of Experience (QoE): analytics function for telecom providers[:es]Quality of Experience (QoE): funci\u00f3n de an\u00e1lisis para proveedores de telecomunicaciones[:fr]Qualit\u00e9 de l'exp\u00e9rience (QoE) : fonction d'analyse pour les fournisseurs de services de t\u00e9l\u00e9communications.[:br]Qualidade da experi\u00eancia (QoE): fun\u00e7\u00e3o de an\u00e1lise para provedores de telecomunica\u00e7\u00f5es\",\"isPartOf\":{\"@id\":\"https:\/\/vasexperts.com\/#website\"},\"datePublished\":\"2020-07-02T11:12:01+00:00\",\"dateModified\":\"2025-08-22T08:12:05+00:00\",\"description\":\"[:en]Quality of Experience (QoE) is a software product responsible for gathering statistics and viewing subscribers\u2019 perception of services. DPI-based QoE metrics help to increase customer loyalty, monitor the network and increase ARPU from each subscriber.[:es]Quality of Experience (QoE) es un producto de software responsable de recopilar estad\u00edsticas y ver la percepci\u00f3n de los suscriptores sobre los servicios. Las m\u00e9tricas de QoE basadas en DPI ayudan a aumentar la lealtad del cliente, monitorear la red y aumentar el ARPU de cada suscriptor.[:fr]La qualit\u00e9 d'exp\u00e9rience (QoE) est un logiciel charg\u00e9 de recueillir des statistiques et de visualiser la perception des services par les abonn\u00e9s. Les mesures de la QoE bas\u00e9es sur le DPI permettent de fid\u00e9liser les clients, de surveiller le r\u00e9seau et d'augmenter l'ARPU de chaque abonn\u00e9.[:br]O Quality of Experience (QoE) \u00e9 um produto de software respons\u00e1vel pela coleta de estat\u00edsticas e pela visualiza\u00e7\u00e3o da percep\u00e7\u00e3o dos servi\u00e7os pelos assinantes. As m\u00e9tricas de QoE baseadas em DPI ajudam a aumentar a fidelidade do cliente, monitorar a rede e aumentar o ARPU de cada assinante.\",\"breadcrumb\":{\"@id\":\"https:\/\/vasexperts.com\/products\/qoe-analytics\/#breadcrumb\"},\"inLanguage\":\"br-PT\",\"potentialAction\":[{\"@type\":\"ReadAction\",\"target\":[\"https:\/\/vasexperts.com\/products\/qoe-analytics\/\"]}]},{\"@type\":\"BreadcrumbList\",\"@id\":\"https:\/\/vasexperts.com\/products\/qoe-analytics\/#breadcrumb\",\"itemListElement\":[{\"@type\":\"ListItem\",\"position\":1,\"name\":\"\u0413\u043b\u0430\u0432\u043d\u0430\u044f \u0441\u0442\u0440\u0430\u043d\u0438\u0446\u0430\",\"item\":\"https:\/\/vasexperts.com\/\"},{\"@type\":\"ListItem\",\"position\":2,\"name\":\"Products\",\"item\":\"https:\/\/vasexperts.com\/products\/\"},{\"@type\":\"ListItem\",\"position\":3,\"name\":\"QoE Analytics\"}]},{\"@type\":\"WebSite\",\"@id\":\"https:\/\/vasexperts.com\/#website\",\"url\":\"https:\/\/vasexperts.com\/\",\"name\":\"ITGLOBAL.COM\",\"description\":\"(English) VASExperts\",\"inLanguage\":\"br-PT\"}]}<\/script>\n<!-- \/ Yoast SEO plugin. -->","yoast_head_json":{"title":"(English) VASExperts","robots":{"index":"index","follow":"follow","max-snippet":"max-snippet:-1","max-image-preview":"max-image-preview:large","max-video-preview":"max-video-preview:-1"},"schema":{"@context":"https:\/\/schema.org","@graph":[{"@type":"WebPage","@id":"https:\/\/vasexperts.com\/products\/qoe-analytics\/","url":"https:\/\/vasexperts.com\/products\/qoe-analytics\/","name":"[:en]Quality of Experience (QoE): analytics function for telecom providers[:es]Quality of Experience (QoE): funci\u00f3n de an\u00e1lisis para proveedores de telecomunicaciones[:fr]Qualit\u00e9 de l'exp\u00e9rience (QoE) : fonction d'analyse pour les fournisseurs de services de t\u00e9l\u00e9communications.[:br]Qualidade da experi\u00eancia (QoE): fun\u00e7\u00e3o de an\u00e1lise para provedores de telecomunica\u00e7\u00f5es","isPartOf":{"@id":"https:\/\/vasexperts.com\/#website"},"datePublished":"2020-07-02T11:12:01+00:00","dateModified":"2025-08-22T08:12:05+00:00","description":"[:en]Quality of Experience (QoE) is a software product responsible for gathering statistics and viewing subscribers\u2019 perception of services. DPI-based QoE metrics help to increase customer loyalty, monitor the network and increase ARPU from each subscriber.[:es]Quality of Experience (QoE) es un producto de software responsable de recopilar estad\u00edsticas y ver la percepci\u00f3n de los suscriptores sobre los servicios. Las m\u00e9tricas de QoE basadas en DPI ayudan a aumentar la lealtad del cliente, monitorear la red y aumentar el ARPU de cada suscriptor.[:fr]La qualit\u00e9 d'exp\u00e9rience (QoE) est un logiciel charg\u00e9 de recueillir des statistiques et de visualiser la perception des services par les abonn\u00e9s. Les mesures de la QoE bas\u00e9es sur le DPI permettent de fid\u00e9liser les clients, de surveiller le r\u00e9seau et d'augmenter l'ARPU de chaque abonn\u00e9.[:br]O Quality of Experience (QoE) \u00e9 um produto de software respons\u00e1vel pela coleta de estat\u00edsticas e pela visualiza\u00e7\u00e3o da percep\u00e7\u00e3o dos servi\u00e7os pelos assinantes. As m\u00e9tricas de QoE baseadas em DPI ajudam a aumentar a fidelidade do cliente, monitorar a rede e aumentar o ARPU de cada assinante.","breadcrumb":{"@id":"https:\/\/vasexperts.com\/products\/qoe-analytics\/#breadcrumb"},"inLanguage":"br-PT","potentialAction":[{"@type":"ReadAction","target":["https:\/\/vasexperts.com\/products\/qoe-analytics\/"]}]},{"@type":"BreadcrumbList","@id":"https:\/\/vasexperts.com\/products\/qoe-analytics\/#breadcrumb","itemListElement":[{"@type":"ListItem","position":1,"name":"\u0413\u043b\u0430\u0432\u043d\u0430\u044f \u0441\u0442\u0440\u0430\u043d\u0438\u0446\u0430","item":"https:\/\/vasexperts.com\/"},{"@type":"ListItem","position":2,"name":"Products","item":"https:\/\/vasexperts.com\/products\/"},{"@type":"ListItem","position":3,"name":"QoE Analytics"}]},{"@type":"WebSite","@id":"https:\/\/vasexperts.com\/#website","url":"https:\/\/vasexperts.com\/","name":"ITGLOBAL.COM","description":"(English) VASExperts","inLanguage":"br-PT"}]}},"_links":{"self":[{"href":"https:\/\/vasexperts.com\/br\/wp-json\/wp\/v2\/pages\/108"}],"collection":[{"href":"https:\/\/vasexperts.com\/br\/wp-json\/wp\/v2\/pages"}],"about":[{"href":"https:\/\/vasexperts.com\/br\/wp-json\/wp\/v2\/types\/page"}],"author":[{"embeddable":true,"href":"https:\/\/vasexperts.com\/br\/wp-json\/wp\/v2\/users\/1"}],"replies":[{"embeddable":true,"href":"https:\/\/vasexperts.com\/br\/wp-json\/wp\/v2\/comments?post=108"}],"version-history":[{"count":10,"href":"https:\/\/vasexperts.com\/br\/wp-json\/wp\/v2\/pages\/108\/revisions"}],"predecessor-version":[{"id":13123,"href":"https:\/\/vasexperts.com\/br\/wp-json\/wp\/v2\/pages\/108\/revisions\/13123"}],"up":[{"embeddable":true,"href":"https:\/\/vasexperts.com\/br\/wp-json\/wp\/v2\/pages\/288"}],"wp:attachment":[{"href":"https:\/\/vasexperts.com\/br\/wp-json\/wp\/v2\/media?parent=108"}],"curies":[{"name":"wp","href":"https:\/\/api.w.org\/{rel}","templated":true}]}}